{"id":44634,"date":"2026-04-18T14:49:03","date_gmt":"2026-04-18T12:49:03","guid":{"rendered":"https:\/\/domaine-du-paradis.ch\/?post_type=product&#038;p=44634"},"modified":"2026-04-18T14:51:48","modified_gmt":"2026-04-18T12:51:48","slug":"one-last-dance-ciao-carouge","status":"publish","type":"product","link":"https:\/\/domaine-du-paradis.ch\/en\/product\/one-last-dance-ciao-carouge\/","title":{"rendered":"One Last Dance &#8211; Ciao Carouge !"},"content":{"rendered":"<p>On tire la prise de notre boutique Carougeoise, parce que toutes les belles aventures ont une fin ! Tu peux nous sortir ta meilleure dissertation, tu sais qu&#8217;on a raison. On veut f\u00eater la n\u00f4tre en couleurs, et pour \u00e7a on t&#8217;attend le jeudi 21 mai \u00e0 partir de 17h !<\/p>\n<p>Si tu veux comprendre et en savoir plus, et que tu n&#8217;as pas encore tout compris, <strong><a href=\"https:\/\/domaine-du-paradis.ch\/essaye-et-pas-toujours-pu-ciao-carouge\/\" target=\"_blank\" rel=\"noopener\">c&#8217;est qu&#8217;il te faut aller lire notre blog ici<\/a><\/strong><\/p>\n","protected":false},"excerpt":{"rendered":"<p>On tire la prise de notre boutique Carougeoise, parce que toutes les belles aventures ont une fin ! Tu peux nous sortir ta meilleure dissertation, tu sais qu&#8217;on a raison. On veut f\u00eater la n\u00f4tre en couleurs, et pour \u00e7a on t&#8217;attend le jeudi 21 mai \u00e0 partir de 17h ! Si tu veux comprendre [&hellip;]<\/p>\n","protected":false},"featured_media":44628,"template":"","meta":{"_acf_changed":false},"product_brand":[],"product_cat":[67],"product_tag":[],"class_list":{"0":"post-44634","1":"product","2":"type-product","3":"status-publish","4":"has-post-thumbnail","6":"product_cat-evenement","8":"first","9":"instock","10":"virtual","11":"taxable","12":"product-type-simple"},"acf":[],"yoast_head":"<!-- This site is optimized with the Yoast SEO Premium plugin v27.3 (Yoast SEO v27.3) - https:\/\/yoast.com\/product\/yoast-seo-premium-wordpress\/ -->\n<title>One Last Dance - Ciao Carouge ! - Domaine du Paradis<\/title>\n<meta name=\"robots\" content=\"index, follow, max-snippet:-1, max-image-preview:large, max-video-preview:-1\" \/>\n<link rel=\"canonical\" href=\"https:\/\/domaine-du-paradis.ch\/en\/product\/one-last-dance-ciao-carouge\/\" \/>\n<meta property=\"og:locale\" content=\"en_US\" \/>\n<meta property=\"og:type\" content=\"article\" \/>\n<meta property=\"og:title\" content=\"One Last Dance - Ciao Carouge !\" \/>\n<meta property=\"og:description\" content=\"On tire la prise de notre boutique Carougeoise, parce que toutes les belles aventures ont une fin ! Tu peux nous sortir ta meilleure dissertation, tu sais qu&#8217;on a raison. On veut f\u00eater la n\u00f4tre en couleurs, et pour \u00e7a on t&#8217;attend le jeudi 21 mai \u00e0 partir de 17h ! Si tu veux comprendre [&hellip;]\" \/>\n<meta property=\"og:url\" content=\"https:\/\/domaine-du-paradis.ch\/en\/product\/one-last-dance-ciao-carouge\/\" \/>\n<meta property=\"og:site_name\" content=\"Domaine du Paradis\" \/>\n<meta property=\"article:modified_time\" content=\"2026-04-18T12:51:48+00:00\" \/>\n<meta property=\"og:image\" content=\"https:\/\/domaine-du-paradis.ch\/wp-content\/uploads\/2026\/04\/CAROUGE_One-Last-Dance.jpg\" \/>\n\t<meta property=\"og:image:width\" content=\"1667\" \/>\n\t<meta property=\"og:image:height\" content=\"1250\" \/>\n\t<meta property=\"og:image:type\" content=\"image\/jpeg\" \/>\n<meta name=\"twitter:card\" content=\"summary_large_image\" \/>\n<meta name=\"twitter:label1\" content=\"Est. reading time\" \/>\n\t<meta name=\"twitter:data1\" content=\"1 minute\" \/>\n<script type=\"application\/ld+json\" class=\"yoast-schema-graph\">{\"@context\":\"https:\\\/\\\/schema.org\",\"@graph\":[{\"@type\":\"WebPage\",\"@id\":\"https:\\\/\\\/domaine-du-paradis.ch\\\/en\\\/product\\\/one-last-dance-ciao-carouge\\\/\",\"url\":\"https:\\\/\\\/domaine-du-paradis.ch\\\/en\\\/product\\\/one-last-dance-ciao-carouge\\\/\",\"name\":\"One Last Dance - Ciao Carouge ! - Domaine du Paradis\",\"isPartOf\":{\"@id\":\"https:\\\/\\\/domaine-du-paradis.ch\\\/en\\\/#website\"},\"primaryImageOfPage\":{\"@id\":\"https:\\\/\\\/domaine-du-paradis.ch\\\/en\\\/product\\\/one-last-dance-ciao-carouge\\\/#primaryimage\"},\"image\":{\"@id\":\"https:\\\/\\\/domaine-du-paradis.ch\\\/en\\\/product\\\/one-last-dance-ciao-carouge\\\/#primaryimage\"},\"thumbnailUrl\":\"https:\\\/\\\/domaine-du-paradis.ch\\\/wp-content\\\/uploads\\\/2026\\\/04\\\/CAROUGE_One-Last-Dance.jpg\",\"datePublished\":\"2026-04-18T12:49:03+00:00\",\"dateModified\":\"2026-04-18T12:51:48+00:00\",\"breadcrumb\":{\"@id\":\"https:\\\/\\\/domaine-du-paradis.ch\\\/en\\\/product\\\/one-last-dance-ciao-carouge\\\/#breadcrumb\"},\"inLanguage\":\"en-US\",\"potentialAction\":[{\"@type\":\"ReadAction\",\"target\":[\"https:\\\/\\\/domaine-du-paradis.ch\\\/en\\\/product\\\/one-last-dance-ciao-carouge\\\/\"]}]},{\"@type\":\"ImageObject\",\"inLanguage\":\"en-US\",\"@id\":\"https:\\\/\\\/domaine-du-paradis.ch\\\/en\\\/product\\\/one-last-dance-ciao-carouge\\\/#primaryimage\",\"url\":\"https:\\\/\\\/domaine-du-paradis.ch\\\/wp-content\\\/uploads\\\/2026\\\/04\\\/CAROUGE_One-Last-Dance.jpg\",\"contentUrl\":\"https:\\\/\\\/domaine-du-paradis.ch\\\/wp-content\\\/uploads\\\/2026\\\/04\\\/CAROUGE_One-Last-Dance.jpg\",\"width\":1667,\"height\":1250,\"caption\":\"Boutique Domaine du Paradis Carouge\"},{\"@type\":\"BreadcrumbList\",\"@id\":\"https:\\\/\\\/domaine-du-paradis.ch\\\/en\\\/product\\\/one-last-dance-ciao-carouge\\\/#breadcrumb\",\"itemListElement\":[{\"@type\":\"ListItem\",\"position\":1,\"name\":\"Home\",\"item\":\"https:\\\/\\\/domaine-du-paradis.ch\\\/en\\\/\"},{\"@type\":\"ListItem\",\"position\":2,\"name\":\"Discover our wines\",\"item\":\"https:\\\/\\\/domaine-du-paradis.ch\\\/en\\\/shop\\\/\"},{\"@type\":\"ListItem\",\"position\":3,\"name\":\"One Last Dance &#8211; Ciao Carouge !\"}]},{\"@type\":\"WebSite\",\"@id\":\"https:\\\/\\\/domaine-du-paradis.ch\\\/en\\\/#website\",\"url\":\"https:\\\/\\\/domaine-du-paradis.ch\\\/en\\\/\",\"name\":\"Domaine du Paradis\",\"description\":\"Faire vivre de belles histoires\",\"publisher\":{\"@id\":\"https:\\\/\\\/domaine-du-paradis.ch\\\/en\\\/#organization\"},\"alternateName\":\"Vins Suisses - Famille Burgdorfer\",\"potentialAction\":[{\"@type\":\"SearchAction\",\"target\":{\"@type\":\"EntryPoint\",\"urlTemplate\":\"https:\\\/\\\/domaine-du-paradis.ch\\\/en\\\/?s={search_term_string}\"},\"query-input\":{\"@type\":\"PropertyValueSpecification\",\"valueRequired\":true,\"valueName\":\"search_term_string\"}}],\"inLanguage\":\"en-US\"},{\"@type\":\"Organization\",\"@id\":\"https:\\\/\\\/domaine-du-paradis.ch\\\/en\\\/#organization\",\"name\":\"Domaine du Paradis\",\"url\":\"https:\\\/\\\/domaine-du-paradis.ch\\\/en\\\/\",\"logo\":{\"@type\":\"ImageObject\",\"inLanguage\":\"en-US\",\"@id\":\"https:\\\/\\\/domaine-du-paradis.ch\\\/en\\\/#\\\/schema\\\/logo\\\/image\\\/\",\"url\":\"https:\\\/\\\/domaine-du-paradis.ch\\\/wp-content\\\/uploads\\\/2022\\\/08\\\/logo-domaine-du-paradis-blanc.svg\",\"contentUrl\":\"https:\\\/\\\/domaine-du-paradis.ch\\\/wp-content\\\/uploads\\\/2022\\\/08\\\/logo-domaine-du-paradis-blanc.svg\",\"caption\":\"Domaine du Paradis\"},\"image\":{\"@id\":\"https:\\\/\\\/domaine-du-paradis.ch\\\/en\\\/#\\\/schema\\\/logo\\\/image\\\/\"}}]}<\/script>\n<!-- \/ Yoast SEO Premium plugin. -->","yoast_head_json":{"title":"One Last Dance - Ciao Carouge ! - Domaine du Paradis","robots":{"index":"index","follow":"follow","max-snippet":"max-snippet:-1","max-image-preview":"max-image-preview:large","max-video-preview":"max-video-preview:-1"},"canonical":"https:\/\/domaine-du-paradis.ch\/en\/product\/one-last-dance-ciao-carouge\/","og_locale":"en_US","og_type":"article","og_title":"One Last Dance - Ciao Carouge !","og_description":"On tire la prise de notre boutique Carougeoise, parce que toutes les belles aventures ont une fin ! Tu peux nous sortir ta meilleure dissertation, tu sais qu&#8217;on a raison. On veut f\u00eater la n\u00f4tre en couleurs, et pour \u00e7a on t&#8217;attend le jeudi 21 mai \u00e0 partir de 17h ! Si tu veux comprendre [&hellip;]","og_url":"https:\/\/domaine-du-paradis.ch\/en\/product\/one-last-dance-ciao-carouge\/","og_site_name":"Domaine du Paradis","article_modified_time":"2026-04-18T12:51:48+00:00","og_image":[{"width":1667,"height":1250,"url":"https:\/\/domaine-du-paradis.ch\/wp-content\/uploads\/2026\/04\/CAROUGE_One-Last-Dance.jpg","type":"image\/jpeg"}],"twitter_card":"summary_large_image","twitter_misc":{"Est. reading time":"1 minute"},"schema":{"@context":"https:\/\/schema.org","@graph":[{"@type":"WebPage","@id":"https:\/\/domaine-du-paradis.ch\/en\/product\/one-last-dance-ciao-carouge\/","url":"https:\/\/domaine-du-paradis.ch\/en\/product\/one-last-dance-ciao-carouge\/","name":"One Last Dance - Ciao Carouge ! - Domaine du Paradis","isPartOf":{"@id":"https:\/\/domaine-du-paradis.ch\/en\/#website"},"primaryImageOfPage":{"@id":"https:\/\/domaine-du-paradis.ch\/en\/product\/one-last-dance-ciao-carouge\/#primaryimage"},"image":{"@id":"https:\/\/domaine-du-paradis.ch\/en\/product\/one-last-dance-ciao-carouge\/#primaryimage"},"thumbnailUrl":"https:\/\/domaine-du-paradis.ch\/wp-content\/uploads\/2026\/04\/CAROUGE_One-Last-Dance.jpg","datePublished":"2026-04-18T12:49:03+00:00","dateModified":"2026-04-18T12:51:48+00:00","breadcrumb":{"@id":"https:\/\/domaine-du-paradis.ch\/en\/product\/one-last-dance-ciao-carouge\/#breadcrumb"},"inLanguage":"en-US","potentialAction":[{"@type":"ReadAction","target":["https:\/\/domaine-du-paradis.ch\/en\/product\/one-last-dance-ciao-carouge\/"]}]},{"@type":"ImageObject","inLanguage":"en-US","@id":"https:\/\/domaine-du-paradis.ch\/en\/product\/one-last-dance-ciao-carouge\/#primaryimage","url":"https:\/\/domaine-du-paradis.ch\/wp-content\/uploads\/2026\/04\/CAROUGE_One-Last-Dance.jpg","contentUrl":"https:\/\/domaine-du-paradis.ch\/wp-content\/uploads\/2026\/04\/CAROUGE_One-Last-Dance.jpg","width":1667,"height":1250,"caption":"Boutique Domaine du Paradis Carouge"},{"@type":"BreadcrumbList","@id":"https:\/\/domaine-du-paradis.ch\/en\/product\/one-last-dance-ciao-carouge\/#breadcrumb","itemListElement":[{"@type":"ListItem","position":1,"name":"Home","item":"https:\/\/domaine-du-paradis.ch\/en\/"},{"@type":"ListItem","position":2,"name":"Discover our wines","item":"https:\/\/domaine-du-paradis.ch\/en\/shop\/"},{"@type":"ListItem","position":3,"name":"One Last Dance &#8211; Ciao Carouge !"}]},{"@type":"WebSite","@id":"https:\/\/domaine-du-paradis.ch\/en\/#website","url":"https:\/\/domaine-du-paradis.ch\/en\/","name":"Domaine du Paradis","description":"Faire vivre de belles histoires","publisher":{"@id":"https:\/\/domaine-du-paradis.ch\/en\/#organization"},"alternateName":"Vins Suisses - Famille Burgdorfer","potentialAction":[{"@type":"SearchAction","target":{"@type":"EntryPoint","urlTemplate":"https:\/\/domaine-du-paradis.ch\/en\/?s={search_term_string}"},"query-input":{"@type":"PropertyValueSpecification","valueRequired":true,"valueName":"search_term_string"}}],"inLanguage":"en-US"},{"@type":"Organization","@id":"https:\/\/domaine-du-paradis.ch\/en\/#organization","name":"Domaine du Paradis","url":"https:\/\/domaine-du-paradis.ch\/en\/","logo":{"@type":"ImageObject","inLanguage":"en-US","@id":"https:\/\/domaine-du-paradis.ch\/en\/#\/schema\/logo\/image\/","url":"https:\/\/domaine-du-paradis.ch\/wp-content\/uploads\/2022\/08\/logo-domaine-du-paradis-blanc.svg","contentUrl":"https:\/\/domaine-du-paradis.ch\/wp-content\/uploads\/2022\/08\/logo-domaine-du-paradis-blanc.svg","caption":"Domaine du Paradis"},"image":{"@id":"https:\/\/domaine-du-paradis.ch\/en\/#\/schema\/logo\/image\/"}}]}},"_links":{"self":[{"href":"https:\/\/domaine-du-paradis.ch\/en\/wp-json\/wp\/v2\/product\/44634","targetHints":{"allow":["GET"]}}],"collection":[{"href":"https:\/\/domaine-du-paradis.ch\/en\/wp-json\/wp\/v2\/product"}],"about":[{"href":"https:\/\/domaine-du-paradis.ch\/en\/wp-json\/wp\/v2\/types\/product"}],"wp:featuredmedia":[{"embeddable":true,"href":"https:\/\/domaine-du-paradis.ch\/en\/wp-json\/wp\/v2\/media\/44628"}],"wp:attachment":[{"href":"https:\/\/domaine-du-paradis.ch\/en\/wp-json\/wp\/v2\/media?parent=44634"}],"wp:term":[{"taxonomy":"product_brand","embeddable":true,"href":"https:\/\/domaine-du-paradis.ch\/en\/wp-json\/wp\/v2\/product_brand?post=44634"},{"taxonomy":"product_cat","embeddable":true,"href":"https:\/\/domaine-du-paradis.ch\/en\/wp-json\/wp\/v2\/product_cat?post=44634"},{"taxonomy":"product_tag","embeddable":true,"href":"https:\/\/domaine-du-paradis.ch\/en\/wp-json\/wp\/v2\/product_tag?post=44634"}],"curies":[{"name":"wp","href":"https:\/\/api.w.org\/{rel}","templated":true}]}}