{"id":44293,"date":"2025-05-12T15:45:31","date_gmt":"2025-05-12T13:45:31","guid":{"rendered":"https:\/\/domaine-du-paradis.ch\/?post_type=product&#038;p=44293"},"modified":"2025-06-11T09:30:36","modified_gmt":"2025-06-11T07:30:36","slug":"vinathon-2025","status":"publish","type":"product","link":"https:\/\/domaine-du-paradis.ch\/en\/product\/vinathon-2025\/","title":{"rendered":"Vinathon 2025"},"content":{"rendered":"<p dir=\"ltr\"><span style=\"text-decoration: underline;\"><strong>INFORMATIONS<\/strong><\/span><\/p>\n<p dir=\"ltr\"><strong>Horaire\u00a0:<\/strong>\u00a0Samedi 14 juin 2025 \u2013 D\u00e9part libre entre 10h30 et 14h30. Derni\u00e8re arriv\u00e9e pour les prix souvenirs \u00e0 19h.<\/p>\n<p dir=\"ltr\"><strong>Lieu de d\u00e9part et d\u2019arriv\u00e9e<\/strong>\u00a0<strong>:<\/strong>\u00a0DOMAINE DU PARADIS, route du Mandement 275, 1242 Satigny.\u00a0Ouvert jusqu&#8217;au soir avec musique, grillades, raclettes, p\u00e2tisseries, vins et boissons; que du bon!<\/p>\n<p dir=\"ltr\"><strong>Caves :\u00a0<\/strong>Trois vins \u00e0 d\u00e9guster dans chaque cave avec un petit encas concoct\u00e9 avec amour. Jus et sirops pour les enfants.<\/p>\n<p><strong>Concert:\u00a0<\/strong>D\u00e8s 17h, vos oreilles seront ravies par l&#8217;\u00e9coute du concert de Morphelancolie. S&#8217;il vous reste de l&#8217;\u00e9nergie (ce dont on ne doute pas une seconde), vous pourrez m\u00eame danser!<\/p>\n<p dir=\"ltr\"><strong>Tarifs<\/strong>\u00a0<strong>:<\/strong>\u00a0Adulte CHF 40.- \/ Enfant de 6 \u00e0 16 ans CHF 15.-. Le prix d&#8217;inscription inclut un verre \u00e0 pied aux couleurs du Vinathon et une bouteille de vin souvenir pour les adultes, ainsi qu&#8217;un cadeau pour les enfants.<\/p>\n<p dir=\"ltr\">Ouverture de la billetterie en ligne le lundi 19 mai 2025 \u00e0 9h (revenez sur le site pour le lien). Pas de vente le jour m\u00eame sur place.<\/p>\n<p dir=\"ltr\"><strong>Contact :<\/strong>\u00a0<a class=\"spamspan\" href=\"mailto:vinathon@gym-mandement.ch\">vinathon@gym-mandement.ch<\/a><\/p>\n","protected":false},"excerpt":{"rendered":"<p>INFORMATIONS Horaire\u00a0:\u00a0Samedi 14 juin 2025 \u2013 D\u00e9part libre entre 10h30 et 14h30. Derni\u00e8re arriv\u00e9e pour les prix souvenirs \u00e0 19h. Lieu de d\u00e9part et d\u2019arriv\u00e9e\u00a0:\u00a0DOMAINE DU PARADIS, route du Mandement 275, 1242 Satigny.\u00a0Ouvert jusqu&#8217;au soir avec musique, grillades, raclettes, p\u00e2tisseries, vins et boissons; que du bon! Caves :\u00a0Trois vins \u00e0 d\u00e9guster dans chaque cave avec [&hellip;]<\/p>\n","protected":false},"featured_media":37106,"template":"","meta":{"_acf_changed":false},"product_brand":[],"product_cat":[67],"product_tag":[],"class_list":{"0":"post-44293","1":"product","2":"type-product","3":"status-publish","4":"has-post-thumbnail","6":"product_cat-evenement","8":"first","9":"outofstock","10":"virtual","11":"taxable","12":"product-type-simple"},"acf":[],"yoast_head":"<!-- This site is optimized with the Yoast SEO Premium plugin v27.3 (Yoast SEO v27.3) - https:\/\/yoast.com\/product\/yoast-seo-premium-wordpress\/ -->\n<title>Vinathon 2025 - Domaine du Paradis<\/title>\n<meta name=\"robots\" content=\"index, follow, max-snippet:-1, max-image-preview:large, max-video-preview:-1\" \/>\n<link rel=\"canonical\" href=\"https:\/\/domaine-du-paradis.ch\/en\/product\/vinathon-2025\/\" \/>\n<meta property=\"og:locale\" content=\"en_US\" \/>\n<meta property=\"og:type\" content=\"article\" \/>\n<meta property=\"og:title\" content=\"Vinathon 2025\" \/>\n<meta property=\"og:description\" content=\"INFORMATIONS Horaire\u00a0:\u00a0Samedi 14 juin 2025 \u2013 D\u00e9part libre entre 10h30 et 14h30. Derni\u00e8re arriv\u00e9e pour les prix souvenirs \u00e0 19h. Lieu de d\u00e9part et d\u2019arriv\u00e9e\u00a0:\u00a0DOMAINE DU PARADIS, route du Mandement 275, 1242 Satigny.\u00a0Ouvert jusqu&#8217;au soir avec musique, grillades, raclettes, p\u00e2tisseries, vins et boissons; que du bon! Caves :\u00a0Trois vins \u00e0 d\u00e9guster dans chaque cave avec [&hellip;]\" \/>\n<meta property=\"og:url\" content=\"https:\/\/domaine-du-paradis.ch\/en\/product\/vinathon-2025\/\" \/>\n<meta property=\"og:site_name\" content=\"Domaine du Paradis\" \/>\n<meta property=\"article:modified_time\" content=\"2025-06-11T07:30:36+00:00\" \/>\n<meta property=\"og:image\" content=\"https:\/\/domaine-du-paradis.ch\/wp-content\/uploads\/2022\/05\/Cavesouvertes-0038.jpg\" \/>\n\t<meta property=\"og:image:width\" content=\"2200\" \/>\n\t<meta property=\"og:image:height\" content=\"1649\" \/>\n\t<meta property=\"og:image:type\" content=\"image\/jpeg\" \/>\n<meta name=\"twitter:card\" content=\"summary_large_image\" \/>\n<meta name=\"twitter:label1\" content=\"Est. reading time\" \/>\n\t<meta name=\"twitter:data1\" content=\"2 minutes\" \/>\n<script type=\"application\/ld+json\" class=\"yoast-schema-graph\">{\"@context\":\"https:\\\/\\\/schema.org\",\"@graph\":[{\"@type\":\"WebPage\",\"@id\":\"https:\\\/\\\/domaine-du-paradis.ch\\\/en\\\/product\\\/vinathon-2025\\\/\",\"url\":\"https:\\\/\\\/domaine-du-paradis.ch\\\/en\\\/product\\\/vinathon-2025\\\/\",\"name\":\"Vinathon 2025 - Domaine du Paradis\",\"isPartOf\":{\"@id\":\"https:\\\/\\\/domaine-du-paradis.ch\\\/en\\\/#website\"},\"primaryImageOfPage\":{\"@id\":\"https:\\\/\\\/domaine-du-paradis.ch\\\/en\\\/product\\\/vinathon-2025\\\/#primaryimage\"},\"image\":{\"@id\":\"https:\\\/\\\/domaine-du-paradis.ch\\\/en\\\/product\\\/vinathon-2025\\\/#primaryimage\"},\"thumbnailUrl\":\"https:\\\/\\\/domaine-du-paradis.ch\\\/wp-content\\\/uploads\\\/2022\\\/05\\\/Cavesouvertes-0038.jpg\",\"datePublished\":\"2025-05-12T13:45:31+00:00\",\"dateModified\":\"2025-06-11T07:30:36+00:00\",\"breadcrumb\":{\"@id\":\"https:\\\/\\\/domaine-du-paradis.ch\\\/en\\\/product\\\/vinathon-2025\\\/#breadcrumb\"},\"inLanguage\":\"en-US\",\"potentialAction\":[{\"@type\":\"ReadAction\",\"target\":[\"https:\\\/\\\/domaine-du-paradis.ch\\\/en\\\/product\\\/vinathon-2025\\\/\"]}]},{\"@type\":\"ImageObject\",\"inLanguage\":\"en-US\",\"@id\":\"https:\\\/\\\/domaine-du-paradis.ch\\\/en\\\/product\\\/vinathon-2025\\\/#primaryimage\",\"url\":\"https:\\\/\\\/domaine-du-paradis.ch\\\/wp-content\\\/uploads\\\/2022\\\/05\\\/Cavesouvertes-0038.jpg\",\"contentUrl\":\"https:\\\/\\\/domaine-du-paradis.ch\\\/wp-content\\\/uploads\\\/2022\\\/05\\\/Cavesouvertes-0038.jpg\",\"width\":2200,\"height\":1649},{\"@type\":\"BreadcrumbList\",\"@id\":\"https:\\\/\\\/domaine-du-paradis.ch\\\/en\\\/product\\\/vinathon-2025\\\/#breadcrumb\",\"itemListElement\":[{\"@type\":\"ListItem\",\"position\":1,\"name\":\"Home\",\"item\":\"https:\\\/\\\/domaine-du-paradis.ch\\\/en\\\/\"},{\"@type\":\"ListItem\",\"position\":2,\"name\":\"Discover our wines\",\"item\":\"https:\\\/\\\/domaine-du-paradis.ch\\\/en\\\/shop\\\/\"},{\"@type\":\"ListItem\",\"position\":3,\"name\":\"Vinathon 2025\"}]},{\"@type\":\"WebSite\",\"@id\":\"https:\\\/\\\/domaine-du-paradis.ch\\\/en\\\/#website\",\"url\":\"https:\\\/\\\/domaine-du-paradis.ch\\\/en\\\/\",\"name\":\"Domaine du Paradis\",\"description\":\"Faire vivre de belles histoires\",\"publisher\":{\"@id\":\"https:\\\/\\\/domaine-du-paradis.ch\\\/en\\\/#organization\"},\"alternateName\":\"Vins Suisses - Famille Burgdorfer\",\"potentialAction\":[{\"@type\":\"SearchAction\",\"target\":{\"@type\":\"EntryPoint\",\"urlTemplate\":\"https:\\\/\\\/domaine-du-paradis.ch\\\/en\\\/?s={search_term_string}\"},\"query-input\":{\"@type\":\"PropertyValueSpecification\",\"valueRequired\":true,\"valueName\":\"search_term_string\"}}],\"inLanguage\":\"en-US\"},{\"@type\":\"Organization\",\"@id\":\"https:\\\/\\\/domaine-du-paradis.ch\\\/en\\\/#organization\",\"name\":\"Domaine du Paradis\",\"url\":\"https:\\\/\\\/domaine-du-paradis.ch\\\/en\\\/\",\"logo\":{\"@type\":\"ImageObject\",\"inLanguage\":\"en-US\",\"@id\":\"https:\\\/\\\/domaine-du-paradis.ch\\\/en\\\/#\\\/schema\\\/logo\\\/image\\\/\",\"url\":\"https:\\\/\\\/domaine-du-paradis.ch\\\/wp-content\\\/uploads\\\/2022\\\/08\\\/logo-domaine-du-paradis-blanc.svg\",\"contentUrl\":\"https:\\\/\\\/domaine-du-paradis.ch\\\/wp-content\\\/uploads\\\/2022\\\/08\\\/logo-domaine-du-paradis-blanc.svg\",\"caption\":\"Domaine du Paradis\"},\"image\":{\"@id\":\"https:\\\/\\\/domaine-du-paradis.ch\\\/en\\\/#\\\/schema\\\/logo\\\/image\\\/\"}}]}<\/script>\n<!-- \/ Yoast SEO Premium plugin. -->","yoast_head_json":{"title":"Vinathon 2025 - Domaine du Paradis","robots":{"index":"index","follow":"follow","max-snippet":"max-snippet:-1","max-image-preview":"max-image-preview:large","max-video-preview":"max-video-preview:-1"},"canonical":"https:\/\/domaine-du-paradis.ch\/en\/product\/vinathon-2025\/","og_locale":"en_US","og_type":"article","og_title":"Vinathon 2025","og_description":"INFORMATIONS Horaire\u00a0:\u00a0Samedi 14 juin 2025 \u2013 D\u00e9part libre entre 10h30 et 14h30. Derni\u00e8re arriv\u00e9e pour les prix souvenirs \u00e0 19h. Lieu de d\u00e9part et d\u2019arriv\u00e9e\u00a0:\u00a0DOMAINE DU PARADIS, route du Mandement 275, 1242 Satigny.\u00a0Ouvert jusqu&#8217;au soir avec musique, grillades, raclettes, p\u00e2tisseries, vins et boissons; que du bon! Caves :\u00a0Trois vins \u00e0 d\u00e9guster dans chaque cave avec [&hellip;]","og_url":"https:\/\/domaine-du-paradis.ch\/en\/product\/vinathon-2025\/","og_site_name":"Domaine du Paradis","article_modified_time":"2025-06-11T07:30:36+00:00","og_image":[{"width":2200,"height":1649,"url":"https:\/\/domaine-du-paradis.ch\/wp-content\/uploads\/2022\/05\/Cavesouvertes-0038.jpg","type":"image\/jpeg"}],"twitter_card":"summary_large_image","twitter_misc":{"Est. reading time":"2 minutes"},"schema":{"@context":"https:\/\/schema.org","@graph":[{"@type":"WebPage","@id":"https:\/\/domaine-du-paradis.ch\/en\/product\/vinathon-2025\/","url":"https:\/\/domaine-du-paradis.ch\/en\/product\/vinathon-2025\/","name":"Vinathon 2025 - Domaine du Paradis","isPartOf":{"@id":"https:\/\/domaine-du-paradis.ch\/en\/#website"},"primaryImageOfPage":{"@id":"https:\/\/domaine-du-paradis.ch\/en\/product\/vinathon-2025\/#primaryimage"},"image":{"@id":"https:\/\/domaine-du-paradis.ch\/en\/product\/vinathon-2025\/#primaryimage"},"thumbnailUrl":"https:\/\/domaine-du-paradis.ch\/wp-content\/uploads\/2022\/05\/Cavesouvertes-0038.jpg","datePublished":"2025-05-12T13:45:31+00:00","dateModified":"2025-06-11T07:30:36+00:00","breadcrumb":{"@id":"https:\/\/domaine-du-paradis.ch\/en\/product\/vinathon-2025\/#breadcrumb"},"inLanguage":"en-US","potentialAction":[{"@type":"ReadAction","target":["https:\/\/domaine-du-paradis.ch\/en\/product\/vinathon-2025\/"]}]},{"@type":"ImageObject","inLanguage":"en-US","@id":"https:\/\/domaine-du-paradis.ch\/en\/product\/vinathon-2025\/#primaryimage","url":"https:\/\/domaine-du-paradis.ch\/wp-content\/uploads\/2022\/05\/Cavesouvertes-0038.jpg","contentUrl":"https:\/\/domaine-du-paradis.ch\/wp-content\/uploads\/2022\/05\/Cavesouvertes-0038.jpg","width":2200,"height":1649},{"@type":"BreadcrumbList","@id":"https:\/\/domaine-du-paradis.ch\/en\/product\/vinathon-2025\/#breadcrumb","itemListElement":[{"@type":"ListItem","position":1,"name":"Home","item":"https:\/\/domaine-du-paradis.ch\/en\/"},{"@type":"ListItem","position":2,"name":"Discover our wines","item":"https:\/\/domaine-du-paradis.ch\/en\/shop\/"},{"@type":"ListItem","position":3,"name":"Vinathon 2025"}]},{"@type":"WebSite","@id":"https:\/\/domaine-du-paradis.ch\/en\/#website","url":"https:\/\/domaine-du-paradis.ch\/en\/","name":"Domaine du Paradis","description":"Faire vivre de belles histoires","publisher":{"@id":"https:\/\/domaine-du-paradis.ch\/en\/#organization"},"alternateName":"Vins Suisses - Famille Burgdorfer","potentialAction":[{"@type":"SearchAction","target":{"@type":"EntryPoint","urlTemplate":"https:\/\/domaine-du-paradis.ch\/en\/?s={search_term_string}"},"query-input":{"@type":"PropertyValueSpecification","valueRequired":true,"valueName":"search_term_string"}}],"inLanguage":"en-US"},{"@type":"Organization","@id":"https:\/\/domaine-du-paradis.ch\/en\/#organization","name":"Domaine du Paradis","url":"https:\/\/domaine-du-paradis.ch\/en\/","logo":{"@type":"ImageObject","inLanguage":"en-US","@id":"https:\/\/domaine-du-paradis.ch\/en\/#\/schema\/logo\/image\/","url":"https:\/\/domaine-du-paradis.ch\/wp-content\/uploads\/2022\/08\/logo-domaine-du-paradis-blanc.svg","contentUrl":"https:\/\/domaine-du-paradis.ch\/wp-content\/uploads\/2022\/08\/logo-domaine-du-paradis-blanc.svg","caption":"Domaine du Paradis"},"image":{"@id":"https:\/\/domaine-du-paradis.ch\/en\/#\/schema\/logo\/image\/"}}]}},"_links":{"self":[{"href":"https:\/\/domaine-du-paradis.ch\/en\/wp-json\/wp\/v2\/product\/44293","targetHints":{"allow":["GET"]}}],"collection":[{"href":"https:\/\/domaine-du-paradis.ch\/en\/wp-json\/wp\/v2\/product"}],"about":[{"href":"https:\/\/domaine-du-paradis.ch\/en\/wp-json\/wp\/v2\/types\/product"}],"wp:featuredmedia":[{"embeddable":true,"href":"https:\/\/domaine-du-paradis.ch\/en\/wp-json\/wp\/v2\/media\/37106"}],"wp:attachment":[{"href":"https:\/\/domaine-du-paradis.ch\/en\/wp-json\/wp\/v2\/media?parent=44293"}],"wp:term":[{"taxonomy":"product_brand","embeddable":true,"href":"https:\/\/domaine-du-paradis.ch\/en\/wp-json\/wp\/v2\/product_brand?post=44293"},{"taxonomy":"product_cat","embeddable":true,"href":"https:\/\/domaine-du-paradis.ch\/en\/wp-json\/wp\/v2\/product_cat?post=44293"},{"taxonomy":"product_tag","embeddable":true,"href":"https:\/\/domaine-du-paradis.ch\/en\/wp-json\/wp\/v2\/product_tag?post=44293"}],"curies":[{"name":"wp","href":"https:\/\/api.w.org\/{rel}","templated":true}]}}