{"id":44117,"date":"2025-03-06T08:10:59","date_gmt":"2025-03-06T07:10:59","guid":{"rendered":"https:\/\/domaine-du-paradis.ch\/?post_type=product&#038;p=44117"},"modified":"2025-12-04T08:34:18","modified_gmt":"2025-12-04T07:34:18","slug":"tie-break-merlot","status":"publish","type":"product","link":"https:\/\/domaine-du-paradis.ch\/en\/product\/tie-break-merlot\/","title":{"rendered":"Tie-Break &#8211; Merlot"},"content":{"rendered":"<p class=\"p1\"><span class=\"s1\">Ce qu\u2019on a eu envie de faire, contrairement au Merlot P\u00e9pite 2022 qui \u00e9tait en grappes enti\u00e8res, c\u2019est une mac\u00e9ration pr\u00e9fermentaire \u00e0 froid (oui, encore&#8230;) et un passerillage sur souche pour concentrer une partie de la vendange. D\u2019o\u00f9 le petit nom de code 70\/30, 70% du vin en MPF &#8211; maintenant tu sais ce que \u00e7a veut dire &#8211; pour la fra\u00eecheur du fruit et 30% issu du passerillage sur souche avec un vin plus chaud et plus concentr\u00e9. L\u00e0 aussi on a pos\u00e9 un \u00e9levage de 12 mois en barriques histoire d\u2019amener de la complexit\u00e9 et de la rondeur. Tie-Break c\u2019est ce moment d\u00e9cisif o\u00f9 tout se joue, tout se m\u00e9lange. Dans notre Tie-Break, la fra\u00eecheur ultime vient s\u2019hamoniser avec la chaleur et l\u2019intensit\u00e9. La complexit\u00e9 avec la subtilit\u00e9. Bref, celle qui a trouv\u00e9 et inspir\u00e9 les noms des P\u00e9pites 2023 a vu beaucoup trop juste\u2009! Parce que figure-toi que tu vas en avoir dans tous les sens et pour toutes les \u00e9motions. Le cassis et la m\u00fbre avec une fra\u00eecheur inou\u00efe, les notes l\u00e9g\u00e8rement cacao torr\u00e9fi\u00e9 de l\u2019\u00e9levage en barrique et la longueur en bouche riche et soyeuse amen\u00e9e \u00e0 la fois par l\u2019\u00e9levage et par les 30% issus du passerillage. On a laiss\u00e9 juste ce qu\u2019il faut d\u2019acidit\u00e9 pour \u00e9viter toute lourdeur, on a donn\u00e9 juste ce qu\u2019il fallait de mati\u00e8re pour lui permettre de voyager un peu dans le temps.<\/span><\/p>\n","protected":false},"excerpt":{"rendered":"<p>Ce qu\u2019on a eu envie de faire, contrairement au Merlot P\u00e9pite 2022 qui \u00e9tait en grappes enti\u00e8res, c\u2019est une mac\u00e9ration pr\u00e9fermentaire \u00e0 froid (oui, encore&#8230;) et un passerillage sur souche pour concentrer une partie de la vendange. D\u2019o\u00f9 le petit nom de code 70\/30, 70% du vin en MPF &#8211; maintenant tu sais ce que [&hellip;]<\/p>\n","protected":false},"featured_media":44151,"template":"","meta":{"_acf_changed":false},"product_brand":[],"product_cat":[17],"product_tag":[],"class_list":{"0":"post-44117","1":"product","2":"type-product","3":"status-publish","4":"has-post-thumbnail","6":"product_cat-vins-rouges","7":"product_type_jason-barrique","8":"product_type_jason-monocepage","10":"first","11":"outofstock","12":"taxable","13":"shipping-taxable","14":"purchasable","15":"product-type-simple"},"acf":[],"yoast_head":"<!-- This site is optimized with the Yoast SEO Premium plugin v27.3 (Yoast SEO v27.3) - https:\/\/yoast.com\/product\/yoast-seo-premium-wordpress\/ -->\n<title>Tie-Break - Merlot - Domaine du Paradis<\/title>\n<meta name=\"robots\" content=\"index, follow, max-snippet:-1, max-image-preview:large, max-video-preview:-1\" \/>\n<link rel=\"canonical\" href=\"https:\/\/domaine-du-paradis.ch\/en\/product\/tie-break-merlot\/\" \/>\n<meta property=\"og:locale\" content=\"en_US\" \/>\n<meta property=\"og:type\" content=\"article\" \/>\n<meta property=\"og:title\" content=\"Tie-Break - Merlot\" \/>\n<meta property=\"og:description\" content=\"Ce qu\u2019on a eu envie de faire, contrairement au Merlot P\u00e9pite 2022 qui \u00e9tait en grappes enti\u00e8res, c\u2019est une mac\u00e9ration pr\u00e9fermentaire \u00e0 froid (oui, encore&#8230;) et un passerillage sur souche pour concentrer une partie de la vendange. D\u2019o\u00f9 le petit nom de code 70\/30, 70% du vin en MPF &#8211; maintenant tu sais ce que [&hellip;]\" \/>\n<meta property=\"og:url\" content=\"https:\/\/domaine-du-paradis.ch\/en\/product\/tie-break-merlot\/\" \/>\n<meta property=\"og:site_name\" content=\"Domaine du Paradis\" \/>\n<meta property=\"article:modified_time\" content=\"2025-12-04T07:34:18+00:00\" \/>\n<meta property=\"og:image\" content=\"https:\/\/domaine-du-paradis.ch\/wp-content\/uploads\/2025\/03\/Domaine-du-Paradis_75cl-TIE-BREAK_2500px-fond-transparent-OK-WEB.png\" \/>\n\t<meta property=\"og:image:width\" content=\"637\" \/>\n\t<meta property=\"og:image:height\" content=\"2116\" \/>\n\t<meta property=\"og:image:type\" content=\"image\/png\" \/>\n<meta name=\"twitter:card\" content=\"summary_large_image\" \/>\n<meta name=\"twitter:label1\" content=\"Est. reading time\" \/>\n\t<meta name=\"twitter:data1\" content=\"2 minutes\" \/>\n<script type=\"application\/ld+json\" class=\"yoast-schema-graph\">{\"@context\":\"https:\\\/\\\/schema.org\",\"@graph\":[{\"@type\":\"WebPage\",\"@id\":\"https:\\\/\\\/domaine-du-paradis.ch\\\/en\\\/product\\\/tie-break-merlot\\\/\",\"url\":\"https:\\\/\\\/domaine-du-paradis.ch\\\/en\\\/product\\\/tie-break-merlot\\\/\",\"name\":\"Tie-Break - Merlot - Domaine du Paradis\",\"isPartOf\":{\"@id\":\"https:\\\/\\\/domaine-du-paradis.ch\\\/en\\\/#website\"},\"primaryImageOfPage\":{\"@id\":\"https:\\\/\\\/domaine-du-paradis.ch\\\/en\\\/product\\\/tie-break-merlot\\\/#primaryimage\"},\"image\":{\"@id\":\"https:\\\/\\\/domaine-du-paradis.ch\\\/en\\\/product\\\/tie-break-merlot\\\/#primaryimage\"},\"thumbnailUrl\":\"https:\\\/\\\/domaine-du-paradis.ch\\\/wp-content\\\/uploads\\\/2025\\\/03\\\/Domaine-du-Paradis_75cl-TIE-BREAK_2500px-fond-transparent-OK-WEB.png\",\"datePublished\":\"2025-03-06T07:10:59+00:00\",\"dateModified\":\"2025-12-04T07:34:18+00:00\",\"breadcrumb\":{\"@id\":\"https:\\\/\\\/domaine-du-paradis.ch\\\/en\\\/product\\\/tie-break-merlot\\\/#breadcrumb\"},\"inLanguage\":\"en-US\",\"potentialAction\":[{\"@type\":\"ReadAction\",\"target\":[\"https:\\\/\\\/domaine-du-paradis.ch\\\/en\\\/product\\\/tie-break-merlot\\\/\"]}]},{\"@type\":\"ImageObject\",\"inLanguage\":\"en-US\",\"@id\":\"https:\\\/\\\/domaine-du-paradis.ch\\\/en\\\/product\\\/tie-break-merlot\\\/#primaryimage\",\"url\":\"https:\\\/\\\/domaine-du-paradis.ch\\\/wp-content\\\/uploads\\\/2025\\\/03\\\/Domaine-du-Paradis_75cl-TIE-BREAK_2500px-fond-transparent-OK-WEB.png\",\"contentUrl\":\"https:\\\/\\\/domaine-du-paradis.ch\\\/wp-content\\\/uploads\\\/2025\\\/03\\\/Domaine-du-Paradis_75cl-TIE-BREAK_2500px-fond-transparent-OK-WEB.png\",\"width\":637,\"height\":2116,\"caption\":\"Merlot P\u00e9pite - Edition limit\u00e9e\"},{\"@type\":\"BreadcrumbList\",\"@id\":\"https:\\\/\\\/domaine-du-paradis.ch\\\/en\\\/product\\\/tie-break-merlot\\\/#breadcrumb\",\"itemListElement\":[{\"@type\":\"ListItem\",\"position\":1,\"name\":\"Home\",\"item\":\"https:\\\/\\\/domaine-du-paradis.ch\\\/en\\\/\"},{\"@type\":\"ListItem\",\"position\":2,\"name\":\"Discover our wines\",\"item\":\"https:\\\/\\\/domaine-du-paradis.ch\\\/en\\\/shop\\\/\"},{\"@type\":\"ListItem\",\"position\":3,\"name\":\"Tie-Break &#8211; Merlot\"}]},{\"@type\":\"WebSite\",\"@id\":\"https:\\\/\\\/domaine-du-paradis.ch\\\/en\\\/#website\",\"url\":\"https:\\\/\\\/domaine-du-paradis.ch\\\/en\\\/\",\"name\":\"Domaine du Paradis\",\"description\":\"Faire vivre de belles histoires\",\"publisher\":{\"@id\":\"https:\\\/\\\/domaine-du-paradis.ch\\\/en\\\/#organization\"},\"alternateName\":\"Vins Suisses - Famille Burgdorfer\",\"potentialAction\":[{\"@type\":\"SearchAction\",\"target\":{\"@type\":\"EntryPoint\",\"urlTemplate\":\"https:\\\/\\\/domaine-du-paradis.ch\\\/en\\\/?s={search_term_string}\"},\"query-input\":{\"@type\":\"PropertyValueSpecification\",\"valueRequired\":true,\"valueName\":\"search_term_string\"}}],\"inLanguage\":\"en-US\"},{\"@type\":\"Organization\",\"@id\":\"https:\\\/\\\/domaine-du-paradis.ch\\\/en\\\/#organization\",\"name\":\"Domaine du Paradis\",\"url\":\"https:\\\/\\\/domaine-du-paradis.ch\\\/en\\\/\",\"logo\":{\"@type\":\"ImageObject\",\"inLanguage\":\"en-US\",\"@id\":\"https:\\\/\\\/domaine-du-paradis.ch\\\/en\\\/#\\\/schema\\\/logo\\\/image\\\/\",\"url\":\"https:\\\/\\\/domaine-du-paradis.ch\\\/wp-content\\\/uploads\\\/2022\\\/08\\\/logo-domaine-du-paradis-blanc.svg\",\"contentUrl\":\"https:\\\/\\\/domaine-du-paradis.ch\\\/wp-content\\\/uploads\\\/2022\\\/08\\\/logo-domaine-du-paradis-blanc.svg\",\"caption\":\"Domaine du Paradis\"},\"image\":{\"@id\":\"https:\\\/\\\/domaine-du-paradis.ch\\\/en\\\/#\\\/schema\\\/logo\\\/image\\\/\"}}]}<\/script>\n<!-- \/ Yoast SEO Premium plugin. -->","yoast_head_json":{"title":"Tie-Break - Merlot - Domaine du Paradis","robots":{"index":"index","follow":"follow","max-snippet":"max-snippet:-1","max-image-preview":"max-image-preview:large","max-video-preview":"max-video-preview:-1"},"canonical":"https:\/\/domaine-du-paradis.ch\/en\/product\/tie-break-merlot\/","og_locale":"en_US","og_type":"article","og_title":"Tie-Break - Merlot","og_description":"Ce qu\u2019on a eu envie de faire, contrairement au Merlot P\u00e9pite 2022 qui \u00e9tait en grappes enti\u00e8res, c\u2019est une mac\u00e9ration pr\u00e9fermentaire \u00e0 froid (oui, encore&#8230;) et un passerillage sur souche pour concentrer une partie de la vendange. D\u2019o\u00f9 le petit nom de code 70\/30, 70% du vin en MPF &#8211; maintenant tu sais ce que [&hellip;]","og_url":"https:\/\/domaine-du-paradis.ch\/en\/product\/tie-break-merlot\/","og_site_name":"Domaine du Paradis","article_modified_time":"2025-12-04T07:34:18+00:00","og_image":[{"width":637,"height":2116,"url":"https:\/\/domaine-du-paradis.ch\/wp-content\/uploads\/2025\/03\/Domaine-du-Paradis_75cl-TIE-BREAK_2500px-fond-transparent-OK-WEB.png","type":"image\/png"}],"twitter_card":"summary_large_image","twitter_misc":{"Est. reading time":"2 minutes"},"schema":{"@context":"https:\/\/schema.org","@graph":[{"@type":"WebPage","@id":"https:\/\/domaine-du-paradis.ch\/en\/product\/tie-break-merlot\/","url":"https:\/\/domaine-du-paradis.ch\/en\/product\/tie-break-merlot\/","name":"Tie-Break - Merlot - Domaine du Paradis","isPartOf":{"@id":"https:\/\/domaine-du-paradis.ch\/en\/#website"},"primaryImageOfPage":{"@id":"https:\/\/domaine-du-paradis.ch\/en\/product\/tie-break-merlot\/#primaryimage"},"image":{"@id":"https:\/\/domaine-du-paradis.ch\/en\/product\/tie-break-merlot\/#primaryimage"},"thumbnailUrl":"https:\/\/domaine-du-paradis.ch\/wp-content\/uploads\/2025\/03\/Domaine-du-Paradis_75cl-TIE-BREAK_2500px-fond-transparent-OK-WEB.png","datePublished":"2025-03-06T07:10:59+00:00","dateModified":"2025-12-04T07:34:18+00:00","breadcrumb":{"@id":"https:\/\/domaine-du-paradis.ch\/en\/product\/tie-break-merlot\/#breadcrumb"},"inLanguage":"en-US","potentialAction":[{"@type":"ReadAction","target":["https:\/\/domaine-du-paradis.ch\/en\/product\/tie-break-merlot\/"]}]},{"@type":"ImageObject","inLanguage":"en-US","@id":"https:\/\/domaine-du-paradis.ch\/en\/product\/tie-break-merlot\/#primaryimage","url":"https:\/\/domaine-du-paradis.ch\/wp-content\/uploads\/2025\/03\/Domaine-du-Paradis_75cl-TIE-BREAK_2500px-fond-transparent-OK-WEB.png","contentUrl":"https:\/\/domaine-du-paradis.ch\/wp-content\/uploads\/2025\/03\/Domaine-du-Paradis_75cl-TIE-BREAK_2500px-fond-transparent-OK-WEB.png","width":637,"height":2116,"caption":"Merlot P\u00e9pite - Edition limit\u00e9e"},{"@type":"BreadcrumbList","@id":"https:\/\/domaine-du-paradis.ch\/en\/product\/tie-break-merlot\/#breadcrumb","itemListElement":[{"@type":"ListItem","position":1,"name":"Home","item":"https:\/\/domaine-du-paradis.ch\/en\/"},{"@type":"ListItem","position":2,"name":"Discover our wines","item":"https:\/\/domaine-du-paradis.ch\/en\/shop\/"},{"@type":"ListItem","position":3,"name":"Tie-Break &#8211; Merlot"}]},{"@type":"WebSite","@id":"https:\/\/domaine-du-paradis.ch\/en\/#website","url":"https:\/\/domaine-du-paradis.ch\/en\/","name":"Domaine du Paradis","description":"Faire vivre de belles histoires","publisher":{"@id":"https:\/\/domaine-du-paradis.ch\/en\/#organization"},"alternateName":"Vins Suisses - Famille Burgdorfer","potentialAction":[{"@type":"SearchAction","target":{"@type":"EntryPoint","urlTemplate":"https:\/\/domaine-du-paradis.ch\/en\/?s={search_term_string}"},"query-input":{"@type":"PropertyValueSpecification","valueRequired":true,"valueName":"search_term_string"}}],"inLanguage":"en-US"},{"@type":"Organization","@id":"https:\/\/domaine-du-paradis.ch\/en\/#organization","name":"Domaine du Paradis","url":"https:\/\/domaine-du-paradis.ch\/en\/","logo":{"@type":"ImageObject","inLanguage":"en-US","@id":"https:\/\/domaine-du-paradis.ch\/en\/#\/schema\/logo\/image\/","url":"https:\/\/domaine-du-paradis.ch\/wp-content\/uploads\/2022\/08\/logo-domaine-du-paradis-blanc.svg","contentUrl":"https:\/\/domaine-du-paradis.ch\/wp-content\/uploads\/2022\/08\/logo-domaine-du-paradis-blanc.svg","caption":"Domaine du Paradis"},"image":{"@id":"https:\/\/domaine-du-paradis.ch\/en\/#\/schema\/logo\/image\/"}}]}},"_links":{"self":[{"href":"https:\/\/domaine-du-paradis.ch\/en\/wp-json\/wp\/v2\/product\/44117","targetHints":{"allow":["GET"]}}],"collection":[{"href":"https:\/\/domaine-du-paradis.ch\/en\/wp-json\/wp\/v2\/product"}],"about":[{"href":"https:\/\/domaine-du-paradis.ch\/en\/wp-json\/wp\/v2\/types\/product"}],"wp:featuredmedia":[{"embeddable":true,"href":"https:\/\/domaine-du-paradis.ch\/en\/wp-json\/wp\/v2\/media\/44151"}],"wp:attachment":[{"href":"https:\/\/domaine-du-paradis.ch\/en\/wp-json\/wp\/v2\/media?parent=44117"}],"wp:term":[{"taxonomy":"product_brand","embeddable":true,"href":"https:\/\/domaine-du-paradis.ch\/en\/wp-json\/wp\/v2\/product_brand?post=44117"},{"taxonomy":"product_cat","embeddable":true,"href":"https:\/\/domaine-du-paradis.ch\/en\/wp-json\/wp\/v2\/product_cat?post=44117"},{"taxonomy":"product_tag","embeddable":true,"href":"https:\/\/domaine-du-paradis.ch\/en\/wp-json\/wp\/v2\/product_tag?post=44117"}],"curies":[{"name":"wp","href":"https:\/\/api.w.org\/{rel}","templated":true}]}}