{"id":44115,"date":"2025-03-12T15:20:59","date_gmt":"2025-03-12T14:20:59","guid":{"rendered":"https:\/\/domaine-du-paradis.ch\/?post_type=product&#038;p=44115"},"modified":"2025-03-12T15:22:08","modified_gmt":"2025-03-12T14:22:08","slug":"memoire-vive-gamay-mpf","status":"publish","type":"product","link":"https:\/\/domaine-du-paradis.ch\/en\/product\/memoire-vive-gamay-mpf\/","title":{"rendered":"M\u00e9moire Vive &#8211; Gamay MPF"},"content":{"rendered":"<p class=\"p1\">MPF c\u2019est une Mac\u00e9ration Pr\u00e9fermentaire \u00e0 Froid, et c\u2019est g\u00e9nial\u2009! On foule la vendange, on la met en mac\u00e9ration et on se d\u00e9brouille pour la refroidir suffisamment pour que la fermentation ne d\u00e9marre pas, comme si c\u2019\u00e9tait un immense frigo. Apr\u00e8s 7 jours au froid sur ce petit lot de Gamay duquel on a extrait en douceur tout le fruit et la fra\u00eecheur sans aller chercher trop de tanins, on lance la fermentation et on extrait de belles couleurs et une jolie chaleur qui vient du mill\u00e9sime 2023. On s\u2019est fait plaisir avec un \u00e9levage en barriques de 12 mois, histoire d\u2019amener encore plus de complexit\u00e9 et de structure \u00e0 la fra\u00eecheur de folie de ce grand Gamay, et on se retrouve plong\u00e9 dans la m\u00e9moire vive du Paradis. Celle d\u2019un certain Roger Burgdorfer, qui a toujours combattu l\u2019injustice du Gamay en disant haut et fort qu\u2019on pouvait faire de tr\u00e8s grandes choses avec ce c\u00e9page un peu malaim\u00e9 parfois (avoue-le toi aussi tu l\u2019as d\u00e9j\u00e0 pens\u00e9, y a pas de honte&#8230;). En attaque tu vas trouver un vin juteux et vif avec des notes de framboises et de cerises, la rondeur de la barrique et ses notes l\u00e9g\u00e8rement torr\u00e9fi\u00e9es va venir accompagner tout \u00e7a jusqu\u2019\u00e0 une finale tr\u00e8s \u00e9pic\u00e9e et l\u00e9g\u00e8rement fum\u00e9e. Si tu veux un shoot de plaisir et de fra\u00eecheur, c\u2019est M\u00e9moire Vive.<\/p>\n","protected":false},"excerpt":{"rendered":"<p>MPF c\u2019est une Mac\u00e9ration Pr\u00e9fermentaire \u00e0 Froid, et c\u2019est g\u00e9nial\u2009! On foule la vendange, on la met en mac\u00e9ration et on se d\u00e9brouille pour la refroidir suffisamment pour que la fermentation ne d\u00e9marre pas, comme si c\u2019\u00e9tait un immense frigo. Apr\u00e8s 7 jours au froid sur ce petit lot de Gamay duquel on a extrait [&hellip;]<\/p>\n","protected":false},"featured_media":44172,"template":"","meta":{"_acf_changed":false},"product_brand":[],"product_cat":[17],"product_tag":[],"class_list":{"0":"post-44115","1":"product","2":"type-product","3":"status-publish","4":"has-post-thumbnail","6":"product_cat-vins-rouges","7":"product_type_jason-barrique","8":"product_type_jason-monocepage","10":"first","11":"instock","12":"taxable","13":"shipping-taxable","14":"purchasable","15":"product-type-simple"},"acf":[],"yoast_head":"<!-- This site is optimized with the Yoast SEO Premium plugin v27.3 (Yoast SEO v27.3) - https:\/\/yoast.com\/product\/yoast-seo-premium-wordpress\/ -->\n<title>M\u00e9moire Vive - Gamay MPF - Domaine du Paradis<\/title>\n<meta name=\"robots\" content=\"index, follow, max-snippet:-1, max-image-preview:large, max-video-preview:-1\" \/>\n<link rel=\"canonical\" href=\"https:\/\/domaine-du-paradis.ch\/en\/product\/memoire-vive-gamay-mpf\/\" \/>\n<meta property=\"og:locale\" content=\"en_US\" \/>\n<meta property=\"og:type\" content=\"article\" \/>\n<meta property=\"og:title\" content=\"M\u00e9moire Vive - Gamay MPF\" \/>\n<meta property=\"og:description\" content=\"MPF c\u2019est une Mac\u00e9ration Pr\u00e9fermentaire \u00e0 Froid, et c\u2019est g\u00e9nial\u2009! On foule la vendange, on la met en mac\u00e9ration et on se d\u00e9brouille pour la refroidir suffisamment pour que la fermentation ne d\u00e9marre pas, comme si c\u2019\u00e9tait un immense frigo. Apr\u00e8s 7 jours au froid sur ce petit lot de Gamay duquel on a extrait [&hellip;]\" \/>\n<meta property=\"og:url\" content=\"https:\/\/domaine-du-paradis.ch\/en\/product\/memoire-vive-gamay-mpf\/\" \/>\n<meta property=\"og:site_name\" content=\"Domaine du Paradis\" \/>\n<meta property=\"article:modified_time\" content=\"2025-03-12T14:22:08+00:00\" \/>\n<meta property=\"og:image\" content=\"https:\/\/domaine-du-paradis.ch\/wp-content\/uploads\/2023\/01\/Domaine-du-Paradis_75cl-MEMOIRE-VIVE_2500px-fond-transparent-OK-WEB.png\" \/>\n\t<meta property=\"og:image:width\" content=\"621\" \/>\n\t<meta property=\"og:image:height\" content=\"2100\" \/>\n\t<meta property=\"og:image:type\" content=\"image\/png\" \/>\n<meta name=\"twitter:card\" content=\"summary_large_image\" \/>\n<meta name=\"twitter:label1\" content=\"Est. reading time\" \/>\n\t<meta name=\"twitter:data1\" content=\"2 minutes\" \/>\n<script type=\"application\/ld+json\" class=\"yoast-schema-graph\">{\"@context\":\"https:\\\/\\\/schema.org\",\"@graph\":[{\"@type\":\"WebPage\",\"@id\":\"https:\\\/\\\/domaine-du-paradis.ch\\\/en\\\/product\\\/memoire-vive-gamay-mpf\\\/\",\"url\":\"https:\\\/\\\/domaine-du-paradis.ch\\\/en\\\/product\\\/memoire-vive-gamay-mpf\\\/\",\"name\":\"M\u00e9moire Vive - Gamay MPF - Domaine du Paradis\",\"isPartOf\":{\"@id\":\"https:\\\/\\\/domaine-du-paradis.ch\\\/en\\\/#website\"},\"primaryImageOfPage\":{\"@id\":\"https:\\\/\\\/domaine-du-paradis.ch\\\/en\\\/product\\\/memoire-vive-gamay-mpf\\\/#primaryimage\"},\"image\":{\"@id\":\"https:\\\/\\\/domaine-du-paradis.ch\\\/en\\\/product\\\/memoire-vive-gamay-mpf\\\/#primaryimage\"},\"thumbnailUrl\":\"https:\\\/\\\/domaine-du-paradis.ch\\\/wp-content\\\/uploads\\\/2023\\\/01\\\/Domaine-du-Paradis_75cl-MEMOIRE-VIVE_2500px-fond-transparent-OK-WEB.png\",\"datePublished\":\"2025-03-12T14:20:59+00:00\",\"dateModified\":\"2025-03-12T14:22:08+00:00\",\"breadcrumb\":{\"@id\":\"https:\\\/\\\/domaine-du-paradis.ch\\\/en\\\/product\\\/memoire-vive-gamay-mpf\\\/#breadcrumb\"},\"inLanguage\":\"en-US\",\"potentialAction\":[{\"@type\":\"ReadAction\",\"target\":[\"https:\\\/\\\/domaine-du-paradis.ch\\\/en\\\/product\\\/memoire-vive-gamay-mpf\\\/\"]}]},{\"@type\":\"ImageObject\",\"inLanguage\":\"en-US\",\"@id\":\"https:\\\/\\\/domaine-du-paradis.ch\\\/en\\\/product\\\/memoire-vive-gamay-mpf\\\/#primaryimage\",\"url\":\"https:\\\/\\\/domaine-du-paradis.ch\\\/wp-content\\\/uploads\\\/2023\\\/01\\\/Domaine-du-Paradis_75cl-MEMOIRE-VIVE_2500px-fond-transparent-OK-WEB.png\",\"contentUrl\":\"https:\\\/\\\/domaine-du-paradis.ch\\\/wp-content\\\/uploads\\\/2023\\\/01\\\/Domaine-du-Paradis_75cl-MEMOIRE-VIVE_2500px-fond-transparent-OK-WEB.png\",\"width\":621,\"height\":2100,\"caption\":\"Gamay Gen\u00e8ve Vin p\u00e9pite\"},{\"@type\":\"BreadcrumbList\",\"@id\":\"https:\\\/\\\/domaine-du-paradis.ch\\\/en\\\/product\\\/memoire-vive-gamay-mpf\\\/#breadcrumb\",\"itemListElement\":[{\"@type\":\"ListItem\",\"position\":1,\"name\":\"Home\",\"item\":\"https:\\\/\\\/domaine-du-paradis.ch\\\/en\\\/\"},{\"@type\":\"ListItem\",\"position\":2,\"name\":\"Discover our wines\",\"item\":\"https:\\\/\\\/domaine-du-paradis.ch\\\/en\\\/shop\\\/\"},{\"@type\":\"ListItem\",\"position\":3,\"name\":\"M\u00e9moire Vive &#8211; Gamay MPF\"}]},{\"@type\":\"WebSite\",\"@id\":\"https:\\\/\\\/domaine-du-paradis.ch\\\/en\\\/#website\",\"url\":\"https:\\\/\\\/domaine-du-paradis.ch\\\/en\\\/\",\"name\":\"Domaine du Paradis\",\"description\":\"Faire vivre de belles histoires\",\"publisher\":{\"@id\":\"https:\\\/\\\/domaine-du-paradis.ch\\\/en\\\/#organization\"},\"alternateName\":\"Vins Suisses - Famille Burgdorfer\",\"potentialAction\":[{\"@type\":\"SearchAction\",\"target\":{\"@type\":\"EntryPoint\",\"urlTemplate\":\"https:\\\/\\\/domaine-du-paradis.ch\\\/en\\\/?s={search_term_string}\"},\"query-input\":{\"@type\":\"PropertyValueSpecification\",\"valueRequired\":true,\"valueName\":\"search_term_string\"}}],\"inLanguage\":\"en-US\"},{\"@type\":\"Organization\",\"@id\":\"https:\\\/\\\/domaine-du-paradis.ch\\\/en\\\/#organization\",\"name\":\"Domaine du Paradis\",\"url\":\"https:\\\/\\\/domaine-du-paradis.ch\\\/en\\\/\",\"logo\":{\"@type\":\"ImageObject\",\"inLanguage\":\"en-US\",\"@id\":\"https:\\\/\\\/domaine-du-paradis.ch\\\/en\\\/#\\\/schema\\\/logo\\\/image\\\/\",\"url\":\"https:\\\/\\\/domaine-du-paradis.ch\\\/wp-content\\\/uploads\\\/2022\\\/08\\\/logo-domaine-du-paradis-blanc.svg\",\"contentUrl\":\"https:\\\/\\\/domaine-du-paradis.ch\\\/wp-content\\\/uploads\\\/2022\\\/08\\\/logo-domaine-du-paradis-blanc.svg\",\"caption\":\"Domaine du Paradis\"},\"image\":{\"@id\":\"https:\\\/\\\/domaine-du-paradis.ch\\\/en\\\/#\\\/schema\\\/logo\\\/image\\\/\"}}]}<\/script>\n<!-- \/ Yoast SEO Premium plugin. -->","yoast_head_json":{"title":"M\u00e9moire Vive - Gamay MPF - Domaine du Paradis","robots":{"index":"index","follow":"follow","max-snippet":"max-snippet:-1","max-image-preview":"max-image-preview:large","max-video-preview":"max-video-preview:-1"},"canonical":"https:\/\/domaine-du-paradis.ch\/en\/product\/memoire-vive-gamay-mpf\/","og_locale":"en_US","og_type":"article","og_title":"M\u00e9moire Vive - Gamay MPF","og_description":"MPF c\u2019est une Mac\u00e9ration Pr\u00e9fermentaire \u00e0 Froid, et c\u2019est g\u00e9nial\u2009! On foule la vendange, on la met en mac\u00e9ration et on se d\u00e9brouille pour la refroidir suffisamment pour que la fermentation ne d\u00e9marre pas, comme si c\u2019\u00e9tait un immense frigo. Apr\u00e8s 7 jours au froid sur ce petit lot de Gamay duquel on a extrait [&hellip;]","og_url":"https:\/\/domaine-du-paradis.ch\/en\/product\/memoire-vive-gamay-mpf\/","og_site_name":"Domaine du Paradis","article_modified_time":"2025-03-12T14:22:08+00:00","og_image":[{"width":621,"height":2100,"url":"https:\/\/domaine-du-paradis.ch\/wp-content\/uploads\/2023\/01\/Domaine-du-Paradis_75cl-MEMOIRE-VIVE_2500px-fond-transparent-OK-WEB.png","type":"image\/png"}],"twitter_card":"summary_large_image","twitter_misc":{"Est. reading time":"2 minutes"},"schema":{"@context":"https:\/\/schema.org","@graph":[{"@type":"WebPage","@id":"https:\/\/domaine-du-paradis.ch\/en\/product\/memoire-vive-gamay-mpf\/","url":"https:\/\/domaine-du-paradis.ch\/en\/product\/memoire-vive-gamay-mpf\/","name":"M\u00e9moire Vive - Gamay MPF - Domaine du Paradis","isPartOf":{"@id":"https:\/\/domaine-du-paradis.ch\/en\/#website"},"primaryImageOfPage":{"@id":"https:\/\/domaine-du-paradis.ch\/en\/product\/memoire-vive-gamay-mpf\/#primaryimage"},"image":{"@id":"https:\/\/domaine-du-paradis.ch\/en\/product\/memoire-vive-gamay-mpf\/#primaryimage"},"thumbnailUrl":"https:\/\/domaine-du-paradis.ch\/wp-content\/uploads\/2023\/01\/Domaine-du-Paradis_75cl-MEMOIRE-VIVE_2500px-fond-transparent-OK-WEB.png","datePublished":"2025-03-12T14:20:59+00:00","dateModified":"2025-03-12T14:22:08+00:00","breadcrumb":{"@id":"https:\/\/domaine-du-paradis.ch\/en\/product\/memoire-vive-gamay-mpf\/#breadcrumb"},"inLanguage":"en-US","potentialAction":[{"@type":"ReadAction","target":["https:\/\/domaine-du-paradis.ch\/en\/product\/memoire-vive-gamay-mpf\/"]}]},{"@type":"ImageObject","inLanguage":"en-US","@id":"https:\/\/domaine-du-paradis.ch\/en\/product\/memoire-vive-gamay-mpf\/#primaryimage","url":"https:\/\/domaine-du-paradis.ch\/wp-content\/uploads\/2023\/01\/Domaine-du-Paradis_75cl-MEMOIRE-VIVE_2500px-fond-transparent-OK-WEB.png","contentUrl":"https:\/\/domaine-du-paradis.ch\/wp-content\/uploads\/2023\/01\/Domaine-du-Paradis_75cl-MEMOIRE-VIVE_2500px-fond-transparent-OK-WEB.png","width":621,"height":2100,"caption":"Gamay Gen\u00e8ve Vin p\u00e9pite"},{"@type":"BreadcrumbList","@id":"https:\/\/domaine-du-paradis.ch\/en\/product\/memoire-vive-gamay-mpf\/#breadcrumb","itemListElement":[{"@type":"ListItem","position":1,"name":"Home","item":"https:\/\/domaine-du-paradis.ch\/en\/"},{"@type":"ListItem","position":2,"name":"Discover our wines","item":"https:\/\/domaine-du-paradis.ch\/en\/shop\/"},{"@type":"ListItem","position":3,"name":"M\u00e9moire Vive &#8211; Gamay MPF"}]},{"@type":"WebSite","@id":"https:\/\/domaine-du-paradis.ch\/en\/#website","url":"https:\/\/domaine-du-paradis.ch\/en\/","name":"Domaine du Paradis","description":"Faire vivre de belles histoires","publisher":{"@id":"https:\/\/domaine-du-paradis.ch\/en\/#organization"},"alternateName":"Vins Suisses - Famille Burgdorfer","potentialAction":[{"@type":"SearchAction","target":{"@type":"EntryPoint","urlTemplate":"https:\/\/domaine-du-paradis.ch\/en\/?s={search_term_string}"},"query-input":{"@type":"PropertyValueSpecification","valueRequired":true,"valueName":"search_term_string"}}],"inLanguage":"en-US"},{"@type":"Organization","@id":"https:\/\/domaine-du-paradis.ch\/en\/#organization","name":"Domaine du Paradis","url":"https:\/\/domaine-du-paradis.ch\/en\/","logo":{"@type":"ImageObject","inLanguage":"en-US","@id":"https:\/\/domaine-du-paradis.ch\/en\/#\/schema\/logo\/image\/","url":"https:\/\/domaine-du-paradis.ch\/wp-content\/uploads\/2022\/08\/logo-domaine-du-paradis-blanc.svg","contentUrl":"https:\/\/domaine-du-paradis.ch\/wp-content\/uploads\/2022\/08\/logo-domaine-du-paradis-blanc.svg","caption":"Domaine du Paradis"},"image":{"@id":"https:\/\/domaine-du-paradis.ch\/en\/#\/schema\/logo\/image\/"}}]}},"_links":{"self":[{"href":"https:\/\/domaine-du-paradis.ch\/en\/wp-json\/wp\/v2\/product\/44115","targetHints":{"allow":["GET"]}}],"collection":[{"href":"https:\/\/domaine-du-paradis.ch\/en\/wp-json\/wp\/v2\/product"}],"about":[{"href":"https:\/\/domaine-du-paradis.ch\/en\/wp-json\/wp\/v2\/types\/product"}],"wp:featuredmedia":[{"embeddable":true,"href":"https:\/\/domaine-du-paradis.ch\/en\/wp-json\/wp\/v2\/media\/44172"}],"wp:attachment":[{"href":"https:\/\/domaine-du-paradis.ch\/en\/wp-json\/wp\/v2\/media?parent=44115"}],"wp:term":[{"taxonomy":"product_brand","embeddable":true,"href":"https:\/\/domaine-du-paradis.ch\/en\/wp-json\/wp\/v2\/product_brand?post=44115"},{"taxonomy":"product_cat","embeddable":true,"href":"https:\/\/domaine-du-paradis.ch\/en\/wp-json\/wp\/v2\/product_cat?post=44115"},{"taxonomy":"product_tag","embeddable":true,"href":"https:\/\/domaine-du-paradis.ch\/en\/wp-json\/wp\/v2\/product_tag?post=44115"}],"curies":[{"name":"wp","href":"https:\/\/api.w.org\/{rel}","templated":true}]}}