{"id":43764,"date":"2024-05-02T21:18:23","date_gmt":"2024-05-02T19:18:23","guid":{"rendered":"https:\/\/domaine-du-paradis.ch\/?post_type=product&#038;p=43764"},"modified":"2024-05-02T21:18:23","modified_gmt":"2024-05-02T19:18:23","slug":"jazz-dans-les-vignes","status":"publish","type":"product","link":"https:\/\/domaine-du-paradis.ch\/en\/product\/jazz-dans-les-vignes\/","title":{"rendered":"Jazz dans les vignes"},"content":{"rendered":"<p>Tu veux passer une nuit magique sous le signe du Jazz, en plein air, au Domaine du Paradis, en buvant un coup et en mangeant un morceau ? Alors c&#8217;est le 14 juin que \u00e7a se passe !<\/p>\n<p>&nbsp;<\/p>\n<p>Gr\u00e2ce \u00e0 l&#8217;Association Genevoise des Musiciens de Jazz (AGMJ) qui pose une de ses dates chez nous, tu auras l&#8217;occasion de venir vivre une magnifique soir\u00e9e avec non pas un mais 2 groupes au programme ! En premi\u00e8re partie durant l&#8217;ap\u00e9ritif, les musiciens un peu barr\u00e9s de l&#8217;atelier blues de l&#8217;Ecole des Musiques Actuelles BLUE MOTION.<\/p>\n<p>&nbsp;<\/p>\n<p>Le clou du spectacle sera assur\u00e9 par le Harlem Swing Orchestra qui viendra vous faire vivre &#8220;une nuit au Cotton Club&#8221;.<\/p>\n<p>&nbsp;<\/p>\n<p>Inscriptions obligatoires car places limit\u00e9es directement aupr\u00e8s de l&#8217;association: <u><a href=\"mailto:agmj.reservations@gmail.com\">agmj.reservations@gmail.com<\/a><\/u><\/p>\n","protected":false},"excerpt":{"rendered":"<p>Tu veux passer une nuit magique sous le signe du Jazz, en plein air, au Domaine du Paradis, en buvant un coup et en mangeant un morceau ? Alors c&#8217;est le 14 juin que \u00e7a se passe ! &nbsp; Gr\u00e2ce \u00e0 l&#8217;Association Genevoise des Musiciens de Jazz (AGMJ) qui pose une de ses dates chez [&hellip;]<\/p>\n","protected":false},"featured_media":43765,"template":"","meta":{"_acf_changed":false},"product_brand":[],"product_cat":[67],"product_tag":[],"class_list":{"0":"post-43764","1":"product","2":"type-product","3":"status-publish","4":"has-post-thumbnail","6":"product_cat-evenement","8":"first","9":"instock","10":"virtual","11":"taxable","12":"product-type-simple"},"acf":[],"yoast_head":"<!-- This site is optimized with the Yoast SEO Premium plugin v27.3 (Yoast SEO v27.3) - https:\/\/yoast.com\/product\/yoast-seo-premium-wordpress\/ -->\n<title>Jazz dans les vignes - Domaine du Paradis<\/title>\n<meta name=\"robots\" content=\"index, follow, max-snippet:-1, max-image-preview:large, max-video-preview:-1\" \/>\n<link rel=\"canonical\" href=\"https:\/\/domaine-du-paradis.ch\/en\/product\/jazz-dans-les-vignes\/\" \/>\n<meta property=\"og:locale\" content=\"en_US\" \/>\n<meta property=\"og:type\" content=\"article\" \/>\n<meta property=\"og:title\" content=\"Jazz dans les vignes\" \/>\n<meta property=\"og:description\" content=\"Tu veux passer une nuit magique sous le signe du Jazz, en plein air, au Domaine du Paradis, en buvant un coup et en mangeant un morceau ? Alors c&#8217;est le 14 juin que \u00e7a se passe ! &nbsp; Gr\u00e2ce \u00e0 l&#8217;Association Genevoise des Musiciens de Jazz (AGMJ) qui pose une de ses dates chez [&hellip;]\" \/>\n<meta property=\"og:url\" content=\"https:\/\/domaine-du-paradis.ch\/en\/product\/jazz-dans-les-vignes\/\" \/>\n<meta property=\"og:site_name\" content=\"Domaine du Paradis\" \/>\n<meta property=\"og:image\" content=\"https:\/\/domaine-du-paradis.ch\/wp-content\/uploads\/2024\/05\/Blue-Motion.jpeg\" \/>\n\t<meta property=\"og:image:width\" content=\"1024\" \/>\n\t<meta property=\"og:image:height\" content=\"932\" \/>\n\t<meta property=\"og:image:type\" content=\"image\/jpeg\" \/>\n<meta name=\"twitter:card\" content=\"summary_large_image\" \/>\n<meta name=\"twitter:label1\" content=\"Est. reading time\" \/>\n\t<meta name=\"twitter:data1\" content=\"1 minute\" \/>\n<script type=\"application\/ld+json\" class=\"yoast-schema-graph\">{\"@context\":\"https:\\\/\\\/schema.org\",\"@graph\":[{\"@type\":\"WebPage\",\"@id\":\"https:\\\/\\\/domaine-du-paradis.ch\\\/en\\\/product\\\/jazz-dans-les-vignes\\\/\",\"url\":\"https:\\\/\\\/domaine-du-paradis.ch\\\/en\\\/product\\\/jazz-dans-les-vignes\\\/\",\"name\":\"Jazz dans les vignes - Domaine du Paradis\",\"isPartOf\":{\"@id\":\"https:\\\/\\\/domaine-du-paradis.ch\\\/en\\\/#website\"},\"primaryImageOfPage\":{\"@id\":\"https:\\\/\\\/domaine-du-paradis.ch\\\/en\\\/product\\\/jazz-dans-les-vignes\\\/#primaryimage\"},\"image\":{\"@id\":\"https:\\\/\\\/domaine-du-paradis.ch\\\/en\\\/product\\\/jazz-dans-les-vignes\\\/#primaryimage\"},\"thumbnailUrl\":\"https:\\\/\\\/domaine-du-paradis.ch\\\/wp-content\\\/uploads\\\/2024\\\/05\\\/Blue-Motion.jpeg\",\"datePublished\":\"2024-05-02T19:18:23+00:00\",\"breadcrumb\":{\"@id\":\"https:\\\/\\\/domaine-du-paradis.ch\\\/en\\\/product\\\/jazz-dans-les-vignes\\\/#breadcrumb\"},\"inLanguage\":\"en-US\",\"potentialAction\":[{\"@type\":\"ReadAction\",\"target\":[\"https:\\\/\\\/domaine-du-paradis.ch\\\/en\\\/product\\\/jazz-dans-les-vignes\\\/\"]}]},{\"@type\":\"ImageObject\",\"inLanguage\":\"en-US\",\"@id\":\"https:\\\/\\\/domaine-du-paradis.ch\\\/en\\\/product\\\/jazz-dans-les-vignes\\\/#primaryimage\",\"url\":\"https:\\\/\\\/domaine-du-paradis.ch\\\/wp-content\\\/uploads\\\/2024\\\/05\\\/Blue-Motion.jpeg\",\"contentUrl\":\"https:\\\/\\\/domaine-du-paradis.ch\\\/wp-content\\\/uploads\\\/2024\\\/05\\\/Blue-Motion.jpeg\",\"width\":1024,\"height\":932,\"caption\":\"Jazz dans les vignes - Domaine du Paradis\"},{\"@type\":\"BreadcrumbList\",\"@id\":\"https:\\\/\\\/domaine-du-paradis.ch\\\/en\\\/product\\\/jazz-dans-les-vignes\\\/#breadcrumb\",\"itemListElement\":[{\"@type\":\"ListItem\",\"position\":1,\"name\":\"Home\",\"item\":\"https:\\\/\\\/domaine-du-paradis.ch\\\/en\\\/\"},{\"@type\":\"ListItem\",\"position\":2,\"name\":\"Discover our wines\",\"item\":\"https:\\\/\\\/domaine-du-paradis.ch\\\/en\\\/shop\\\/\"},{\"@type\":\"ListItem\",\"position\":3,\"name\":\"Jazz dans les vignes\"}]},{\"@type\":\"WebSite\",\"@id\":\"https:\\\/\\\/domaine-du-paradis.ch\\\/en\\\/#website\",\"url\":\"https:\\\/\\\/domaine-du-paradis.ch\\\/en\\\/\",\"name\":\"Domaine du Paradis\",\"description\":\"Faire vivre de belles histoires\",\"publisher\":{\"@id\":\"https:\\\/\\\/domaine-du-paradis.ch\\\/en\\\/#organization\"},\"alternateName\":\"Vins Suisses - Famille Burgdorfer\",\"potentialAction\":[{\"@type\":\"SearchAction\",\"target\":{\"@type\":\"EntryPoint\",\"urlTemplate\":\"https:\\\/\\\/domaine-du-paradis.ch\\\/en\\\/?s={search_term_string}\"},\"query-input\":{\"@type\":\"PropertyValueSpecification\",\"valueRequired\":true,\"valueName\":\"search_term_string\"}}],\"inLanguage\":\"en-US\"},{\"@type\":\"Organization\",\"@id\":\"https:\\\/\\\/domaine-du-paradis.ch\\\/en\\\/#organization\",\"name\":\"Domaine du Paradis\",\"url\":\"https:\\\/\\\/domaine-du-paradis.ch\\\/en\\\/\",\"logo\":{\"@type\":\"ImageObject\",\"inLanguage\":\"en-US\",\"@id\":\"https:\\\/\\\/domaine-du-paradis.ch\\\/en\\\/#\\\/schema\\\/logo\\\/image\\\/\",\"url\":\"https:\\\/\\\/domaine-du-paradis.ch\\\/wp-content\\\/uploads\\\/2022\\\/08\\\/logo-domaine-du-paradis-blanc.svg\",\"contentUrl\":\"https:\\\/\\\/domaine-du-paradis.ch\\\/wp-content\\\/uploads\\\/2022\\\/08\\\/logo-domaine-du-paradis-blanc.svg\",\"caption\":\"Domaine du Paradis\"},\"image\":{\"@id\":\"https:\\\/\\\/domaine-du-paradis.ch\\\/en\\\/#\\\/schema\\\/logo\\\/image\\\/\"}}]}<\/script>\n<!-- \/ Yoast SEO Premium plugin. -->","yoast_head_json":{"title":"Jazz dans les vignes - Domaine du Paradis","robots":{"index":"index","follow":"follow","max-snippet":"max-snippet:-1","max-image-preview":"max-image-preview:large","max-video-preview":"max-video-preview:-1"},"canonical":"https:\/\/domaine-du-paradis.ch\/en\/product\/jazz-dans-les-vignes\/","og_locale":"en_US","og_type":"article","og_title":"Jazz dans les vignes","og_description":"Tu veux passer une nuit magique sous le signe du Jazz, en plein air, au Domaine du Paradis, en buvant un coup et en mangeant un morceau ? Alors c&#8217;est le 14 juin que \u00e7a se passe ! &nbsp; Gr\u00e2ce \u00e0 l&#8217;Association Genevoise des Musiciens de Jazz (AGMJ) qui pose une de ses dates chez [&hellip;]","og_url":"https:\/\/domaine-du-paradis.ch\/en\/product\/jazz-dans-les-vignes\/","og_site_name":"Domaine du Paradis","og_image":[{"width":1024,"height":932,"url":"https:\/\/domaine-du-paradis.ch\/wp-content\/uploads\/2024\/05\/Blue-Motion.jpeg","type":"image\/jpeg"}],"twitter_card":"summary_large_image","twitter_misc":{"Est. reading time":"1 minute"},"schema":{"@context":"https:\/\/schema.org","@graph":[{"@type":"WebPage","@id":"https:\/\/domaine-du-paradis.ch\/en\/product\/jazz-dans-les-vignes\/","url":"https:\/\/domaine-du-paradis.ch\/en\/product\/jazz-dans-les-vignes\/","name":"Jazz dans les vignes - Domaine du Paradis","isPartOf":{"@id":"https:\/\/domaine-du-paradis.ch\/en\/#website"},"primaryImageOfPage":{"@id":"https:\/\/domaine-du-paradis.ch\/en\/product\/jazz-dans-les-vignes\/#primaryimage"},"image":{"@id":"https:\/\/domaine-du-paradis.ch\/en\/product\/jazz-dans-les-vignes\/#primaryimage"},"thumbnailUrl":"https:\/\/domaine-du-paradis.ch\/wp-content\/uploads\/2024\/05\/Blue-Motion.jpeg","datePublished":"2024-05-02T19:18:23+00:00","breadcrumb":{"@id":"https:\/\/domaine-du-paradis.ch\/en\/product\/jazz-dans-les-vignes\/#breadcrumb"},"inLanguage":"en-US","potentialAction":[{"@type":"ReadAction","target":["https:\/\/domaine-du-paradis.ch\/en\/product\/jazz-dans-les-vignes\/"]}]},{"@type":"ImageObject","inLanguage":"en-US","@id":"https:\/\/domaine-du-paradis.ch\/en\/product\/jazz-dans-les-vignes\/#primaryimage","url":"https:\/\/domaine-du-paradis.ch\/wp-content\/uploads\/2024\/05\/Blue-Motion.jpeg","contentUrl":"https:\/\/domaine-du-paradis.ch\/wp-content\/uploads\/2024\/05\/Blue-Motion.jpeg","width":1024,"height":932,"caption":"Jazz dans les vignes - Domaine du Paradis"},{"@type":"BreadcrumbList","@id":"https:\/\/domaine-du-paradis.ch\/en\/product\/jazz-dans-les-vignes\/#breadcrumb","itemListElement":[{"@type":"ListItem","position":1,"name":"Home","item":"https:\/\/domaine-du-paradis.ch\/en\/"},{"@type":"ListItem","position":2,"name":"Discover our wines","item":"https:\/\/domaine-du-paradis.ch\/en\/shop\/"},{"@type":"ListItem","position":3,"name":"Jazz dans les vignes"}]},{"@type":"WebSite","@id":"https:\/\/domaine-du-paradis.ch\/en\/#website","url":"https:\/\/domaine-du-paradis.ch\/en\/","name":"Domaine du Paradis","description":"Faire vivre de belles histoires","publisher":{"@id":"https:\/\/domaine-du-paradis.ch\/en\/#organization"},"alternateName":"Vins Suisses - Famille Burgdorfer","potentialAction":[{"@type":"SearchAction","target":{"@type":"EntryPoint","urlTemplate":"https:\/\/domaine-du-paradis.ch\/en\/?s={search_term_string}"},"query-input":{"@type":"PropertyValueSpecification","valueRequired":true,"valueName":"search_term_string"}}],"inLanguage":"en-US"},{"@type":"Organization","@id":"https:\/\/domaine-du-paradis.ch\/en\/#organization","name":"Domaine du Paradis","url":"https:\/\/domaine-du-paradis.ch\/en\/","logo":{"@type":"ImageObject","inLanguage":"en-US","@id":"https:\/\/domaine-du-paradis.ch\/en\/#\/schema\/logo\/image\/","url":"https:\/\/domaine-du-paradis.ch\/wp-content\/uploads\/2022\/08\/logo-domaine-du-paradis-blanc.svg","contentUrl":"https:\/\/domaine-du-paradis.ch\/wp-content\/uploads\/2022\/08\/logo-domaine-du-paradis-blanc.svg","caption":"Domaine du Paradis"},"image":{"@id":"https:\/\/domaine-du-paradis.ch\/en\/#\/schema\/logo\/image\/"}}]}},"_links":{"self":[{"href":"https:\/\/domaine-du-paradis.ch\/en\/wp-json\/wp\/v2\/product\/43764","targetHints":{"allow":["GET"]}}],"collection":[{"href":"https:\/\/domaine-du-paradis.ch\/en\/wp-json\/wp\/v2\/product"}],"about":[{"href":"https:\/\/domaine-du-paradis.ch\/en\/wp-json\/wp\/v2\/types\/product"}],"wp:featuredmedia":[{"embeddable":true,"href":"https:\/\/domaine-du-paradis.ch\/en\/wp-json\/wp\/v2\/media\/43765"}],"wp:attachment":[{"href":"https:\/\/domaine-du-paradis.ch\/en\/wp-json\/wp\/v2\/media?parent=43764"}],"wp:term":[{"taxonomy":"product_brand","embeddable":true,"href":"https:\/\/domaine-du-paradis.ch\/en\/wp-json\/wp\/v2\/product_brand?post=43764"},{"taxonomy":"product_cat","embeddable":true,"href":"https:\/\/domaine-du-paradis.ch\/en\/wp-json\/wp\/v2\/product_cat?post=43764"},{"taxonomy":"product_tag","embeddable":true,"href":"https:\/\/domaine-du-paradis.ch\/en\/wp-json\/wp\/v2\/product_tag?post=43764"}],"curies":[{"name":"wp","href":"https:\/\/api.w.org\/{rel}","templated":true}]}}