{"id":43409,"date":"2023-12-06T11:11:00","date_gmt":"2023-12-06T10:11:00","guid":{"rendered":"https:\/\/domaine-du-paradis.ch\/?post_type=product&#038;p=43409"},"modified":"2025-12-04T08:55:01","modified_gmt":"2025-12-04T07:55:01","slug":"merlot-pepite","status":"publish","type":"product","link":"https:\/\/domaine-du-paradis.ch\/en\/product\/merlot-pepite\/","title":{"rendered":"Merlot &#8211; P\u00e9pite"},"content":{"rendered":"<div data-pm-slice=\"1 1 []\" data-en-clipboard=\"true\">Parce que tu connaissais le Merlot en assemblage dans notre gamme, parce que c&#8217;est un de nos c\u00e9pages coup de coeur, et parce que c&#8217;\u00e9tait LE mill\u00e9sime pour tenter une vinification de notre Merlot en monoc\u00e9page et en grappe enti\u00e8re, que cette p\u00e9pite 2022 est n\u00e9e. La m\u00e9t\u00e9o bien solaire de 2022 a offert la justesse et la maturit\u00e9 aux raisins, et tr\u00e8s particuli\u00e8rement un magnifique \u00e9quilibre au Merlot.<\/div>\n<div data-pm-slice=\"1 1 []\" data-en-clipboard=\"true\"><\/div>\n<div data-pm-slice=\"1 1 []\" data-en-clipboard=\"true\">Ce petit malin bien cors\u00e9 et fruit\u00e9 est issu de grappes s\u00e9lectionn\u00e9es et d&#8217;une vinification partielle en grappe enti\u00e8re, offrant des ar\u00f4mes menthol\u00e9s et de fruits rouges avant un \u00e9levage de 12 mois en fut de ch\u00eane. Et oui : tout vient point \u00e0 qui sait attendre ! Cet \u00e9levage nous permet de te pr\u00e9senter \u00e0 l&#8217;issu de cette ann\u00e9e de boulot une cuv\u00e9e riche et bois\u00e9e, aux tanins soyeux et au potentiel de garde important. Une p\u00e9pite avec la fraicheur d&#8217;un Merlot charmeur et bien \u00e9lev\u00e9 (comme ses parents).<\/div>\n","protected":false},"excerpt":{"rendered":"<p>Parce que tu connaissais le Merlot en assemblage dans notre gamme, parce que c&#8217;est un de nos c\u00e9pages coup de coeur, et parce que c&#8217;\u00e9tait LE mill\u00e9sime pour tenter une vinification de notre Merlot en monoc\u00e9page et en grappe enti\u00e8re, que cette p\u00e9pite 2022 est n\u00e9e. La m\u00e9t\u00e9o bien solaire de 2022 a offert la [&hellip;]<\/p>\n","protected":false},"featured_media":43476,"template":"","meta":{"_acf_changed":false},"product_brand":[],"product_cat":[17],"product_tag":[],"class_list":{"0":"post-43409","1":"product","2":"type-product","3":"status-publish","4":"has-post-thumbnail","6":"product_cat-vins-rouges","7":"product_type_jason-barrique","8":"product_type_jason-monocepage","10":"first","11":"outofstock","12":"taxable","13":"shipping-taxable","14":"purchasable","15":"product-type-simple"},"acf":[],"yoast_head":"<!-- This site is optimized with the Yoast SEO Premium plugin v27.3 (Yoast SEO v27.3) - https:\/\/yoast.com\/product\/yoast-seo-premium-wordpress\/ -->\n<title>Merlot - P\u00e9pite - Domaine du Paradis<\/title>\n<meta name=\"robots\" content=\"index, follow, max-snippet:-1, max-image-preview:large, max-video-preview:-1\" \/>\n<link rel=\"canonical\" href=\"https:\/\/domaine-du-paradis.ch\/en\/product\/merlot-pepite\/\" \/>\n<meta property=\"og:locale\" content=\"en_US\" \/>\n<meta property=\"og:type\" content=\"article\" \/>\n<meta property=\"og:title\" content=\"Merlot - P\u00e9pite\" \/>\n<meta property=\"og:description\" content=\"Parce que tu connaissais le Merlot en assemblage dans notre gamme, parce que c&#8217;est un de nos c\u00e9pages coup de coeur, et parce que c&#8217;\u00e9tait LE mill\u00e9sime pour tenter une vinification de notre Merlot en monoc\u00e9page et en grappe enti\u00e8re, que cette p\u00e9pite 2022 est n\u00e9e. La m\u00e9t\u00e9o bien solaire de 2022 a offert la [&hellip;]\" \/>\n<meta property=\"og:url\" content=\"https:\/\/domaine-du-paradis.ch\/en\/product\/merlot-pepite\/\" \/>\n<meta property=\"og:site_name\" content=\"Domaine du Paradis\" \/>\n<meta property=\"article:modified_time\" content=\"2025-12-04T07:55:01+00:00\" \/>\n<meta property=\"og:image\" content=\"https:\/\/domaine-du-paradis.ch\/wp-content\/uploads\/2023\/10\/merlot-Pepite.png\" \/>\n\t<meta property=\"og:image:width\" content=\"633\" \/>\n\t<meta property=\"og:image:height\" content=\"2253\" \/>\n\t<meta property=\"og:image:type\" content=\"image\/png\" \/>\n<meta name=\"twitter:card\" content=\"summary_large_image\" \/>\n<meta name=\"twitter:label1\" content=\"Est. reading time\" \/>\n\t<meta name=\"twitter:data1\" content=\"2 minutes\" \/>\n<script type=\"application\/ld+json\" class=\"yoast-schema-graph\">{\"@context\":\"https:\\\/\\\/schema.org\",\"@graph\":[{\"@type\":\"WebPage\",\"@id\":\"https:\\\/\\\/domaine-du-paradis.ch\\\/en\\\/product\\\/merlot-pepite\\\/\",\"url\":\"https:\\\/\\\/domaine-du-paradis.ch\\\/en\\\/product\\\/merlot-pepite\\\/\",\"name\":\"Merlot - P\u00e9pite - Domaine du Paradis\",\"isPartOf\":{\"@id\":\"https:\\\/\\\/domaine-du-paradis.ch\\\/en\\\/#website\"},\"primaryImageOfPage\":{\"@id\":\"https:\\\/\\\/domaine-du-paradis.ch\\\/en\\\/product\\\/merlot-pepite\\\/#primaryimage\"},\"image\":{\"@id\":\"https:\\\/\\\/domaine-du-paradis.ch\\\/en\\\/product\\\/merlot-pepite\\\/#primaryimage\"},\"thumbnailUrl\":\"https:\\\/\\\/domaine-du-paradis.ch\\\/wp-content\\\/uploads\\\/2023\\\/10\\\/merlot-Pepite.png\",\"datePublished\":\"2023-12-06T10:11:00+00:00\",\"dateModified\":\"2025-12-04T07:55:01+00:00\",\"breadcrumb\":{\"@id\":\"https:\\\/\\\/domaine-du-paradis.ch\\\/en\\\/product\\\/merlot-pepite\\\/#breadcrumb\"},\"inLanguage\":\"en-US\",\"potentialAction\":[{\"@type\":\"ReadAction\",\"target\":[\"https:\\\/\\\/domaine-du-paradis.ch\\\/en\\\/product\\\/merlot-pepite\\\/\"]}]},{\"@type\":\"ImageObject\",\"inLanguage\":\"en-US\",\"@id\":\"https:\\\/\\\/domaine-du-paradis.ch\\\/en\\\/product\\\/merlot-pepite\\\/#primaryimage\",\"url\":\"https:\\\/\\\/domaine-du-paradis.ch\\\/wp-content\\\/uploads\\\/2023\\\/10\\\/merlot-Pepite.png\",\"contentUrl\":\"https:\\\/\\\/domaine-du-paradis.ch\\\/wp-content\\\/uploads\\\/2023\\\/10\\\/merlot-Pepite.png\",\"width\":633,\"height\":2253,\"caption\":\"Merlot Domaine du Paradis\"},{\"@type\":\"BreadcrumbList\",\"@id\":\"https:\\\/\\\/domaine-du-paradis.ch\\\/en\\\/product\\\/merlot-pepite\\\/#breadcrumb\",\"itemListElement\":[{\"@type\":\"ListItem\",\"position\":1,\"name\":\"Home\",\"item\":\"https:\\\/\\\/domaine-du-paradis.ch\\\/en\\\/\"},{\"@type\":\"ListItem\",\"position\":2,\"name\":\"Discover our wines\",\"item\":\"https:\\\/\\\/domaine-du-paradis.ch\\\/en\\\/shop\\\/\"},{\"@type\":\"ListItem\",\"position\":3,\"name\":\"Merlot &#8211; P\u00e9pite\"}]},{\"@type\":\"WebSite\",\"@id\":\"https:\\\/\\\/domaine-du-paradis.ch\\\/en\\\/#website\",\"url\":\"https:\\\/\\\/domaine-du-paradis.ch\\\/en\\\/\",\"name\":\"Domaine du Paradis\",\"description\":\"Faire vivre de belles histoires\",\"publisher\":{\"@id\":\"https:\\\/\\\/domaine-du-paradis.ch\\\/en\\\/#organization\"},\"alternateName\":\"Vins Suisses - Famille Burgdorfer\",\"potentialAction\":[{\"@type\":\"SearchAction\",\"target\":{\"@type\":\"EntryPoint\",\"urlTemplate\":\"https:\\\/\\\/domaine-du-paradis.ch\\\/en\\\/?s={search_term_string}\"},\"query-input\":{\"@type\":\"PropertyValueSpecification\",\"valueRequired\":true,\"valueName\":\"search_term_string\"}}],\"inLanguage\":\"en-US\"},{\"@type\":\"Organization\",\"@id\":\"https:\\\/\\\/domaine-du-paradis.ch\\\/en\\\/#organization\",\"name\":\"Domaine du Paradis\",\"url\":\"https:\\\/\\\/domaine-du-paradis.ch\\\/en\\\/\",\"logo\":{\"@type\":\"ImageObject\",\"inLanguage\":\"en-US\",\"@id\":\"https:\\\/\\\/domaine-du-paradis.ch\\\/en\\\/#\\\/schema\\\/logo\\\/image\\\/\",\"url\":\"https:\\\/\\\/domaine-du-paradis.ch\\\/wp-content\\\/uploads\\\/2022\\\/08\\\/logo-domaine-du-paradis-blanc.svg\",\"contentUrl\":\"https:\\\/\\\/domaine-du-paradis.ch\\\/wp-content\\\/uploads\\\/2022\\\/08\\\/logo-domaine-du-paradis-blanc.svg\",\"caption\":\"Domaine du Paradis\"},\"image\":{\"@id\":\"https:\\\/\\\/domaine-du-paradis.ch\\\/en\\\/#\\\/schema\\\/logo\\\/image\\\/\"}}]}<\/script>\n<!-- \/ Yoast SEO Premium plugin. -->","yoast_head_json":{"title":"Merlot - P\u00e9pite - Domaine du Paradis","robots":{"index":"index","follow":"follow","max-snippet":"max-snippet:-1","max-image-preview":"max-image-preview:large","max-video-preview":"max-video-preview:-1"},"canonical":"https:\/\/domaine-du-paradis.ch\/en\/product\/merlot-pepite\/","og_locale":"en_US","og_type":"article","og_title":"Merlot - P\u00e9pite","og_description":"Parce que tu connaissais le Merlot en assemblage dans notre gamme, parce que c&#8217;est un de nos c\u00e9pages coup de coeur, et parce que c&#8217;\u00e9tait LE mill\u00e9sime pour tenter une vinification de notre Merlot en monoc\u00e9page et en grappe enti\u00e8re, que cette p\u00e9pite 2022 est n\u00e9e. La m\u00e9t\u00e9o bien solaire de 2022 a offert la [&hellip;]","og_url":"https:\/\/domaine-du-paradis.ch\/en\/product\/merlot-pepite\/","og_site_name":"Domaine du Paradis","article_modified_time":"2025-12-04T07:55:01+00:00","og_image":[{"width":633,"height":2253,"url":"https:\/\/domaine-du-paradis.ch\/wp-content\/uploads\/2023\/10\/merlot-Pepite.png","type":"image\/png"}],"twitter_card":"summary_large_image","twitter_misc":{"Est. reading time":"2 minutes"},"schema":{"@context":"https:\/\/schema.org","@graph":[{"@type":"WebPage","@id":"https:\/\/domaine-du-paradis.ch\/en\/product\/merlot-pepite\/","url":"https:\/\/domaine-du-paradis.ch\/en\/product\/merlot-pepite\/","name":"Merlot - P\u00e9pite - Domaine du Paradis","isPartOf":{"@id":"https:\/\/domaine-du-paradis.ch\/en\/#website"},"primaryImageOfPage":{"@id":"https:\/\/domaine-du-paradis.ch\/en\/product\/merlot-pepite\/#primaryimage"},"image":{"@id":"https:\/\/domaine-du-paradis.ch\/en\/product\/merlot-pepite\/#primaryimage"},"thumbnailUrl":"https:\/\/domaine-du-paradis.ch\/wp-content\/uploads\/2023\/10\/merlot-Pepite.png","datePublished":"2023-12-06T10:11:00+00:00","dateModified":"2025-12-04T07:55:01+00:00","breadcrumb":{"@id":"https:\/\/domaine-du-paradis.ch\/en\/product\/merlot-pepite\/#breadcrumb"},"inLanguage":"en-US","potentialAction":[{"@type":"ReadAction","target":["https:\/\/domaine-du-paradis.ch\/en\/product\/merlot-pepite\/"]}]},{"@type":"ImageObject","inLanguage":"en-US","@id":"https:\/\/domaine-du-paradis.ch\/en\/product\/merlot-pepite\/#primaryimage","url":"https:\/\/domaine-du-paradis.ch\/wp-content\/uploads\/2023\/10\/merlot-Pepite.png","contentUrl":"https:\/\/domaine-du-paradis.ch\/wp-content\/uploads\/2023\/10\/merlot-Pepite.png","width":633,"height":2253,"caption":"Merlot Domaine du Paradis"},{"@type":"BreadcrumbList","@id":"https:\/\/domaine-du-paradis.ch\/en\/product\/merlot-pepite\/#breadcrumb","itemListElement":[{"@type":"ListItem","position":1,"name":"Home","item":"https:\/\/domaine-du-paradis.ch\/en\/"},{"@type":"ListItem","position":2,"name":"Discover our wines","item":"https:\/\/domaine-du-paradis.ch\/en\/shop\/"},{"@type":"ListItem","position":3,"name":"Merlot &#8211; P\u00e9pite"}]},{"@type":"WebSite","@id":"https:\/\/domaine-du-paradis.ch\/en\/#website","url":"https:\/\/domaine-du-paradis.ch\/en\/","name":"Domaine du Paradis","description":"Faire vivre de belles histoires","publisher":{"@id":"https:\/\/domaine-du-paradis.ch\/en\/#organization"},"alternateName":"Vins Suisses - Famille Burgdorfer","potentialAction":[{"@type":"SearchAction","target":{"@type":"EntryPoint","urlTemplate":"https:\/\/domaine-du-paradis.ch\/en\/?s={search_term_string}"},"query-input":{"@type":"PropertyValueSpecification","valueRequired":true,"valueName":"search_term_string"}}],"inLanguage":"en-US"},{"@type":"Organization","@id":"https:\/\/domaine-du-paradis.ch\/en\/#organization","name":"Domaine du Paradis","url":"https:\/\/domaine-du-paradis.ch\/en\/","logo":{"@type":"ImageObject","inLanguage":"en-US","@id":"https:\/\/domaine-du-paradis.ch\/en\/#\/schema\/logo\/image\/","url":"https:\/\/domaine-du-paradis.ch\/wp-content\/uploads\/2022\/08\/logo-domaine-du-paradis-blanc.svg","contentUrl":"https:\/\/domaine-du-paradis.ch\/wp-content\/uploads\/2022\/08\/logo-domaine-du-paradis-blanc.svg","caption":"Domaine du Paradis"},"image":{"@id":"https:\/\/domaine-du-paradis.ch\/en\/#\/schema\/logo\/image\/"}}]}},"_links":{"self":[{"href":"https:\/\/domaine-du-paradis.ch\/en\/wp-json\/wp\/v2\/product\/43409","targetHints":{"allow":["GET"]}}],"collection":[{"href":"https:\/\/domaine-du-paradis.ch\/en\/wp-json\/wp\/v2\/product"}],"about":[{"href":"https:\/\/domaine-du-paradis.ch\/en\/wp-json\/wp\/v2\/types\/product"}],"wp:featuredmedia":[{"embeddable":true,"href":"https:\/\/domaine-du-paradis.ch\/en\/wp-json\/wp\/v2\/media\/43476"}],"wp:attachment":[{"href":"https:\/\/domaine-du-paradis.ch\/en\/wp-json\/wp\/v2\/media?parent=43409"}],"wp:term":[{"taxonomy":"product_brand","embeddable":true,"href":"https:\/\/domaine-du-paradis.ch\/en\/wp-json\/wp\/v2\/product_brand?post=43409"},{"taxonomy":"product_cat","embeddable":true,"href":"https:\/\/domaine-du-paradis.ch\/en\/wp-json\/wp\/v2\/product_cat?post=43409"},{"taxonomy":"product_tag","embeddable":true,"href":"https:\/\/domaine-du-paradis.ch\/en\/wp-json\/wp\/v2\/product_tag?post=43409"}],"curies":[{"name":"wp","href":"https:\/\/api.w.org\/{rel}","templated":true}]}}