{"id":43395,"date":"2023-10-17T15:09:11","date_gmt":"2023-10-17T13:09:11","guid":{"rendered":"https:\/\/domaine-du-paradis.ch\/?post_type=product&#038;p=43395"},"modified":"2023-11-18T19:07:41","modified_gmt":"2023-11-18T18:07:41","slug":"revelations","status":"publish","type":"product","link":"https:\/\/domaine-du-paradis.ch\/en\/product\/revelations\/","title":{"rendered":"R\u00e9v\u00e9lations !"},"content":{"rendered":"<p>Ce jour l\u00e0, on aura tout un tas de secrets \u00e0 te d\u00e9voiler! Des petits, des grands, ceux de Polichinelle et ceux que tu ne connais pas encore. De 11h \u00e0 15h, tu passes quand tu veux! Il y aura de quoi manger un morceau, boire un coup, et t&#8217;en mettre pleins les yeux et les oreilles.<\/p>\n","protected":false},"excerpt":{"rendered":"<p>Ce jour l\u00e0, on aura tout un tas de secrets \u00e0 te d\u00e9voiler! Des petits, des grands, ceux de Polichinelle et ceux que tu ne connais pas encore. De 11h \u00e0 15h, tu passes quand tu veux! Il y aura de quoi manger un morceau, boire un coup, et t&#8217;en mettre pleins les yeux et [&hellip;]<\/p>\n","protected":false},"featured_media":43424,"template":"","meta":{"_acf_changed":false},"product_brand":[],"product_cat":[67],"product_tag":[],"class_list":{"0":"post-43395","1":"product","2":"type-product","3":"status-publish","4":"has-post-thumbnail","6":"product_cat-evenement","8":"first","9":"instock","10":"downloadable","11":"virtual","12":"taxable","13":"purchasable","14":"product-type-simple"},"acf":[],"yoast_head":"<!-- This site is optimized with the Yoast SEO Premium plugin v27.3 (Yoast SEO v27.3) - https:\/\/yoast.com\/product\/yoast-seo-premium-wordpress\/ -->\n<title>R\u00e9v\u00e9lations ! - Domaine du Paradis<\/title>\n<meta name=\"robots\" content=\"index, follow, max-snippet:-1, max-image-preview:large, max-video-preview:-1\" \/>\n<link rel=\"canonical\" href=\"https:\/\/domaine-du-paradis.ch\/en\/product\/revelations\/\" \/>\n<meta property=\"og:locale\" content=\"en_US\" \/>\n<meta property=\"og:type\" content=\"article\" \/>\n<meta property=\"og:title\" content=\"R\u00e9v\u00e9lations !\" \/>\n<meta property=\"og:description\" content=\"Ce jour l\u00e0, on aura tout un tas de secrets \u00e0 te d\u00e9voiler! Des petits, des grands, ceux de Polichinelle et ceux que tu ne connais pas encore. De 11h \u00e0 15h, tu passes quand tu veux! Il y aura de quoi manger un morceau, boire un coup, et t&#8217;en mettre pleins les yeux et [&hellip;]\" \/>\n<meta property=\"og:url\" content=\"https:\/\/domaine-du-paradis.ch\/en\/product\/revelations\/\" \/>\n<meta property=\"og:site_name\" content=\"Domaine du Paradis\" \/>\n<meta property=\"article:modified_time\" content=\"2023-11-18T18:07:41+00:00\" \/>\n<meta property=\"og:image\" content=\"https:\/\/domaine-du-paradis.ch\/wp-content\/uploads\/2023\/10\/Cover-WP-revelations-02.12.2023-scaled.jpg\" \/>\n\t<meta property=\"og:image:width\" content=\"2560\" \/>\n\t<meta property=\"og:image:height\" content=\"1415\" \/>\n\t<meta property=\"og:image:type\" content=\"image\/jpeg\" \/>\n<meta name=\"twitter:card\" content=\"summary_large_image\" \/>\n<meta name=\"twitter:label1\" content=\"Est. reading time\" \/>\n\t<meta name=\"twitter:data1\" content=\"1 minute\" \/>\n<script type=\"application\/ld+json\" class=\"yoast-schema-graph\">{\"@context\":\"https:\\\/\\\/schema.org\",\"@graph\":[{\"@type\":\"WebPage\",\"@id\":\"https:\\\/\\\/domaine-du-paradis.ch\\\/en\\\/product\\\/revelations\\\/\",\"url\":\"https:\\\/\\\/domaine-du-paradis.ch\\\/en\\\/product\\\/revelations\\\/\",\"name\":\"R\u00e9v\u00e9lations ! - Domaine du Paradis\",\"isPartOf\":{\"@id\":\"https:\\\/\\\/domaine-du-paradis.ch\\\/en\\\/#website\"},\"primaryImageOfPage\":{\"@id\":\"https:\\\/\\\/domaine-du-paradis.ch\\\/en\\\/product\\\/revelations\\\/#primaryimage\"},\"image\":{\"@id\":\"https:\\\/\\\/domaine-du-paradis.ch\\\/en\\\/product\\\/revelations\\\/#primaryimage\"},\"thumbnailUrl\":\"https:\\\/\\\/domaine-du-paradis.ch\\\/wp-content\\\/uploads\\\/2023\\\/10\\\/Cover-WP-revelations-02.12.2023-scaled.jpg\",\"datePublished\":\"2023-10-17T13:09:11+00:00\",\"dateModified\":\"2023-11-18T18:07:41+00:00\",\"breadcrumb\":{\"@id\":\"https:\\\/\\\/domaine-du-paradis.ch\\\/en\\\/product\\\/revelations\\\/#breadcrumb\"},\"inLanguage\":\"en-US\",\"potentialAction\":[{\"@type\":\"ReadAction\",\"target\":[\"https:\\\/\\\/domaine-du-paradis.ch\\\/en\\\/product\\\/revelations\\\/\"]}]},{\"@type\":\"ImageObject\",\"inLanguage\":\"en-US\",\"@id\":\"https:\\\/\\\/domaine-du-paradis.ch\\\/en\\\/product\\\/revelations\\\/#primaryimage\",\"url\":\"https:\\\/\\\/domaine-du-paradis.ch\\\/wp-content\\\/uploads\\\/2023\\\/10\\\/Cover-WP-revelations-02.12.2023-scaled.jpg\",\"contentUrl\":\"https:\\\/\\\/domaine-du-paradis.ch\\\/wp-content\\\/uploads\\\/2023\\\/10\\\/Cover-WP-revelations-02.12.2023-scaled.jpg\",\"width\":2560,\"height\":1415,\"caption\":\"40 ans Paradis Gen\u00e8ve\"},{\"@type\":\"BreadcrumbList\",\"@id\":\"https:\\\/\\\/domaine-du-paradis.ch\\\/en\\\/product\\\/revelations\\\/#breadcrumb\",\"itemListElement\":[{\"@type\":\"ListItem\",\"position\":1,\"name\":\"Home\",\"item\":\"https:\\\/\\\/domaine-du-paradis.ch\\\/en\\\/\"},{\"@type\":\"ListItem\",\"position\":2,\"name\":\"Discover our wines\",\"item\":\"https:\\\/\\\/domaine-du-paradis.ch\\\/en\\\/shop\\\/\"},{\"@type\":\"ListItem\",\"position\":3,\"name\":\"R\u00e9v\u00e9lations !\"}]},{\"@type\":\"WebSite\",\"@id\":\"https:\\\/\\\/domaine-du-paradis.ch\\\/en\\\/#website\",\"url\":\"https:\\\/\\\/domaine-du-paradis.ch\\\/en\\\/\",\"name\":\"Domaine du Paradis\",\"description\":\"Faire vivre de belles histoires\",\"publisher\":{\"@id\":\"https:\\\/\\\/domaine-du-paradis.ch\\\/en\\\/#organization\"},\"alternateName\":\"Vins Suisses - Famille Burgdorfer\",\"potentialAction\":[{\"@type\":\"SearchAction\",\"target\":{\"@type\":\"EntryPoint\",\"urlTemplate\":\"https:\\\/\\\/domaine-du-paradis.ch\\\/en\\\/?s={search_term_string}\"},\"query-input\":{\"@type\":\"PropertyValueSpecification\",\"valueRequired\":true,\"valueName\":\"search_term_string\"}}],\"inLanguage\":\"en-US\"},{\"@type\":\"Organization\",\"@id\":\"https:\\\/\\\/domaine-du-paradis.ch\\\/en\\\/#organization\",\"name\":\"Domaine du Paradis\",\"url\":\"https:\\\/\\\/domaine-du-paradis.ch\\\/en\\\/\",\"logo\":{\"@type\":\"ImageObject\",\"inLanguage\":\"en-US\",\"@id\":\"https:\\\/\\\/domaine-du-paradis.ch\\\/en\\\/#\\\/schema\\\/logo\\\/image\\\/\",\"url\":\"https:\\\/\\\/domaine-du-paradis.ch\\\/wp-content\\\/uploads\\\/2022\\\/08\\\/logo-domaine-du-paradis-blanc.svg\",\"contentUrl\":\"https:\\\/\\\/domaine-du-paradis.ch\\\/wp-content\\\/uploads\\\/2022\\\/08\\\/logo-domaine-du-paradis-blanc.svg\",\"caption\":\"Domaine du Paradis\"},\"image\":{\"@id\":\"https:\\\/\\\/domaine-du-paradis.ch\\\/en\\\/#\\\/schema\\\/logo\\\/image\\\/\"}}]}<\/script>\n<!-- \/ Yoast SEO Premium plugin. -->","yoast_head_json":{"title":"R\u00e9v\u00e9lations ! - Domaine du Paradis","robots":{"index":"index","follow":"follow","max-snippet":"max-snippet:-1","max-image-preview":"max-image-preview:large","max-video-preview":"max-video-preview:-1"},"canonical":"https:\/\/domaine-du-paradis.ch\/en\/product\/revelations\/","og_locale":"en_US","og_type":"article","og_title":"R\u00e9v\u00e9lations !","og_description":"Ce jour l\u00e0, on aura tout un tas de secrets \u00e0 te d\u00e9voiler! Des petits, des grands, ceux de Polichinelle et ceux que tu ne connais pas encore. De 11h \u00e0 15h, tu passes quand tu veux! Il y aura de quoi manger un morceau, boire un coup, et t&#8217;en mettre pleins les yeux et [&hellip;]","og_url":"https:\/\/domaine-du-paradis.ch\/en\/product\/revelations\/","og_site_name":"Domaine du Paradis","article_modified_time":"2023-11-18T18:07:41+00:00","og_image":[{"width":2560,"height":1415,"url":"https:\/\/domaine-du-paradis.ch\/wp-content\/uploads\/2023\/10\/Cover-WP-revelations-02.12.2023-scaled.jpg","type":"image\/jpeg"}],"twitter_card":"summary_large_image","twitter_misc":{"Est. reading time":"1 minute"},"schema":{"@context":"https:\/\/schema.org","@graph":[{"@type":"WebPage","@id":"https:\/\/domaine-du-paradis.ch\/en\/product\/revelations\/","url":"https:\/\/domaine-du-paradis.ch\/en\/product\/revelations\/","name":"R\u00e9v\u00e9lations ! - Domaine du Paradis","isPartOf":{"@id":"https:\/\/domaine-du-paradis.ch\/en\/#website"},"primaryImageOfPage":{"@id":"https:\/\/domaine-du-paradis.ch\/en\/product\/revelations\/#primaryimage"},"image":{"@id":"https:\/\/domaine-du-paradis.ch\/en\/product\/revelations\/#primaryimage"},"thumbnailUrl":"https:\/\/domaine-du-paradis.ch\/wp-content\/uploads\/2023\/10\/Cover-WP-revelations-02.12.2023-scaled.jpg","datePublished":"2023-10-17T13:09:11+00:00","dateModified":"2023-11-18T18:07:41+00:00","breadcrumb":{"@id":"https:\/\/domaine-du-paradis.ch\/en\/product\/revelations\/#breadcrumb"},"inLanguage":"en-US","potentialAction":[{"@type":"ReadAction","target":["https:\/\/domaine-du-paradis.ch\/en\/product\/revelations\/"]}]},{"@type":"ImageObject","inLanguage":"en-US","@id":"https:\/\/domaine-du-paradis.ch\/en\/product\/revelations\/#primaryimage","url":"https:\/\/domaine-du-paradis.ch\/wp-content\/uploads\/2023\/10\/Cover-WP-revelations-02.12.2023-scaled.jpg","contentUrl":"https:\/\/domaine-du-paradis.ch\/wp-content\/uploads\/2023\/10\/Cover-WP-revelations-02.12.2023-scaled.jpg","width":2560,"height":1415,"caption":"40 ans Paradis Gen\u00e8ve"},{"@type":"BreadcrumbList","@id":"https:\/\/domaine-du-paradis.ch\/en\/product\/revelations\/#breadcrumb","itemListElement":[{"@type":"ListItem","position":1,"name":"Home","item":"https:\/\/domaine-du-paradis.ch\/en\/"},{"@type":"ListItem","position":2,"name":"Discover our wines","item":"https:\/\/domaine-du-paradis.ch\/en\/shop\/"},{"@type":"ListItem","position":3,"name":"R\u00e9v\u00e9lations !"}]},{"@type":"WebSite","@id":"https:\/\/domaine-du-paradis.ch\/en\/#website","url":"https:\/\/domaine-du-paradis.ch\/en\/","name":"Domaine du Paradis","description":"Faire vivre de belles histoires","publisher":{"@id":"https:\/\/domaine-du-paradis.ch\/en\/#organization"},"alternateName":"Vins Suisses - Famille Burgdorfer","potentialAction":[{"@type":"SearchAction","target":{"@type":"EntryPoint","urlTemplate":"https:\/\/domaine-du-paradis.ch\/en\/?s={search_term_string}"},"query-input":{"@type":"PropertyValueSpecification","valueRequired":true,"valueName":"search_term_string"}}],"inLanguage":"en-US"},{"@type":"Organization","@id":"https:\/\/domaine-du-paradis.ch\/en\/#organization","name":"Domaine du Paradis","url":"https:\/\/domaine-du-paradis.ch\/en\/","logo":{"@type":"ImageObject","inLanguage":"en-US","@id":"https:\/\/domaine-du-paradis.ch\/en\/#\/schema\/logo\/image\/","url":"https:\/\/domaine-du-paradis.ch\/wp-content\/uploads\/2022\/08\/logo-domaine-du-paradis-blanc.svg","contentUrl":"https:\/\/domaine-du-paradis.ch\/wp-content\/uploads\/2022\/08\/logo-domaine-du-paradis-blanc.svg","caption":"Domaine du Paradis"},"image":{"@id":"https:\/\/domaine-du-paradis.ch\/en\/#\/schema\/logo\/image\/"}}]}},"_links":{"self":[{"href":"https:\/\/domaine-du-paradis.ch\/en\/wp-json\/wp\/v2\/product\/43395","targetHints":{"allow":["GET"]}}],"collection":[{"href":"https:\/\/domaine-du-paradis.ch\/en\/wp-json\/wp\/v2\/product"}],"about":[{"href":"https:\/\/domaine-du-paradis.ch\/en\/wp-json\/wp\/v2\/types\/product"}],"wp:featuredmedia":[{"embeddable":true,"href":"https:\/\/domaine-du-paradis.ch\/en\/wp-json\/wp\/v2\/media\/43424"}],"wp:attachment":[{"href":"https:\/\/domaine-du-paradis.ch\/en\/wp-json\/wp\/v2\/media?parent=43395"}],"wp:term":[{"taxonomy":"product_brand","embeddable":true,"href":"https:\/\/domaine-du-paradis.ch\/en\/wp-json\/wp\/v2\/product_brand?post=43395"},{"taxonomy":"product_cat","embeddable":true,"href":"https:\/\/domaine-du-paradis.ch\/en\/wp-json\/wp\/v2\/product_cat?post=43395"},{"taxonomy":"product_tag","embeddable":true,"href":"https:\/\/domaine-du-paradis.ch\/en\/wp-json\/wp\/v2\/product_tag?post=43395"}],"curies":[{"name":"wp","href":"https:\/\/api.w.org\/{rel}","templated":true}]}}