{"id":43221,"date":"2023-06-04T14:52:38","date_gmt":"2023-06-04T12:52:38","guid":{"rendered":"https:\/\/domaine-du-paradis.ch\/?post_type=product&#038;p=43221"},"modified":"2023-07-06T00:00:08","modified_gmt":"2023-07-05T22:00:08","slug":"initiation-a-la-degustation-soirees-test","status":"publish","type":"product","link":"https:\/\/domaine-du-paradis.ch\/en\/product\/initiation-a-la-degustation-soirees-test\/","title":{"rendered":"Initiation \u00e0 la d\u00e9gustation &#8211; soir\u00e9es test"},"content":{"rendered":"<h3>D\u00e9gustons ensemble !<\/h3>\n<p>\u00c7a fait bien longtemps qu&#8217;on l&#8217;a en t\u00eate : partager notre plaisir \u00e0 nous et le faire vivre aux autres ! On nous l&#8217;a souvent demand\u00e9, et on a tr\u00e8s souvent manqu\u00e9 de temps pour mettre quelque chose de bien sur pieds. Maintenant qu&#8217;on a pris ce temps et cette \u00e9nergie pour aboutir \u00e0 un format qui nous pla\u00eet, on a l&#8217;envie de se faire challenger sur une premi\u00e8re \u00e9dition &#8220;test&#8221; !<\/p>\n<h3>Viens nous donner ton avis<\/h3>\n<p>On cherche 8 personnes pour nous faire passer sur le grill, on veut vous faire vivre ce qu&#8217;on a pr\u00e9vu de lancer et on veut avoir un retour constructif et int\u00e9ressant pour \u00eatre s\u00fbrs qu&#8217;on fait mouche. Le test se d\u00e9roulera sur 2 soir\u00e9es, le lundi et le mercredi de la m\u00eame semaine, on t&#8217;offre tout en \u00e9change de ta participation et de tes feed-back!<\/p>\n","protected":false},"excerpt":{"rendered":"<p>D\u00e9gustons ensemble ! \u00c7a fait bien longtemps qu&#8217;on l&#8217;a en t\u00eate : partager notre plaisir \u00e0 nous et le faire vivre aux autres ! On nous l&#8217;a souvent demand\u00e9, et on a tr\u00e8s souvent manqu\u00e9 de temps pour mettre quelque chose de bien sur pieds. Maintenant qu&#8217;on a pris ce temps et cette \u00e9nergie pour [&hellip;]<\/p>\n","protected":false},"featured_media":43222,"template":"","meta":{"_acf_changed":false},"product_brand":[],"product_cat":[67],"product_tag":[],"class_list":{"0":"post-43221","1":"product","2":"type-product","3":"status-publish","4":"has-post-thumbnail","6":"product_cat-evenement","8":"first","9":"outofstock","10":"virtual","11":"taxable","12":"purchasable","13":"product-type-simple"},"acf":[],"yoast_head":"<!-- This site is optimized with the Yoast SEO Premium plugin v27.3 (Yoast SEO v27.3) - https:\/\/yoast.com\/product\/yoast-seo-premium-wordpress\/ -->\n<title>Initiation \u00e0 la d\u00e9gustation - soir\u00e9es test - Domaine du Paradis<\/title>\n<meta name=\"robots\" content=\"index, follow, max-snippet:-1, max-image-preview:large, max-video-preview:-1\" \/>\n<link rel=\"canonical\" href=\"https:\/\/domaine-du-paradis.ch\/en\/product\/initiation-a-la-degustation-soirees-test\/\" \/>\n<meta property=\"og:locale\" content=\"en_US\" \/>\n<meta property=\"og:type\" content=\"article\" \/>\n<meta property=\"og:title\" content=\"Initiation \u00e0 la d\u00e9gustation - soir\u00e9es test\" \/>\n<meta property=\"og:description\" content=\"D\u00e9gustons ensemble ! \u00c7a fait bien longtemps qu&#8217;on l&#8217;a en t\u00eate : partager notre plaisir \u00e0 nous et le faire vivre aux autres ! On nous l&#8217;a souvent demand\u00e9, et on a tr\u00e8s souvent manqu\u00e9 de temps pour mettre quelque chose de bien sur pieds. Maintenant qu&#8217;on a pris ce temps et cette \u00e9nergie pour [&hellip;]\" \/>\n<meta property=\"og:url\" content=\"https:\/\/domaine-du-paradis.ch\/en\/product\/initiation-a-la-degustation-soirees-test\/\" \/>\n<meta property=\"og:site_name\" content=\"Domaine du Paradis\" \/>\n<meta property=\"article:modified_time\" content=\"2023-07-05T22:00:08+00:00\" \/>\n<meta property=\"og:image\" content=\"https:\/\/domaine-du-paradis.ch\/wp-content\/uploads\/2023\/06\/Degustation-1536.jpg\" \/>\n\t<meta property=\"og:image:width\" content=\"1200\" \/>\n\t<meta property=\"og:image:height\" content=\"800\" \/>\n\t<meta property=\"og:image:type\" content=\"image\/jpeg\" \/>\n<meta name=\"twitter:card\" content=\"summary_large_image\" \/>\n<meta name=\"twitter:label1\" content=\"Est. reading time\" \/>\n\t<meta name=\"twitter:data1\" content=\"1 minute\" \/>\n<script type=\"application\/ld+json\" class=\"yoast-schema-graph\">{\"@context\":\"https:\\\/\\\/schema.org\",\"@graph\":[{\"@type\":\"WebPage\",\"@id\":\"https:\\\/\\\/domaine-du-paradis.ch\\\/en\\\/product\\\/initiation-a-la-degustation-soirees-test\\\/\",\"url\":\"https:\\\/\\\/domaine-du-paradis.ch\\\/en\\\/product\\\/initiation-a-la-degustation-soirees-test\\\/\",\"name\":\"Initiation \u00e0 la d\u00e9gustation - soir\u00e9es test - Domaine du Paradis\",\"isPartOf\":{\"@id\":\"https:\\\/\\\/domaine-du-paradis.ch\\\/en\\\/#website\"},\"primaryImageOfPage\":{\"@id\":\"https:\\\/\\\/domaine-du-paradis.ch\\\/en\\\/product\\\/initiation-a-la-degustation-soirees-test\\\/#primaryimage\"},\"image\":{\"@id\":\"https:\\\/\\\/domaine-du-paradis.ch\\\/en\\\/product\\\/initiation-a-la-degustation-soirees-test\\\/#primaryimage\"},\"thumbnailUrl\":\"https:\\\/\\\/domaine-du-paradis.ch\\\/wp-content\\\/uploads\\\/2023\\\/06\\\/Degustation-1536.jpg\",\"datePublished\":\"2023-06-04T12:52:38+00:00\",\"dateModified\":\"2023-07-05T22:00:08+00:00\",\"breadcrumb\":{\"@id\":\"https:\\\/\\\/domaine-du-paradis.ch\\\/en\\\/product\\\/initiation-a-la-degustation-soirees-test\\\/#breadcrumb\"},\"inLanguage\":\"en-US\",\"potentialAction\":[{\"@type\":\"ReadAction\",\"target\":[\"https:\\\/\\\/domaine-du-paradis.ch\\\/en\\\/product\\\/initiation-a-la-degustation-soirees-test\\\/\"]}]},{\"@type\":\"ImageObject\",\"inLanguage\":\"en-US\",\"@id\":\"https:\\\/\\\/domaine-du-paradis.ch\\\/en\\\/product\\\/initiation-a-la-degustation-soirees-test\\\/#primaryimage\",\"url\":\"https:\\\/\\\/domaine-du-paradis.ch\\\/wp-content\\\/uploads\\\/2023\\\/06\\\/Degustation-1536.jpg\",\"contentUrl\":\"https:\\\/\\\/domaine-du-paradis.ch\\\/wp-content\\\/uploads\\\/2023\\\/06\\\/Degustation-1536.jpg\",\"width\":1200,\"height\":800,\"caption\":\"Cours de d\u00e9gustation\"},{\"@type\":\"BreadcrumbList\",\"@id\":\"https:\\\/\\\/domaine-du-paradis.ch\\\/en\\\/product\\\/initiation-a-la-degustation-soirees-test\\\/#breadcrumb\",\"itemListElement\":[{\"@type\":\"ListItem\",\"position\":1,\"name\":\"Home\",\"item\":\"https:\\\/\\\/domaine-du-paradis.ch\\\/en\\\/\"},{\"@type\":\"ListItem\",\"position\":2,\"name\":\"Discover our wines\",\"item\":\"https:\\\/\\\/domaine-du-paradis.ch\\\/en\\\/shop\\\/\"},{\"@type\":\"ListItem\",\"position\":3,\"name\":\"Initiation \u00e0 la d\u00e9gustation &#8211; soir\u00e9es test\"}]},{\"@type\":\"WebSite\",\"@id\":\"https:\\\/\\\/domaine-du-paradis.ch\\\/en\\\/#website\",\"url\":\"https:\\\/\\\/domaine-du-paradis.ch\\\/en\\\/\",\"name\":\"Domaine du Paradis\",\"description\":\"Faire vivre de belles histoires\",\"publisher\":{\"@id\":\"https:\\\/\\\/domaine-du-paradis.ch\\\/en\\\/#organization\"},\"alternateName\":\"Vins Suisses - Famille Burgdorfer\",\"potentialAction\":[{\"@type\":\"SearchAction\",\"target\":{\"@type\":\"EntryPoint\",\"urlTemplate\":\"https:\\\/\\\/domaine-du-paradis.ch\\\/en\\\/?s={search_term_string}\"},\"query-input\":{\"@type\":\"PropertyValueSpecification\",\"valueRequired\":true,\"valueName\":\"search_term_string\"}}],\"inLanguage\":\"en-US\"},{\"@type\":\"Organization\",\"@id\":\"https:\\\/\\\/domaine-du-paradis.ch\\\/en\\\/#organization\",\"name\":\"Domaine du Paradis\",\"url\":\"https:\\\/\\\/domaine-du-paradis.ch\\\/en\\\/\",\"logo\":{\"@type\":\"ImageObject\",\"inLanguage\":\"en-US\",\"@id\":\"https:\\\/\\\/domaine-du-paradis.ch\\\/en\\\/#\\\/schema\\\/logo\\\/image\\\/\",\"url\":\"https:\\\/\\\/domaine-du-paradis.ch\\\/wp-content\\\/uploads\\\/2022\\\/08\\\/logo-domaine-du-paradis-blanc.svg\",\"contentUrl\":\"https:\\\/\\\/domaine-du-paradis.ch\\\/wp-content\\\/uploads\\\/2022\\\/08\\\/logo-domaine-du-paradis-blanc.svg\",\"caption\":\"Domaine du Paradis\"},\"image\":{\"@id\":\"https:\\\/\\\/domaine-du-paradis.ch\\\/en\\\/#\\\/schema\\\/logo\\\/image\\\/\"}}]}<\/script>\n<!-- \/ Yoast SEO Premium plugin. -->","yoast_head_json":{"title":"Initiation \u00e0 la d\u00e9gustation - soir\u00e9es test - Domaine du Paradis","robots":{"index":"index","follow":"follow","max-snippet":"max-snippet:-1","max-image-preview":"max-image-preview:large","max-video-preview":"max-video-preview:-1"},"canonical":"https:\/\/domaine-du-paradis.ch\/en\/product\/initiation-a-la-degustation-soirees-test\/","og_locale":"en_US","og_type":"article","og_title":"Initiation \u00e0 la d\u00e9gustation - soir\u00e9es test","og_description":"D\u00e9gustons ensemble ! \u00c7a fait bien longtemps qu&#8217;on l&#8217;a en t\u00eate : partager notre plaisir \u00e0 nous et le faire vivre aux autres ! On nous l&#8217;a souvent demand\u00e9, et on a tr\u00e8s souvent manqu\u00e9 de temps pour mettre quelque chose de bien sur pieds. Maintenant qu&#8217;on a pris ce temps et cette \u00e9nergie pour [&hellip;]","og_url":"https:\/\/domaine-du-paradis.ch\/en\/product\/initiation-a-la-degustation-soirees-test\/","og_site_name":"Domaine du Paradis","article_modified_time":"2023-07-05T22:00:08+00:00","og_image":[{"width":1200,"height":800,"url":"https:\/\/domaine-du-paradis.ch\/wp-content\/uploads\/2023\/06\/Degustation-1536.jpg","type":"image\/jpeg"}],"twitter_card":"summary_large_image","twitter_misc":{"Est. reading time":"1 minute"},"schema":{"@context":"https:\/\/schema.org","@graph":[{"@type":"WebPage","@id":"https:\/\/domaine-du-paradis.ch\/en\/product\/initiation-a-la-degustation-soirees-test\/","url":"https:\/\/domaine-du-paradis.ch\/en\/product\/initiation-a-la-degustation-soirees-test\/","name":"Initiation \u00e0 la d\u00e9gustation - soir\u00e9es test - Domaine du Paradis","isPartOf":{"@id":"https:\/\/domaine-du-paradis.ch\/en\/#website"},"primaryImageOfPage":{"@id":"https:\/\/domaine-du-paradis.ch\/en\/product\/initiation-a-la-degustation-soirees-test\/#primaryimage"},"image":{"@id":"https:\/\/domaine-du-paradis.ch\/en\/product\/initiation-a-la-degustation-soirees-test\/#primaryimage"},"thumbnailUrl":"https:\/\/domaine-du-paradis.ch\/wp-content\/uploads\/2023\/06\/Degustation-1536.jpg","datePublished":"2023-06-04T12:52:38+00:00","dateModified":"2023-07-05T22:00:08+00:00","breadcrumb":{"@id":"https:\/\/domaine-du-paradis.ch\/en\/product\/initiation-a-la-degustation-soirees-test\/#breadcrumb"},"inLanguage":"en-US","potentialAction":[{"@type":"ReadAction","target":["https:\/\/domaine-du-paradis.ch\/en\/product\/initiation-a-la-degustation-soirees-test\/"]}]},{"@type":"ImageObject","inLanguage":"en-US","@id":"https:\/\/domaine-du-paradis.ch\/en\/product\/initiation-a-la-degustation-soirees-test\/#primaryimage","url":"https:\/\/domaine-du-paradis.ch\/wp-content\/uploads\/2023\/06\/Degustation-1536.jpg","contentUrl":"https:\/\/domaine-du-paradis.ch\/wp-content\/uploads\/2023\/06\/Degustation-1536.jpg","width":1200,"height":800,"caption":"Cours de d\u00e9gustation"},{"@type":"BreadcrumbList","@id":"https:\/\/domaine-du-paradis.ch\/en\/product\/initiation-a-la-degustation-soirees-test\/#breadcrumb","itemListElement":[{"@type":"ListItem","position":1,"name":"Home","item":"https:\/\/domaine-du-paradis.ch\/en\/"},{"@type":"ListItem","position":2,"name":"Discover our wines","item":"https:\/\/domaine-du-paradis.ch\/en\/shop\/"},{"@type":"ListItem","position":3,"name":"Initiation \u00e0 la d\u00e9gustation &#8211; soir\u00e9es test"}]},{"@type":"WebSite","@id":"https:\/\/domaine-du-paradis.ch\/en\/#website","url":"https:\/\/domaine-du-paradis.ch\/en\/","name":"Domaine du Paradis","description":"Faire vivre de belles histoires","publisher":{"@id":"https:\/\/domaine-du-paradis.ch\/en\/#organization"},"alternateName":"Vins Suisses - Famille Burgdorfer","potentialAction":[{"@type":"SearchAction","target":{"@type":"EntryPoint","urlTemplate":"https:\/\/domaine-du-paradis.ch\/en\/?s={search_term_string}"},"query-input":{"@type":"PropertyValueSpecification","valueRequired":true,"valueName":"search_term_string"}}],"inLanguage":"en-US"},{"@type":"Organization","@id":"https:\/\/domaine-du-paradis.ch\/en\/#organization","name":"Domaine du Paradis","url":"https:\/\/domaine-du-paradis.ch\/en\/","logo":{"@type":"ImageObject","inLanguage":"en-US","@id":"https:\/\/domaine-du-paradis.ch\/en\/#\/schema\/logo\/image\/","url":"https:\/\/domaine-du-paradis.ch\/wp-content\/uploads\/2022\/08\/logo-domaine-du-paradis-blanc.svg","contentUrl":"https:\/\/domaine-du-paradis.ch\/wp-content\/uploads\/2022\/08\/logo-domaine-du-paradis-blanc.svg","caption":"Domaine du Paradis"},"image":{"@id":"https:\/\/domaine-du-paradis.ch\/en\/#\/schema\/logo\/image\/"}}]}},"_links":{"self":[{"href":"https:\/\/domaine-du-paradis.ch\/en\/wp-json\/wp\/v2\/product\/43221","targetHints":{"allow":["GET"]}}],"collection":[{"href":"https:\/\/domaine-du-paradis.ch\/en\/wp-json\/wp\/v2\/product"}],"about":[{"href":"https:\/\/domaine-du-paradis.ch\/en\/wp-json\/wp\/v2\/types\/product"}],"wp:featuredmedia":[{"embeddable":true,"href":"https:\/\/domaine-du-paradis.ch\/en\/wp-json\/wp\/v2\/media\/43222"}],"wp:attachment":[{"href":"https:\/\/domaine-du-paradis.ch\/en\/wp-json\/wp\/v2\/media?parent=43221"}],"wp:term":[{"taxonomy":"product_brand","embeddable":true,"href":"https:\/\/domaine-du-paradis.ch\/en\/wp-json\/wp\/v2\/product_brand?post=43221"},{"taxonomy":"product_cat","embeddable":true,"href":"https:\/\/domaine-du-paradis.ch\/en\/wp-json\/wp\/v2\/product_cat?post=43221"},{"taxonomy":"product_tag","embeddable":true,"href":"https:\/\/domaine-du-paradis.ch\/en\/wp-json\/wp\/v2\/product_tag?post=43221"}],"curies":[{"name":"wp","href":"https:\/\/api.w.org\/{rel}","templated":true}]}}