{"id":43017,"date":"2023-05-09T10:31:22","date_gmt":"2023-05-09T08:31:22","guid":{"rendered":"https:\/\/domaine-du-paradis.ch\/?post_type=product&#038;p=43017"},"modified":"2023-06-02T15:18:24","modified_gmt":"2023-06-02T13:18:24","slug":"concert-aliose-woohoo","status":"publish","type":"product","link":"https:\/\/domaine-du-paradis.ch\/en\/product\/concert-aliose-woohoo\/","title":{"rendered":"Concert ALIOSE &#038; The Woohoo"},"content":{"rendered":"<p>On voulait marquer le coup quelque part sur une belle soir\u00e9e d&#8217;\u00e9t\u00e9, on a 40 ans cette ann\u00e9e, et \u00e7a m\u00e9rite de r\u00e9unir autour de nous des gens \u00e0 qui on veut faire plaisir. Pour sublimer ce moment on a la chance de pouvoir compter sur <a href=\"http:\/\/aliose.ch\/\" target=\"_blank\" rel=\"noopener\">ALIOSE<\/a> et <a href=\"https:\/\/www.thewoohoomusic.com\/\" target=\"_blank\" rel=\"noopener\">The Woohoo<\/a> qui viendront chacun nous faire vivre un magnifique moment. Intimiste et acoustique, \u00e7a sera une soir\u00e9e qui marquera nos souvenirs et les tiens au passage!<\/p>\n<p>&nbsp;<\/p>\n<h3>ALIOSE<\/h3>\n<p class=\"p1\">En quelques ann\u00e9es le duo suisse Aliose a su trouver une place bien personnelle dans le paysage de la chanson pop francophone. Aliz\u00e9 et Xavier revendiquent leur go\u00fbt prononc\u00e9 pour une chanson fran\u00e7aise qui prend ses racines dans les ann\u00e9es 70, marqu\u00e9s tr\u00e8s jeunes par des artistes comme Maxime Le Forestier, Alain Souchon, Michel Polnareff, Michel Berger ou encore William Sheller. Ils ont baign\u00e9 \u00e9galement dans une sc\u00e8ne francophone plus r\u00e9cente, dans laquelle ils puiseront une part de leur inspiration : -M-, Camille, Philippe Katerine, Benjamin Biolay, T\u00e9t\u00e9, J\u00e9r\u00e9mie Kisling, plus r\u00e9cemment Ga\u00ebl Faye, Voyou ou encore Pomme font partie des artistes qu\u2019ils ont \u00e9cout\u00e9s et r\u00e9\u00e9cout\u00e9s. Aliz\u00e9 Oswald et Xavier Michel sont sacr\u00e9s en 2018 aux Swiss Music Awards ainsi qu\u2019aux Victoires de la Musique dans la cat\u00e9gorie \u00ab Album R\u00e9v\u00e9lation \u00bb.<\/p>\n<h3>The Woohoo<\/h3>\n<p>Martinez d\u00e9bute sa carri\u00e8re tr\u00e8s t\u00f4t, en reprenant Withney Houston sur sa cha\u00eene-karaok\u00e9. Zep commence la guitare \u00e0 12 ans avec la secr\u00e8te ambition de remplacer Ace Frehley dans Kiss. Pendant les d\u00e9cennies qui suivent, chacun va suivre son parcours musical sans jamais croiser l&#8217;autre&#8230; Les projets se succ\u00e8dent: Ja\u00eflyna, Martinez, Tempura Clark, RaxMinets, Zep&#8217;N&#8217;Greg, Bluk Bluk, Alice in Kernerland (et aussi un peu de dessin&#8230;). Ils se rencontrent fin 2020, en plein COVID. Leur premier single &#8220;Automatic Songs from the Moon&#8221;, ils l&#8217;\u00e9crivent et l&#8217;enregistrent au Nord de la Norv\u00e8ge sous les aurores bor\u00e9ales&#8230; Ils en enregistrent plein d&#8217;autres (mais au chaud), changent le nom du groupe: Martinez X Zep devient <strong>The Woohoo<\/strong> et pr\u00e9parent un album qui, \u00e0 ce jour, ne contient aucune reprise de Kiss ni de Withney Houston.<\/p>\n<p>&nbsp;<\/p>\n","protected":false},"excerpt":{"rendered":"<p>On voulait marquer le coup quelque part sur une belle soir\u00e9e d&#8217;\u00e9t\u00e9, on a 40 ans cette ann\u00e9e, et \u00e7a m\u00e9rite de r\u00e9unir autour de nous des gens \u00e0 qui on veut faire plaisir. Pour sublimer ce moment on a la chance de pouvoir compter sur ALIOSE et The Woohoo qui viendront chacun nous faire [&hellip;]<\/p>\n","protected":false},"featured_media":43032,"template":"","meta":{"_acf_changed":false},"product_brand":[],"product_cat":[67],"product_tag":[],"class_list":{"0":"post-43017","1":"product","2":"type-product","3":"status-publish","4":"has-post-thumbnail","6":"product_cat-evenement","8":"first","9":"instock","10":"virtual","11":"taxable","12":"purchasable","13":"product-type-simple"},"acf":[],"yoast_head":"<!-- This site is optimized with the Yoast SEO Premium plugin v27.3 (Yoast SEO v27.3) - https:\/\/yoast.com\/product\/yoast-seo-premium-wordpress\/ -->\n<title>Concert ALIOSE &amp; The Woohoo - Domaine du Paradis<\/title>\n<meta name=\"robots\" content=\"index, follow, max-snippet:-1, max-image-preview:large, max-video-preview:-1\" \/>\n<link rel=\"canonical\" href=\"https:\/\/domaine-du-paradis.ch\/en\/product\/concert-aliose-woohoo\/\" \/>\n<meta property=\"og:locale\" content=\"en_US\" \/>\n<meta property=\"og:type\" content=\"article\" \/>\n<meta property=\"og:title\" content=\"Concert ALIOSE &amp; The Woohoo\" \/>\n<meta property=\"og:description\" content=\"On voulait marquer le coup quelque part sur une belle soir\u00e9e d&#8217;\u00e9t\u00e9, on a 40 ans cette ann\u00e9e, et \u00e7a m\u00e9rite de r\u00e9unir autour de nous des gens \u00e0 qui on veut faire plaisir. Pour sublimer ce moment on a la chance de pouvoir compter sur ALIOSE et The Woohoo qui viendront chacun nous faire [&hellip;]\" \/>\n<meta property=\"og:url\" content=\"https:\/\/domaine-du-paradis.ch\/en\/product\/concert-aliose-woohoo\/\" \/>\n<meta property=\"og:site_name\" content=\"Domaine du Paradis\" \/>\n<meta property=\"article:modified_time\" content=\"2023-06-02T13:18:24+00:00\" \/>\n<meta property=\"og:image\" content=\"https:\/\/domaine-du-paradis.ch\/wp-content\/uploads\/2023\/05\/Banner-concert-40ans.jpg\" \/>\n\t<meta property=\"og:image:width\" content=\"1667\" \/>\n\t<meta property=\"og:image:height\" content=\"1250\" \/>\n\t<meta property=\"og:image:type\" content=\"image\/jpeg\" \/>\n<meta name=\"twitter:card\" content=\"summary_large_image\" \/>\n<meta name=\"twitter:label1\" content=\"Est. reading time\" \/>\n\t<meta name=\"twitter:data1\" content=\"2 minutes\" \/>\n<script type=\"application\/ld+json\" class=\"yoast-schema-graph\">{\"@context\":\"https:\\\/\\\/schema.org\",\"@graph\":[{\"@type\":\"WebPage\",\"@id\":\"https:\\\/\\\/domaine-du-paradis.ch\\\/en\\\/product\\\/concert-aliose-woohoo\\\/\",\"url\":\"https:\\\/\\\/domaine-du-paradis.ch\\\/en\\\/product\\\/concert-aliose-woohoo\\\/\",\"name\":\"Concert ALIOSE & The Woohoo - Domaine du Paradis\",\"isPartOf\":{\"@id\":\"https:\\\/\\\/domaine-du-paradis.ch\\\/en\\\/#website\"},\"primaryImageOfPage\":{\"@id\":\"https:\\\/\\\/domaine-du-paradis.ch\\\/en\\\/product\\\/concert-aliose-woohoo\\\/#primaryimage\"},\"image\":{\"@id\":\"https:\\\/\\\/domaine-du-paradis.ch\\\/en\\\/product\\\/concert-aliose-woohoo\\\/#primaryimage\"},\"thumbnailUrl\":\"https:\\\/\\\/domaine-du-paradis.ch\\\/wp-content\\\/uploads\\\/2023\\\/05\\\/Banner-concert-40ans.jpg\",\"datePublished\":\"2023-05-09T08:31:22+00:00\",\"dateModified\":\"2023-06-02T13:18:24+00:00\",\"breadcrumb\":{\"@id\":\"https:\\\/\\\/domaine-du-paradis.ch\\\/en\\\/product\\\/concert-aliose-woohoo\\\/#breadcrumb\"},\"inLanguage\":\"en-US\",\"potentialAction\":[{\"@type\":\"ReadAction\",\"target\":[\"https:\\\/\\\/domaine-du-paradis.ch\\\/en\\\/product\\\/concert-aliose-woohoo\\\/\"]}]},{\"@type\":\"ImageObject\",\"inLanguage\":\"en-US\",\"@id\":\"https:\\\/\\\/domaine-du-paradis.ch\\\/en\\\/product\\\/concert-aliose-woohoo\\\/#primaryimage\",\"url\":\"https:\\\/\\\/domaine-du-paradis.ch\\\/wp-content\\\/uploads\\\/2023\\\/05\\\/Banner-concert-40ans.jpg\",\"contentUrl\":\"https:\\\/\\\/domaine-du-paradis.ch\\\/wp-content\\\/uploads\\\/2023\\\/05\\\/Banner-concert-40ans.jpg\",\"width\":1667,\"height\":1250,\"caption\":\"ALIOSE & Zep et Martinez\"},{\"@type\":\"BreadcrumbList\",\"@id\":\"https:\\\/\\\/domaine-du-paradis.ch\\\/en\\\/product\\\/concert-aliose-woohoo\\\/#breadcrumb\",\"itemListElement\":[{\"@type\":\"ListItem\",\"position\":1,\"name\":\"Home\",\"item\":\"https:\\\/\\\/domaine-du-paradis.ch\\\/en\\\/\"},{\"@type\":\"ListItem\",\"position\":2,\"name\":\"Discover our wines\",\"item\":\"https:\\\/\\\/domaine-du-paradis.ch\\\/en\\\/shop\\\/\"},{\"@type\":\"ListItem\",\"position\":3,\"name\":\"Concert ALIOSE &#038; The Woohoo\"}]},{\"@type\":\"WebSite\",\"@id\":\"https:\\\/\\\/domaine-du-paradis.ch\\\/en\\\/#website\",\"url\":\"https:\\\/\\\/domaine-du-paradis.ch\\\/en\\\/\",\"name\":\"Domaine du Paradis\",\"description\":\"Faire vivre de belles histoires\",\"publisher\":{\"@id\":\"https:\\\/\\\/domaine-du-paradis.ch\\\/en\\\/#organization\"},\"alternateName\":\"Vins Suisses - Famille Burgdorfer\",\"potentialAction\":[{\"@type\":\"SearchAction\",\"target\":{\"@type\":\"EntryPoint\",\"urlTemplate\":\"https:\\\/\\\/domaine-du-paradis.ch\\\/en\\\/?s={search_term_string}\"},\"query-input\":{\"@type\":\"PropertyValueSpecification\",\"valueRequired\":true,\"valueName\":\"search_term_string\"}}],\"inLanguage\":\"en-US\"},{\"@type\":\"Organization\",\"@id\":\"https:\\\/\\\/domaine-du-paradis.ch\\\/en\\\/#organization\",\"name\":\"Domaine du Paradis\",\"url\":\"https:\\\/\\\/domaine-du-paradis.ch\\\/en\\\/\",\"logo\":{\"@type\":\"ImageObject\",\"inLanguage\":\"en-US\",\"@id\":\"https:\\\/\\\/domaine-du-paradis.ch\\\/en\\\/#\\\/schema\\\/logo\\\/image\\\/\",\"url\":\"https:\\\/\\\/domaine-du-paradis.ch\\\/wp-content\\\/uploads\\\/2022\\\/08\\\/logo-domaine-du-paradis-blanc.svg\",\"contentUrl\":\"https:\\\/\\\/domaine-du-paradis.ch\\\/wp-content\\\/uploads\\\/2022\\\/08\\\/logo-domaine-du-paradis-blanc.svg\",\"caption\":\"Domaine du Paradis\"},\"image\":{\"@id\":\"https:\\\/\\\/domaine-du-paradis.ch\\\/en\\\/#\\\/schema\\\/logo\\\/image\\\/\"}}]}<\/script>\n<!-- \/ Yoast SEO Premium plugin. -->","yoast_head_json":{"title":"Concert ALIOSE & The Woohoo - Domaine du Paradis","robots":{"index":"index","follow":"follow","max-snippet":"max-snippet:-1","max-image-preview":"max-image-preview:large","max-video-preview":"max-video-preview:-1"},"canonical":"https:\/\/domaine-du-paradis.ch\/en\/product\/concert-aliose-woohoo\/","og_locale":"en_US","og_type":"article","og_title":"Concert ALIOSE & The Woohoo","og_description":"On voulait marquer le coup quelque part sur une belle soir\u00e9e d&#8217;\u00e9t\u00e9, on a 40 ans cette ann\u00e9e, et \u00e7a m\u00e9rite de r\u00e9unir autour de nous des gens \u00e0 qui on veut faire plaisir. Pour sublimer ce moment on a la chance de pouvoir compter sur ALIOSE et The Woohoo qui viendront chacun nous faire [&hellip;]","og_url":"https:\/\/domaine-du-paradis.ch\/en\/product\/concert-aliose-woohoo\/","og_site_name":"Domaine du Paradis","article_modified_time":"2023-06-02T13:18:24+00:00","og_image":[{"width":1667,"height":1250,"url":"https:\/\/domaine-du-paradis.ch\/wp-content\/uploads\/2023\/05\/Banner-concert-40ans.jpg","type":"image\/jpeg"}],"twitter_card":"summary_large_image","twitter_misc":{"Est. reading time":"2 minutes"},"schema":{"@context":"https:\/\/schema.org","@graph":[{"@type":"WebPage","@id":"https:\/\/domaine-du-paradis.ch\/en\/product\/concert-aliose-woohoo\/","url":"https:\/\/domaine-du-paradis.ch\/en\/product\/concert-aliose-woohoo\/","name":"Concert ALIOSE & The Woohoo - Domaine du Paradis","isPartOf":{"@id":"https:\/\/domaine-du-paradis.ch\/en\/#website"},"primaryImageOfPage":{"@id":"https:\/\/domaine-du-paradis.ch\/en\/product\/concert-aliose-woohoo\/#primaryimage"},"image":{"@id":"https:\/\/domaine-du-paradis.ch\/en\/product\/concert-aliose-woohoo\/#primaryimage"},"thumbnailUrl":"https:\/\/domaine-du-paradis.ch\/wp-content\/uploads\/2023\/05\/Banner-concert-40ans.jpg","datePublished":"2023-05-09T08:31:22+00:00","dateModified":"2023-06-02T13:18:24+00:00","breadcrumb":{"@id":"https:\/\/domaine-du-paradis.ch\/en\/product\/concert-aliose-woohoo\/#breadcrumb"},"inLanguage":"en-US","potentialAction":[{"@type":"ReadAction","target":["https:\/\/domaine-du-paradis.ch\/en\/product\/concert-aliose-woohoo\/"]}]},{"@type":"ImageObject","inLanguage":"en-US","@id":"https:\/\/domaine-du-paradis.ch\/en\/product\/concert-aliose-woohoo\/#primaryimage","url":"https:\/\/domaine-du-paradis.ch\/wp-content\/uploads\/2023\/05\/Banner-concert-40ans.jpg","contentUrl":"https:\/\/domaine-du-paradis.ch\/wp-content\/uploads\/2023\/05\/Banner-concert-40ans.jpg","width":1667,"height":1250,"caption":"ALIOSE & Zep et Martinez"},{"@type":"BreadcrumbList","@id":"https:\/\/domaine-du-paradis.ch\/en\/product\/concert-aliose-woohoo\/#breadcrumb","itemListElement":[{"@type":"ListItem","position":1,"name":"Home","item":"https:\/\/domaine-du-paradis.ch\/en\/"},{"@type":"ListItem","position":2,"name":"Discover our wines","item":"https:\/\/domaine-du-paradis.ch\/en\/shop\/"},{"@type":"ListItem","position":3,"name":"Concert ALIOSE &#038; The Woohoo"}]},{"@type":"WebSite","@id":"https:\/\/domaine-du-paradis.ch\/en\/#website","url":"https:\/\/domaine-du-paradis.ch\/en\/","name":"Domaine du Paradis","description":"Faire vivre de belles histoires","publisher":{"@id":"https:\/\/domaine-du-paradis.ch\/en\/#organization"},"alternateName":"Vins Suisses - Famille Burgdorfer","potentialAction":[{"@type":"SearchAction","target":{"@type":"EntryPoint","urlTemplate":"https:\/\/domaine-du-paradis.ch\/en\/?s={search_term_string}"},"query-input":{"@type":"PropertyValueSpecification","valueRequired":true,"valueName":"search_term_string"}}],"inLanguage":"en-US"},{"@type":"Organization","@id":"https:\/\/domaine-du-paradis.ch\/en\/#organization","name":"Domaine du Paradis","url":"https:\/\/domaine-du-paradis.ch\/en\/","logo":{"@type":"ImageObject","inLanguage":"en-US","@id":"https:\/\/domaine-du-paradis.ch\/en\/#\/schema\/logo\/image\/","url":"https:\/\/domaine-du-paradis.ch\/wp-content\/uploads\/2022\/08\/logo-domaine-du-paradis-blanc.svg","contentUrl":"https:\/\/domaine-du-paradis.ch\/wp-content\/uploads\/2022\/08\/logo-domaine-du-paradis-blanc.svg","caption":"Domaine du Paradis"},"image":{"@id":"https:\/\/domaine-du-paradis.ch\/en\/#\/schema\/logo\/image\/"}}]}},"_links":{"self":[{"href":"https:\/\/domaine-du-paradis.ch\/en\/wp-json\/wp\/v2\/product\/43017","targetHints":{"allow":["GET"]}}],"collection":[{"href":"https:\/\/domaine-du-paradis.ch\/en\/wp-json\/wp\/v2\/product"}],"about":[{"href":"https:\/\/domaine-du-paradis.ch\/en\/wp-json\/wp\/v2\/types\/product"}],"wp:featuredmedia":[{"embeddable":true,"href":"https:\/\/domaine-du-paradis.ch\/en\/wp-json\/wp\/v2\/media\/43032"}],"wp:attachment":[{"href":"https:\/\/domaine-du-paradis.ch\/en\/wp-json\/wp\/v2\/media?parent=43017"}],"wp:term":[{"taxonomy":"product_brand","embeddable":true,"href":"https:\/\/domaine-du-paradis.ch\/en\/wp-json\/wp\/v2\/product_brand?post=43017"},{"taxonomy":"product_cat","embeddable":true,"href":"https:\/\/domaine-du-paradis.ch\/en\/wp-json\/wp\/v2\/product_cat?post=43017"},{"taxonomy":"product_tag","embeddable":true,"href":"https:\/\/domaine-du-paradis.ch\/en\/wp-json\/wp\/v2\/product_tag?post=43017"}],"curies":[{"name":"wp","href":"https:\/\/api.w.org\/{rel}","templated":true}]}}