{"id":39481,"date":"2012-03-10T18:13:32","date_gmt":"2012-03-10T17:13:32","guid":{"rendered":"https:\/\/domaine-du-paradis.ch\/product\/aligote\/"},"modified":"2025-12-04T08:51:52","modified_gmt":"2025-12-04T07:51:52","slug":"aligote","status":"publish","type":"product","link":"https:\/\/domaine-du-paradis.ch\/en\/product\/aligote\/","title":{"rendered":"Aligot\u00e9"},"content":{"rendered":"<p>Parce que c&#8217;est un vin plein de senteurs exotiques et fleuries, avec une dominance de pamplemousse. En bouche, notre Aligot\u00e9 est riche avec une fra\u00eecheur d&#8217;agrumes et un c\u00f4t\u00e9 citronn\u00e9 voire m\u00eame sal\u00e9 en final. Il est un compagnon id\u00e9al pour les poissons d&#8217;eau douce, les fromages chauds ou les champignons frais.<\/p>\n","protected":false},"excerpt":{"rendered":"<p><span style=\"color: #646464; font-size: 10pt;\">C\u00e9page originaire de Bourgogne, plein de senteurs exotiques et fleuries &#8230;<br \/>\n<\/span><\/p>\n<p style=\"text-align: center;\">\n","protected":false},"featured_media":44155,"template":"","meta":{"_acf_changed":false},"product_brand":[],"product_cat":[72],"product_tag":[],"class_list":{"0":"post-39481","1":"product","2":"type-product","3":"status-publish","4":"has-post-thumbnail","6":"product_cat-white-wines","7":"product_type_jason-monocepage","9":"first","10":"instock","11":"taxable","12":"shipping-taxable","13":"purchasable","14":"product-type-simple"},"acf":[],"yoast_head":"<!-- This site is optimized with the Yoast SEO Premium plugin v27.3 (Yoast SEO v27.3) - https:\/\/yoast.com\/product\/yoast-seo-premium-wordpress\/ -->\n<title>Aligot\u00e9 - Domaine du Paradis<\/title>\n<meta name=\"description\" content=\"L&#039;Aligot\u00e9 du Paradis, c&#039;est un bouquet de senteurs exotiques et fleuries, auquel se marient des saveurs citronn\u00e9es et agrumeuses...\" \/>\n<meta name=\"robots\" content=\"index, follow, max-snippet:-1, max-image-preview:large, max-video-preview:-1\" \/>\n<link rel=\"canonical\" href=\"https:\/\/domaine-du-paradis.ch\/en\/product\/aligote\/\" \/>\n<meta property=\"og:locale\" content=\"en_US\" \/>\n<meta property=\"og:type\" content=\"article\" \/>\n<meta property=\"og:title\" content=\"Aligot\u00e9\" \/>\n<meta property=\"og:description\" content=\"L&#039;Aligot\u00e9 du Paradis, c&#039;est un bouquet de senteurs exotiques et fleuries, auquel se marient des saveurs citronn\u00e9es et agrumeuses...\" \/>\n<meta property=\"og:url\" content=\"https:\/\/domaine-du-paradis.ch\/en\/product\/aligote\/\" \/>\n<meta property=\"og:site_name\" content=\"Domaine du Paradis\" \/>\n<meta property=\"article:modified_time\" content=\"2025-12-04T07:51:52+00:00\" \/>\n<meta property=\"og:image\" content=\"https:\/\/domaine-du-paradis.ch\/wp-content\/uploads\/2023\/01\/Domaine-du-Paradis_75cl-ALIGOTE_2500px-fond-transparent-OK-WEB.png\" \/>\n\t<meta property=\"og:image:width\" content=\"528\" \/>\n\t<meta property=\"og:image:height\" content=\"2254\" \/>\n\t<meta property=\"og:image:type\" content=\"image\/png\" \/>\n<meta name=\"twitter:card\" content=\"summary_large_image\" \/>\n<meta name=\"twitter:label1\" content=\"Est. reading time\" \/>\n\t<meta name=\"twitter:data1\" content=\"1 minute\" \/>\n<script type=\"application\/ld+json\" class=\"yoast-schema-graph\">{\"@context\":\"https:\\\/\\\/schema.org\",\"@graph\":[{\"@type\":\"WebPage\",\"@id\":\"https:\\\/\\\/domaine-du-paradis.ch\\\/en\\\/product\\\/aligote\\\/\",\"url\":\"https:\\\/\\\/domaine-du-paradis.ch\\\/en\\\/product\\\/aligote\\\/\",\"name\":\"Aligot\u00e9 - Domaine du Paradis\",\"isPartOf\":{\"@id\":\"https:\\\/\\\/domaine-du-paradis.ch\\\/en\\\/#website\"},\"primaryImageOfPage\":{\"@id\":\"https:\\\/\\\/domaine-du-paradis.ch\\\/en\\\/product\\\/aligote\\\/#primaryimage\"},\"image\":{\"@id\":\"https:\\\/\\\/domaine-du-paradis.ch\\\/en\\\/product\\\/aligote\\\/#primaryimage\"},\"thumbnailUrl\":\"https:\\\/\\\/domaine-du-paradis.ch\\\/wp-content\\\/uploads\\\/2023\\\/01\\\/Domaine-du-Paradis_75cl-ALIGOTE_2500px-fond-transparent-OK-WEB.png\",\"datePublished\":\"2012-03-10T17:13:32+00:00\",\"dateModified\":\"2025-12-04T07:51:52+00:00\",\"description\":\"L'Aligot\u00e9 du Paradis, c'est un bouquet de senteurs exotiques et fleuries, auquel se marient des saveurs citronn\u00e9es et agrumeuses...\",\"breadcrumb\":{\"@id\":\"https:\\\/\\\/domaine-du-paradis.ch\\\/en\\\/product\\\/aligote\\\/#breadcrumb\"},\"inLanguage\":\"en-US\",\"potentialAction\":[{\"@type\":\"ReadAction\",\"target\":[\"https:\\\/\\\/domaine-du-paradis.ch\\\/en\\\/product\\\/aligote\\\/\"]}]},{\"@type\":\"ImageObject\",\"inLanguage\":\"en-US\",\"@id\":\"https:\\\/\\\/domaine-du-paradis.ch\\\/en\\\/product\\\/aligote\\\/#primaryimage\",\"url\":\"https:\\\/\\\/domaine-du-paradis.ch\\\/wp-content\\\/uploads\\\/2023\\\/01\\\/Domaine-du-Paradis_75cl-ALIGOTE_2500px-fond-transparent-OK-WEB.png\",\"contentUrl\":\"https:\\\/\\\/domaine-du-paradis.ch\\\/wp-content\\\/uploads\\\/2023\\\/01\\\/Domaine-du-Paradis_75cl-ALIGOTE_2500px-fond-transparent-OK-WEB.png\",\"width\":528,\"height\":2254,\"caption\":\"Domaine du Paradis - Vin Satigny Gen\u00e8ve\"},{\"@type\":\"BreadcrumbList\",\"@id\":\"https:\\\/\\\/domaine-du-paradis.ch\\\/en\\\/product\\\/aligote\\\/#breadcrumb\",\"itemListElement\":[{\"@type\":\"ListItem\",\"position\":1,\"name\":\"Home\",\"item\":\"https:\\\/\\\/domaine-du-paradis.ch\\\/en\\\/\"},{\"@type\":\"ListItem\",\"position\":2,\"name\":\"Discover our wines\",\"item\":\"https:\\\/\\\/domaine-du-paradis.ch\\\/en\\\/shop\\\/\"},{\"@type\":\"ListItem\",\"position\":3,\"name\":\"Aligot\u00e9\"}]},{\"@type\":\"WebSite\",\"@id\":\"https:\\\/\\\/domaine-du-paradis.ch\\\/en\\\/#website\",\"url\":\"https:\\\/\\\/domaine-du-paradis.ch\\\/en\\\/\",\"name\":\"Domaine du Paradis\",\"description\":\"Faire vivre de belles histoires\",\"publisher\":{\"@id\":\"https:\\\/\\\/domaine-du-paradis.ch\\\/en\\\/#organization\"},\"alternateName\":\"Vins Suisses - Famille Burgdorfer\",\"potentialAction\":[{\"@type\":\"SearchAction\",\"target\":{\"@type\":\"EntryPoint\",\"urlTemplate\":\"https:\\\/\\\/domaine-du-paradis.ch\\\/en\\\/?s={search_term_string}\"},\"query-input\":{\"@type\":\"PropertyValueSpecification\",\"valueRequired\":true,\"valueName\":\"search_term_string\"}}],\"inLanguage\":\"en-US\"},{\"@type\":\"Organization\",\"@id\":\"https:\\\/\\\/domaine-du-paradis.ch\\\/en\\\/#organization\",\"name\":\"Domaine du Paradis\",\"url\":\"https:\\\/\\\/domaine-du-paradis.ch\\\/en\\\/\",\"logo\":{\"@type\":\"ImageObject\",\"inLanguage\":\"en-US\",\"@id\":\"https:\\\/\\\/domaine-du-paradis.ch\\\/en\\\/#\\\/schema\\\/logo\\\/image\\\/\",\"url\":\"https:\\\/\\\/domaine-du-paradis.ch\\\/wp-content\\\/uploads\\\/2022\\\/08\\\/logo-domaine-du-paradis-blanc.svg\",\"contentUrl\":\"https:\\\/\\\/domaine-du-paradis.ch\\\/wp-content\\\/uploads\\\/2022\\\/08\\\/logo-domaine-du-paradis-blanc.svg\",\"caption\":\"Domaine du Paradis\"},\"image\":{\"@id\":\"https:\\\/\\\/domaine-du-paradis.ch\\\/en\\\/#\\\/schema\\\/logo\\\/image\\\/\"}}]}<\/script>\n<!-- \/ Yoast SEO Premium plugin. -->","yoast_head_json":{"title":"Aligot\u00e9 - Domaine du Paradis","description":"L'Aligot\u00e9 du Paradis, c'est un bouquet de senteurs exotiques et fleuries, auquel se marient des saveurs citronn\u00e9es et agrumeuses...","robots":{"index":"index","follow":"follow","max-snippet":"max-snippet:-1","max-image-preview":"max-image-preview:large","max-video-preview":"max-video-preview:-1"},"canonical":"https:\/\/domaine-du-paradis.ch\/en\/product\/aligote\/","og_locale":"en_US","og_type":"article","og_title":"Aligot\u00e9","og_description":"L'Aligot\u00e9 du Paradis, c'est un bouquet de senteurs exotiques et fleuries, auquel se marient des saveurs citronn\u00e9es et agrumeuses...","og_url":"https:\/\/domaine-du-paradis.ch\/en\/product\/aligote\/","og_site_name":"Domaine du Paradis","article_modified_time":"2025-12-04T07:51:52+00:00","og_image":[{"width":528,"height":2254,"url":"https:\/\/domaine-du-paradis.ch\/wp-content\/uploads\/2023\/01\/Domaine-du-Paradis_75cl-ALIGOTE_2500px-fond-transparent-OK-WEB.png","type":"image\/png"}],"twitter_card":"summary_large_image","twitter_misc":{"Est. reading time":"1 minute"},"schema":{"@context":"https:\/\/schema.org","@graph":[{"@type":"WebPage","@id":"https:\/\/domaine-du-paradis.ch\/en\/product\/aligote\/","url":"https:\/\/domaine-du-paradis.ch\/en\/product\/aligote\/","name":"Aligot\u00e9 - Domaine du Paradis","isPartOf":{"@id":"https:\/\/domaine-du-paradis.ch\/en\/#website"},"primaryImageOfPage":{"@id":"https:\/\/domaine-du-paradis.ch\/en\/product\/aligote\/#primaryimage"},"image":{"@id":"https:\/\/domaine-du-paradis.ch\/en\/product\/aligote\/#primaryimage"},"thumbnailUrl":"https:\/\/domaine-du-paradis.ch\/wp-content\/uploads\/2023\/01\/Domaine-du-Paradis_75cl-ALIGOTE_2500px-fond-transparent-OK-WEB.png","datePublished":"2012-03-10T17:13:32+00:00","dateModified":"2025-12-04T07:51:52+00:00","description":"L'Aligot\u00e9 du Paradis, c'est un bouquet de senteurs exotiques et fleuries, auquel se marient des saveurs citronn\u00e9es et agrumeuses...","breadcrumb":{"@id":"https:\/\/domaine-du-paradis.ch\/en\/product\/aligote\/#breadcrumb"},"inLanguage":"en-US","potentialAction":[{"@type":"ReadAction","target":["https:\/\/domaine-du-paradis.ch\/en\/product\/aligote\/"]}]},{"@type":"ImageObject","inLanguage":"en-US","@id":"https:\/\/domaine-du-paradis.ch\/en\/product\/aligote\/#primaryimage","url":"https:\/\/domaine-du-paradis.ch\/wp-content\/uploads\/2023\/01\/Domaine-du-Paradis_75cl-ALIGOTE_2500px-fond-transparent-OK-WEB.png","contentUrl":"https:\/\/domaine-du-paradis.ch\/wp-content\/uploads\/2023\/01\/Domaine-du-Paradis_75cl-ALIGOTE_2500px-fond-transparent-OK-WEB.png","width":528,"height":2254,"caption":"Domaine du Paradis - Vin Satigny Gen\u00e8ve"},{"@type":"BreadcrumbList","@id":"https:\/\/domaine-du-paradis.ch\/en\/product\/aligote\/#breadcrumb","itemListElement":[{"@type":"ListItem","position":1,"name":"Home","item":"https:\/\/domaine-du-paradis.ch\/en\/"},{"@type":"ListItem","position":2,"name":"Discover our wines","item":"https:\/\/domaine-du-paradis.ch\/en\/shop\/"},{"@type":"ListItem","position":3,"name":"Aligot\u00e9"}]},{"@type":"WebSite","@id":"https:\/\/domaine-du-paradis.ch\/en\/#website","url":"https:\/\/domaine-du-paradis.ch\/en\/","name":"Domaine du Paradis","description":"Faire vivre de belles histoires","publisher":{"@id":"https:\/\/domaine-du-paradis.ch\/en\/#organization"},"alternateName":"Vins Suisses - Famille Burgdorfer","potentialAction":[{"@type":"SearchAction","target":{"@type":"EntryPoint","urlTemplate":"https:\/\/domaine-du-paradis.ch\/en\/?s={search_term_string}"},"query-input":{"@type":"PropertyValueSpecification","valueRequired":true,"valueName":"search_term_string"}}],"inLanguage":"en-US"},{"@type":"Organization","@id":"https:\/\/domaine-du-paradis.ch\/en\/#organization","name":"Domaine du Paradis","url":"https:\/\/domaine-du-paradis.ch\/en\/","logo":{"@type":"ImageObject","inLanguage":"en-US","@id":"https:\/\/domaine-du-paradis.ch\/en\/#\/schema\/logo\/image\/","url":"https:\/\/domaine-du-paradis.ch\/wp-content\/uploads\/2022\/08\/logo-domaine-du-paradis-blanc.svg","contentUrl":"https:\/\/domaine-du-paradis.ch\/wp-content\/uploads\/2022\/08\/logo-domaine-du-paradis-blanc.svg","caption":"Domaine du Paradis"},"image":{"@id":"https:\/\/domaine-du-paradis.ch\/en\/#\/schema\/logo\/image\/"}}]}},"_links":{"self":[{"href":"https:\/\/domaine-du-paradis.ch\/en\/wp-json\/wp\/v2\/product\/39481","targetHints":{"allow":["GET"]}}],"collection":[{"href":"https:\/\/domaine-du-paradis.ch\/en\/wp-json\/wp\/v2\/product"}],"about":[{"href":"https:\/\/domaine-du-paradis.ch\/en\/wp-json\/wp\/v2\/types\/product"}],"wp:featuredmedia":[{"embeddable":true,"href":"https:\/\/domaine-du-paradis.ch\/en\/wp-json\/wp\/v2\/media\/44155"}],"wp:attachment":[{"href":"https:\/\/domaine-du-paradis.ch\/en\/wp-json\/wp\/v2\/media?parent=39481"}],"wp:term":[{"taxonomy":"product_brand","embeddable":true,"href":"https:\/\/domaine-du-paradis.ch\/en\/wp-json\/wp\/v2\/product_brand?post=39481"},{"taxonomy":"product_cat","embeddable":true,"href":"https:\/\/domaine-du-paradis.ch\/en\/wp-json\/wp\/v2\/product_cat?post=39481"},{"taxonomy":"product_tag","embeddable":true,"href":"https:\/\/domaine-du-paradis.ch\/en\/wp-json\/wp\/v2\/product_tag?post=39481"}],"curies":[{"name":"wp","href":"https:\/\/api.w.org\/{rel}","templated":true}]}}