{"id":39479,"date":"2012-03-10T18:15:30","date_gmt":"2012-03-10T17:15:30","guid":{"rendered":"https:\/\/domaine-du-paradis.ch\/product\/sauvignon-blanc\/"},"modified":"2025-12-04T08:51:17","modified_gmt":"2025-12-04T07:51:17","slug":"sauvignon-blanc","status":"publish","type":"product","link":"https:\/\/domaine-du-paradis.ch\/en\/product\/sauvignon-blanc\/","title":{"rendered":"Sauvignon Blanc"},"content":{"rendered":"<p>Parce que ce Sauvignon Blanc est un vin tr\u00e8s aromatique, avec des senteurs de pamplemousse rose et de cassis, et une jolie carrure. Riche et moelleux, avec un final min\u00e9ral et bois\u00e9 tr\u00e8s harmonieux, il sera tout content d&#8217;accompagner des crustac\u00e9s, des poissons sauvages ou juste un bel ap\u00e9ritif \u00e9pic\u00e9.<\/p>\n","protected":false},"excerpt":{"rendered":"<p style=\"font-weight: bold;\"><strong style=\"font-weight: bold;\"><span style=\"font-family: Calibri; font-size: 12pt;\"><span style=\"font-family: Calibri; font-size: 12pt;\"><span style=\"color: #646464;\"><span style=\"font-size: 10pt;\"><span style=\"font-family: Arial;\"> <span style=\"color: #888888;\">Elev\u00e9 pour moiti\u00e9 en barriques et pour l&#8217;autre moiti\u00e9 en cuves inox et assembl\u00e9. Vin tr\u00e8s aromatique avec des senteurs de pamplemousse rose et de feuilles de cassis .<\/span><\/span><\/span><\/span><\/span><\/span><span style=\"color: #888888;\">..<\/span><\/strong><\/p>\n<p>&nbsp;<\/p>\n","protected":false},"featured_media":44187,"template":"","meta":{"_acf_changed":false},"product_brand":[],"product_cat":[72],"product_tag":[],"class_list":{"0":"post-39479","1":"product","2":"type-product","3":"status-publish","4":"has-post-thumbnail","6":"product_cat-white-wines","7":"product_type_jason-barrique","8":"product_type_jason-monocepage","10":"first","11":"instock","12":"featured","13":"taxable","14":"shipping-taxable","15":"purchasable","16":"product-type-simple"},"acf":[],"yoast_head":"<!-- This site is optimized with the Yoast SEO Premium plugin v27.3 (Yoast SEO v27.3) - https:\/\/yoast.com\/product\/yoast-seo-premium-wordpress\/ -->\n<title>Sauvignon Blanc - Domaine du Paradis<\/title>\n<meta name=\"robots\" content=\"index, follow, max-snippet:-1, max-image-preview:large, max-video-preview:-1\" \/>\n<link rel=\"canonical\" href=\"https:\/\/domaine-du-paradis.ch\/en\/product\/sauvignon-blanc\/\" \/>\n<meta property=\"og:locale\" content=\"en_US\" \/>\n<meta property=\"og:type\" content=\"article\" \/>\n<meta property=\"og:title\" content=\"Sauvignon Blanc\" \/>\n<meta property=\"og:description\" content=\"Elev\u00e9 pour moiti\u00e9 en barriques et pour l&#039;autre moiti\u00e9 en cuves inox et assembl\u00e9. Vin tr\u00e8s aromatique avec des senteurs de pamplemousse rose et de feuilles de cassis ... &nbsp;\" \/>\n<meta property=\"og:url\" content=\"https:\/\/domaine-du-paradis.ch\/en\/product\/sauvignon-blanc\/\" \/>\n<meta property=\"og:site_name\" content=\"Domaine du Paradis\" \/>\n<meta property=\"article:modified_time\" content=\"2025-12-04T07:51:17+00:00\" \/>\n<meta property=\"og:image\" content=\"https:\/\/domaine-du-paradis.ch\/wp-content\/uploads\/2023\/01\/Domaine-du-Paradis_75cl-SAUVIGNON-BLANC_2500px-fond-transparent-OK-WEB.png\" \/>\n\t<meta property=\"og:image:width\" content=\"526\" \/>\n\t<meta property=\"og:image:height\" content=\"2252\" \/>\n\t<meta property=\"og:image:type\" content=\"image\/png\" \/>\n<meta name=\"twitter:card\" content=\"summary_large_image\" \/>\n<script type=\"application\/ld+json\" class=\"yoast-schema-graph\">{\"@context\":\"https:\\\/\\\/schema.org\",\"@graph\":[{\"@type\":\"WebPage\",\"@id\":\"https:\\\/\\\/domaine-du-paradis.ch\\\/en\\\/product\\\/sauvignon-blanc\\\/\",\"url\":\"https:\\\/\\\/domaine-du-paradis.ch\\\/en\\\/product\\\/sauvignon-blanc\\\/\",\"name\":\"Sauvignon Blanc - Domaine du Paradis\",\"isPartOf\":{\"@id\":\"https:\\\/\\\/domaine-du-paradis.ch\\\/en\\\/#website\"},\"primaryImageOfPage\":{\"@id\":\"https:\\\/\\\/domaine-du-paradis.ch\\\/en\\\/product\\\/sauvignon-blanc\\\/#primaryimage\"},\"image\":{\"@id\":\"https:\\\/\\\/domaine-du-paradis.ch\\\/en\\\/product\\\/sauvignon-blanc\\\/#primaryimage\"},\"thumbnailUrl\":\"https:\\\/\\\/domaine-du-paradis.ch\\\/wp-content\\\/uploads\\\/2023\\\/01\\\/Domaine-du-Paradis_75cl-SAUVIGNON-BLANC_2500px-fond-transparent-OK-WEB.png\",\"datePublished\":\"2012-03-10T17:15:30+00:00\",\"dateModified\":\"2025-12-04T07:51:17+00:00\",\"breadcrumb\":{\"@id\":\"https:\\\/\\\/domaine-du-paradis.ch\\\/en\\\/product\\\/sauvignon-blanc\\\/#breadcrumb\"},\"inLanguage\":\"en-US\",\"potentialAction\":[{\"@type\":\"ReadAction\",\"target\":[\"https:\\\/\\\/domaine-du-paradis.ch\\\/en\\\/product\\\/sauvignon-blanc\\\/\"]}]},{\"@type\":\"ImageObject\",\"inLanguage\":\"en-US\",\"@id\":\"https:\\\/\\\/domaine-du-paradis.ch\\\/en\\\/product\\\/sauvignon-blanc\\\/#primaryimage\",\"url\":\"https:\\\/\\\/domaine-du-paradis.ch\\\/wp-content\\\/uploads\\\/2023\\\/01\\\/Domaine-du-Paradis_75cl-SAUVIGNON-BLANC_2500px-fond-transparent-OK-WEB.png\",\"contentUrl\":\"https:\\\/\\\/domaine-du-paradis.ch\\\/wp-content\\\/uploads\\\/2023\\\/01\\\/Domaine-du-Paradis_75cl-SAUVIGNON-BLANC_2500px-fond-transparent-OK-WEB.png\",\"width\":526,\"height\":2252,\"caption\":\"Domaine du Paradis - Satigny - Vin Gen\u00e8ve\"},{\"@type\":\"BreadcrumbList\",\"@id\":\"https:\\\/\\\/domaine-du-paradis.ch\\\/en\\\/product\\\/sauvignon-blanc\\\/#breadcrumb\",\"itemListElement\":[{\"@type\":\"ListItem\",\"position\":1,\"name\":\"Home\",\"item\":\"https:\\\/\\\/domaine-du-paradis.ch\\\/en\\\/\"},{\"@type\":\"ListItem\",\"position\":2,\"name\":\"Discover our wines\",\"item\":\"https:\\\/\\\/domaine-du-paradis.ch\\\/en\\\/shop\\\/\"},{\"@type\":\"ListItem\",\"position\":3,\"name\":\"Sauvignon Blanc\"}]},{\"@type\":\"WebSite\",\"@id\":\"https:\\\/\\\/domaine-du-paradis.ch\\\/en\\\/#website\",\"url\":\"https:\\\/\\\/domaine-du-paradis.ch\\\/en\\\/\",\"name\":\"Domaine du Paradis\",\"description\":\"Faire vivre de belles histoires\",\"publisher\":{\"@id\":\"https:\\\/\\\/domaine-du-paradis.ch\\\/en\\\/#organization\"},\"alternateName\":\"Vins Suisses - Famille Burgdorfer\",\"potentialAction\":[{\"@type\":\"SearchAction\",\"target\":{\"@type\":\"EntryPoint\",\"urlTemplate\":\"https:\\\/\\\/domaine-du-paradis.ch\\\/en\\\/?s={search_term_string}\"},\"query-input\":{\"@type\":\"PropertyValueSpecification\",\"valueRequired\":true,\"valueName\":\"search_term_string\"}}],\"inLanguage\":\"en-US\"},{\"@type\":\"Organization\",\"@id\":\"https:\\\/\\\/domaine-du-paradis.ch\\\/en\\\/#organization\",\"name\":\"Domaine du Paradis\",\"url\":\"https:\\\/\\\/domaine-du-paradis.ch\\\/en\\\/\",\"logo\":{\"@type\":\"ImageObject\",\"inLanguage\":\"en-US\",\"@id\":\"https:\\\/\\\/domaine-du-paradis.ch\\\/en\\\/#\\\/schema\\\/logo\\\/image\\\/\",\"url\":\"https:\\\/\\\/domaine-du-paradis.ch\\\/wp-content\\\/uploads\\\/2022\\\/08\\\/logo-domaine-du-paradis-blanc.svg\",\"contentUrl\":\"https:\\\/\\\/domaine-du-paradis.ch\\\/wp-content\\\/uploads\\\/2022\\\/08\\\/logo-domaine-du-paradis-blanc.svg\",\"caption\":\"Domaine du Paradis\"},\"image\":{\"@id\":\"https:\\\/\\\/domaine-du-paradis.ch\\\/en\\\/#\\\/schema\\\/logo\\\/image\\\/\"}}]}<\/script>\n<!-- \/ Yoast SEO Premium plugin. -->","yoast_head_json":{"title":"Sauvignon Blanc - Domaine du Paradis","robots":{"index":"index","follow":"follow","max-snippet":"max-snippet:-1","max-image-preview":"max-image-preview:large","max-video-preview":"max-video-preview:-1"},"canonical":"https:\/\/domaine-du-paradis.ch\/en\/product\/sauvignon-blanc\/","og_locale":"en_US","og_type":"article","og_title":"Sauvignon Blanc","og_description":"Elev\u00e9 pour moiti\u00e9 en barriques et pour l'autre moiti\u00e9 en cuves inox et assembl\u00e9. Vin tr\u00e8s aromatique avec des senteurs de pamplemousse rose et de feuilles de cassis ... &nbsp;","og_url":"https:\/\/domaine-du-paradis.ch\/en\/product\/sauvignon-blanc\/","og_site_name":"Domaine du Paradis","article_modified_time":"2025-12-04T07:51:17+00:00","og_image":[{"width":526,"height":2252,"url":"https:\/\/domaine-du-paradis.ch\/wp-content\/uploads\/2023\/01\/Domaine-du-Paradis_75cl-SAUVIGNON-BLANC_2500px-fond-transparent-OK-WEB.png","type":"image\/png"}],"twitter_card":"summary_large_image","schema":{"@context":"https:\/\/schema.org","@graph":[{"@type":"WebPage","@id":"https:\/\/domaine-du-paradis.ch\/en\/product\/sauvignon-blanc\/","url":"https:\/\/domaine-du-paradis.ch\/en\/product\/sauvignon-blanc\/","name":"Sauvignon Blanc - Domaine du Paradis","isPartOf":{"@id":"https:\/\/domaine-du-paradis.ch\/en\/#website"},"primaryImageOfPage":{"@id":"https:\/\/domaine-du-paradis.ch\/en\/product\/sauvignon-blanc\/#primaryimage"},"image":{"@id":"https:\/\/domaine-du-paradis.ch\/en\/product\/sauvignon-blanc\/#primaryimage"},"thumbnailUrl":"https:\/\/domaine-du-paradis.ch\/wp-content\/uploads\/2023\/01\/Domaine-du-Paradis_75cl-SAUVIGNON-BLANC_2500px-fond-transparent-OK-WEB.png","datePublished":"2012-03-10T17:15:30+00:00","dateModified":"2025-12-04T07:51:17+00:00","breadcrumb":{"@id":"https:\/\/domaine-du-paradis.ch\/en\/product\/sauvignon-blanc\/#breadcrumb"},"inLanguage":"en-US","potentialAction":[{"@type":"ReadAction","target":["https:\/\/domaine-du-paradis.ch\/en\/product\/sauvignon-blanc\/"]}]},{"@type":"ImageObject","inLanguage":"en-US","@id":"https:\/\/domaine-du-paradis.ch\/en\/product\/sauvignon-blanc\/#primaryimage","url":"https:\/\/domaine-du-paradis.ch\/wp-content\/uploads\/2023\/01\/Domaine-du-Paradis_75cl-SAUVIGNON-BLANC_2500px-fond-transparent-OK-WEB.png","contentUrl":"https:\/\/domaine-du-paradis.ch\/wp-content\/uploads\/2023\/01\/Domaine-du-Paradis_75cl-SAUVIGNON-BLANC_2500px-fond-transparent-OK-WEB.png","width":526,"height":2252,"caption":"Domaine du Paradis - Satigny - Vin Gen\u00e8ve"},{"@type":"BreadcrumbList","@id":"https:\/\/domaine-du-paradis.ch\/en\/product\/sauvignon-blanc\/#breadcrumb","itemListElement":[{"@type":"ListItem","position":1,"name":"Home","item":"https:\/\/domaine-du-paradis.ch\/en\/"},{"@type":"ListItem","position":2,"name":"Discover our wines","item":"https:\/\/domaine-du-paradis.ch\/en\/shop\/"},{"@type":"ListItem","position":3,"name":"Sauvignon Blanc"}]},{"@type":"WebSite","@id":"https:\/\/domaine-du-paradis.ch\/en\/#website","url":"https:\/\/domaine-du-paradis.ch\/en\/","name":"Domaine du Paradis","description":"Faire vivre de belles histoires","publisher":{"@id":"https:\/\/domaine-du-paradis.ch\/en\/#organization"},"alternateName":"Vins Suisses - Famille Burgdorfer","potentialAction":[{"@type":"SearchAction","target":{"@type":"EntryPoint","urlTemplate":"https:\/\/domaine-du-paradis.ch\/en\/?s={search_term_string}"},"query-input":{"@type":"PropertyValueSpecification","valueRequired":true,"valueName":"search_term_string"}}],"inLanguage":"en-US"},{"@type":"Organization","@id":"https:\/\/domaine-du-paradis.ch\/en\/#organization","name":"Domaine du Paradis","url":"https:\/\/domaine-du-paradis.ch\/en\/","logo":{"@type":"ImageObject","inLanguage":"en-US","@id":"https:\/\/domaine-du-paradis.ch\/en\/#\/schema\/logo\/image\/","url":"https:\/\/domaine-du-paradis.ch\/wp-content\/uploads\/2022\/08\/logo-domaine-du-paradis-blanc.svg","contentUrl":"https:\/\/domaine-du-paradis.ch\/wp-content\/uploads\/2022\/08\/logo-domaine-du-paradis-blanc.svg","caption":"Domaine du Paradis"},"image":{"@id":"https:\/\/domaine-du-paradis.ch\/en\/#\/schema\/logo\/image\/"}}]}},"_links":{"self":[{"href":"https:\/\/domaine-du-paradis.ch\/en\/wp-json\/wp\/v2\/product\/39479","targetHints":{"allow":["GET"]}}],"collection":[{"href":"https:\/\/domaine-du-paradis.ch\/en\/wp-json\/wp\/v2\/product"}],"about":[{"href":"https:\/\/domaine-du-paradis.ch\/en\/wp-json\/wp\/v2\/types\/product"}],"wp:featuredmedia":[{"embeddable":true,"href":"https:\/\/domaine-du-paradis.ch\/en\/wp-json\/wp\/v2\/media\/44187"}],"wp:attachment":[{"href":"https:\/\/domaine-du-paradis.ch\/en\/wp-json\/wp\/v2\/media?parent=39479"}],"wp:term":[{"taxonomy":"product_brand","embeddable":true,"href":"https:\/\/domaine-du-paradis.ch\/en\/wp-json\/wp\/v2\/product_brand?post=39479"},{"taxonomy":"product_cat","embeddable":true,"href":"https:\/\/domaine-du-paradis.ch\/en\/wp-json\/wp\/v2\/product_cat?post=39479"},{"taxonomy":"product_tag","embeddable":true,"href":"https:\/\/domaine-du-paradis.ch\/en\/wp-json\/wp\/v2\/product_tag?post=39479"}],"curies":[{"name":"wp","href":"https:\/\/api.w.org\/{rel}","templated":true}]}}