{"id":39478,"date":"2012-03-10T18:15:49","date_gmt":"2012-03-10T17:15:49","guid":{"rendered":"https:\/\/domaine-du-paradis.ch\/product\/pont-des-soupirs-blanc\/"},"modified":"2025-03-06T14:03:14","modified_gmt":"2025-03-06T13:03:14","slug":"pont-des-soupirs-blanc","status":"publish","type":"product","link":"https:\/\/domaine-du-paradis.ch\/en\/product\/pont-des-soupirs-blanc\/","title":{"rendered":"Viognier"},"content":{"rendered":"<p>Parce que le Viognier, il a des allures \u00ab Costa- du-Rhoniennes \u00bb !! Avec ses ar\u00f4mes de p\u00eache, d\u2019abricot et de fleurs blanches, sa bouche riche et enivrante de fruits et de fleurs, il arrive \u00e0 tout faire oublier, le temps d\u2019un tout petit moment, tout ce qui peut exister autour. Pour que vous l\u2019aimiez aussi, il vous suffira de le marier avec vos poissons au safran, vos fromages et m\u00eame des desserts.<\/p>\n","protected":false},"excerpt":{"rendered":"<p><span style=\"color: #888888;\"><strong style=\"font-weight: bold;\">Elev\u00e9 pour moiti\u00e9 en barriques et pour l&#8217;autre moiti\u00e9 en cuves inox pendant 6 mois et assembl\u00e9, c&#8217;est un concentr\u00e9 d&#8217;ar\u00f4mes m\u00e9diterran\u00e9ens tels qu&#8217;anis, abricot, fleurs blanches et girofle&#8230;<\/strong><\/span><\/p>\n<p><!--EndFragment--><\/p>\n","protected":false},"featured_media":44195,"template":"","meta":{"_acf_changed":false},"product_brand":[],"product_cat":[72],"product_tag":[],"class_list":{"0":"post-39478","1":"product","2":"type-product","3":"status-publish","4":"has-post-thumbnail","6":"product_cat-white-wines","7":"product_type_jason-barrique","8":"product_type_jason-monocepage","10":"first","11":"instock","12":"taxable","13":"shipping-taxable","14":"purchasable","15":"product-type-simple"},"acf":[],"yoast_head":"<!-- This site is optimized with the Yoast SEO Premium plugin v27.3 (Yoast SEO v27.3) - https:\/\/yoast.com\/product\/yoast-seo-premium-wordpress\/ -->\n<title>Pont des Soupirs blanc - Viognier - Domaine du Paradis<\/title>\n<meta name=\"description\" content=\"Le Pont des Soupirs blanc est un viognier pur, et c&#039;est un concentr\u00e9 d\u2019ar\u00f4mes m\u00e9diterran\u00e9ens tels qu\u2019anis, abricot, fleurs blanches et girofle.\" \/>\n<meta name=\"robots\" content=\"index, follow, max-snippet:-1, max-image-preview:large, max-video-preview:-1\" \/>\n<link rel=\"canonical\" href=\"https:\/\/domaine-du-paradis.ch\/en\/product\/pont-des-soupirs-blanc\/\" \/>\n<meta property=\"og:locale\" content=\"en_US\" \/>\n<meta property=\"og:type\" content=\"article\" \/>\n<meta property=\"og:title\" content=\"Viognier\" \/>\n<meta property=\"og:description\" content=\"Le Pont des Soupirs blanc est un viognier pur, et c&#039;est un concentr\u00e9 d\u2019ar\u00f4mes m\u00e9diterran\u00e9ens tels qu\u2019anis, abricot, fleurs blanches et girofle.\" \/>\n<meta property=\"og:url\" content=\"https:\/\/domaine-du-paradis.ch\/en\/product\/pont-des-soupirs-blanc\/\" \/>\n<meta property=\"og:site_name\" content=\"Domaine du Paradis\" \/>\n<meta property=\"article:modified_time\" content=\"2025-03-06T13:03:14+00:00\" \/>\n<meta property=\"og:image\" content=\"https:\/\/domaine-du-paradis.ch\/wp-content\/uploads\/2023\/01\/Domaine-du-Paradis_75cl-VIOGNIER_2500px-fond-transparent-OK-WEB.png\" \/>\n\t<meta property=\"og:image:width\" content=\"532\" \/>\n\t<meta property=\"og:image:height\" content=\"2254\" \/>\n\t<meta property=\"og:image:type\" content=\"image\/png\" \/>\n<meta name=\"twitter:card\" content=\"summary_large_image\" \/>\n<script type=\"application\/ld+json\" class=\"yoast-schema-graph\">{\"@context\":\"https:\\\/\\\/schema.org\",\"@graph\":[{\"@type\":\"WebPage\",\"@id\":\"https:\\\/\\\/domaine-du-paradis.ch\\\/en\\\/product\\\/pont-des-soupirs-blanc\\\/\",\"url\":\"https:\\\/\\\/domaine-du-paradis.ch\\\/en\\\/product\\\/pont-des-soupirs-blanc\\\/\",\"name\":\"Pont des Soupirs blanc - Viognier - Domaine du Paradis\",\"isPartOf\":{\"@id\":\"https:\\\/\\\/domaine-du-paradis.ch\\\/en\\\/#website\"},\"primaryImageOfPage\":{\"@id\":\"https:\\\/\\\/domaine-du-paradis.ch\\\/en\\\/product\\\/pont-des-soupirs-blanc\\\/#primaryimage\"},\"image\":{\"@id\":\"https:\\\/\\\/domaine-du-paradis.ch\\\/en\\\/product\\\/pont-des-soupirs-blanc\\\/#primaryimage\"},\"thumbnailUrl\":\"https:\\\/\\\/domaine-du-paradis.ch\\\/wp-content\\\/uploads\\\/2023\\\/01\\\/Domaine-du-Paradis_75cl-VIOGNIER_2500px-fond-transparent-OK-WEB.png\",\"datePublished\":\"2012-03-10T17:15:49+00:00\",\"dateModified\":\"2025-03-06T13:03:14+00:00\",\"description\":\"Le Pont des Soupirs blanc est un viognier pur, et c'est un concentr\u00e9 d\u2019ar\u00f4mes m\u00e9diterran\u00e9ens tels qu\u2019anis, abricot, fleurs blanches et girofle.\",\"breadcrumb\":{\"@id\":\"https:\\\/\\\/domaine-du-paradis.ch\\\/en\\\/product\\\/pont-des-soupirs-blanc\\\/#breadcrumb\"},\"inLanguage\":\"en-US\",\"potentialAction\":[{\"@type\":\"ReadAction\",\"target\":[\"https:\\\/\\\/domaine-du-paradis.ch\\\/en\\\/product\\\/pont-des-soupirs-blanc\\\/\"]}]},{\"@type\":\"ImageObject\",\"inLanguage\":\"en-US\",\"@id\":\"https:\\\/\\\/domaine-du-paradis.ch\\\/en\\\/product\\\/pont-des-soupirs-blanc\\\/#primaryimage\",\"url\":\"https:\\\/\\\/domaine-du-paradis.ch\\\/wp-content\\\/uploads\\\/2023\\\/01\\\/Domaine-du-Paradis_75cl-VIOGNIER_2500px-fond-transparent-OK-WEB.png\",\"contentUrl\":\"https:\\\/\\\/domaine-du-paradis.ch\\\/wp-content\\\/uploads\\\/2023\\\/01\\\/Domaine-du-Paradis_75cl-VIOGNIER_2500px-fond-transparent-OK-WEB.png\",\"width\":532,\"height\":2254,\"caption\":\"Domaine du Paradis - Satigny - Vin Gen\u00e8ve\"},{\"@type\":\"BreadcrumbList\",\"@id\":\"https:\\\/\\\/domaine-du-paradis.ch\\\/en\\\/product\\\/pont-des-soupirs-blanc\\\/#breadcrumb\",\"itemListElement\":[{\"@type\":\"ListItem\",\"position\":1,\"name\":\"Home\",\"item\":\"https:\\\/\\\/domaine-du-paradis.ch\\\/en\\\/\"},{\"@type\":\"ListItem\",\"position\":2,\"name\":\"Discover our wines\",\"item\":\"https:\\\/\\\/domaine-du-paradis.ch\\\/en\\\/shop\\\/\"},{\"@type\":\"ListItem\",\"position\":3,\"name\":\"Viognier\"}]},{\"@type\":\"WebSite\",\"@id\":\"https:\\\/\\\/domaine-du-paradis.ch\\\/en\\\/#website\",\"url\":\"https:\\\/\\\/domaine-du-paradis.ch\\\/en\\\/\",\"name\":\"Domaine du Paradis\",\"description\":\"Faire vivre de belles histoires\",\"publisher\":{\"@id\":\"https:\\\/\\\/domaine-du-paradis.ch\\\/en\\\/#organization\"},\"alternateName\":\"Vins Suisses - Famille Burgdorfer\",\"potentialAction\":[{\"@type\":\"SearchAction\",\"target\":{\"@type\":\"EntryPoint\",\"urlTemplate\":\"https:\\\/\\\/domaine-du-paradis.ch\\\/en\\\/?s={search_term_string}\"},\"query-input\":{\"@type\":\"PropertyValueSpecification\",\"valueRequired\":true,\"valueName\":\"search_term_string\"}}],\"inLanguage\":\"en-US\"},{\"@type\":\"Organization\",\"@id\":\"https:\\\/\\\/domaine-du-paradis.ch\\\/en\\\/#organization\",\"name\":\"Domaine du Paradis\",\"url\":\"https:\\\/\\\/domaine-du-paradis.ch\\\/en\\\/\",\"logo\":{\"@type\":\"ImageObject\",\"inLanguage\":\"en-US\",\"@id\":\"https:\\\/\\\/domaine-du-paradis.ch\\\/en\\\/#\\\/schema\\\/logo\\\/image\\\/\",\"url\":\"https:\\\/\\\/domaine-du-paradis.ch\\\/wp-content\\\/uploads\\\/2022\\\/08\\\/logo-domaine-du-paradis-blanc.svg\",\"contentUrl\":\"https:\\\/\\\/domaine-du-paradis.ch\\\/wp-content\\\/uploads\\\/2022\\\/08\\\/logo-domaine-du-paradis-blanc.svg\",\"caption\":\"Domaine du Paradis\"},\"image\":{\"@id\":\"https:\\\/\\\/domaine-du-paradis.ch\\\/en\\\/#\\\/schema\\\/logo\\\/image\\\/\"}}]}<\/script>\n<!-- \/ Yoast SEO Premium plugin. -->","yoast_head_json":{"title":"Pont des Soupirs blanc - Viognier - Domaine du Paradis","description":"Le Pont des Soupirs blanc est un viognier pur, et c'est un concentr\u00e9 d\u2019ar\u00f4mes m\u00e9diterran\u00e9ens tels qu\u2019anis, abricot, fleurs blanches et girofle.","robots":{"index":"index","follow":"follow","max-snippet":"max-snippet:-1","max-image-preview":"max-image-preview:large","max-video-preview":"max-video-preview:-1"},"canonical":"https:\/\/domaine-du-paradis.ch\/en\/product\/pont-des-soupirs-blanc\/","og_locale":"en_US","og_type":"article","og_title":"Viognier","og_description":"Le Pont des Soupirs blanc est un viognier pur, et c'est un concentr\u00e9 d\u2019ar\u00f4mes m\u00e9diterran\u00e9ens tels qu\u2019anis, abricot, fleurs blanches et girofle.","og_url":"https:\/\/domaine-du-paradis.ch\/en\/product\/pont-des-soupirs-blanc\/","og_site_name":"Domaine du Paradis","article_modified_time":"2025-03-06T13:03:14+00:00","og_image":[{"width":532,"height":2254,"url":"https:\/\/domaine-du-paradis.ch\/wp-content\/uploads\/2023\/01\/Domaine-du-Paradis_75cl-VIOGNIER_2500px-fond-transparent-OK-WEB.png","type":"image\/png"}],"twitter_card":"summary_large_image","schema":{"@context":"https:\/\/schema.org","@graph":[{"@type":"WebPage","@id":"https:\/\/domaine-du-paradis.ch\/en\/product\/pont-des-soupirs-blanc\/","url":"https:\/\/domaine-du-paradis.ch\/en\/product\/pont-des-soupirs-blanc\/","name":"Pont des Soupirs blanc - Viognier - Domaine du Paradis","isPartOf":{"@id":"https:\/\/domaine-du-paradis.ch\/en\/#website"},"primaryImageOfPage":{"@id":"https:\/\/domaine-du-paradis.ch\/en\/product\/pont-des-soupirs-blanc\/#primaryimage"},"image":{"@id":"https:\/\/domaine-du-paradis.ch\/en\/product\/pont-des-soupirs-blanc\/#primaryimage"},"thumbnailUrl":"https:\/\/domaine-du-paradis.ch\/wp-content\/uploads\/2023\/01\/Domaine-du-Paradis_75cl-VIOGNIER_2500px-fond-transparent-OK-WEB.png","datePublished":"2012-03-10T17:15:49+00:00","dateModified":"2025-03-06T13:03:14+00:00","description":"Le Pont des Soupirs blanc est un viognier pur, et c'est un concentr\u00e9 d\u2019ar\u00f4mes m\u00e9diterran\u00e9ens tels qu\u2019anis, abricot, fleurs blanches et girofle.","breadcrumb":{"@id":"https:\/\/domaine-du-paradis.ch\/en\/product\/pont-des-soupirs-blanc\/#breadcrumb"},"inLanguage":"en-US","potentialAction":[{"@type":"ReadAction","target":["https:\/\/domaine-du-paradis.ch\/en\/product\/pont-des-soupirs-blanc\/"]}]},{"@type":"ImageObject","inLanguage":"en-US","@id":"https:\/\/domaine-du-paradis.ch\/en\/product\/pont-des-soupirs-blanc\/#primaryimage","url":"https:\/\/domaine-du-paradis.ch\/wp-content\/uploads\/2023\/01\/Domaine-du-Paradis_75cl-VIOGNIER_2500px-fond-transparent-OK-WEB.png","contentUrl":"https:\/\/domaine-du-paradis.ch\/wp-content\/uploads\/2023\/01\/Domaine-du-Paradis_75cl-VIOGNIER_2500px-fond-transparent-OK-WEB.png","width":532,"height":2254,"caption":"Domaine du Paradis - Satigny - Vin Gen\u00e8ve"},{"@type":"BreadcrumbList","@id":"https:\/\/domaine-du-paradis.ch\/en\/product\/pont-des-soupirs-blanc\/#breadcrumb","itemListElement":[{"@type":"ListItem","position":1,"name":"Home","item":"https:\/\/domaine-du-paradis.ch\/en\/"},{"@type":"ListItem","position":2,"name":"Discover our wines","item":"https:\/\/domaine-du-paradis.ch\/en\/shop\/"},{"@type":"ListItem","position":3,"name":"Viognier"}]},{"@type":"WebSite","@id":"https:\/\/domaine-du-paradis.ch\/en\/#website","url":"https:\/\/domaine-du-paradis.ch\/en\/","name":"Domaine du Paradis","description":"Faire vivre de belles histoires","publisher":{"@id":"https:\/\/domaine-du-paradis.ch\/en\/#organization"},"alternateName":"Vins Suisses - Famille Burgdorfer","potentialAction":[{"@type":"SearchAction","target":{"@type":"EntryPoint","urlTemplate":"https:\/\/domaine-du-paradis.ch\/en\/?s={search_term_string}"},"query-input":{"@type":"PropertyValueSpecification","valueRequired":true,"valueName":"search_term_string"}}],"inLanguage":"en-US"},{"@type":"Organization","@id":"https:\/\/domaine-du-paradis.ch\/en\/#organization","name":"Domaine du Paradis","url":"https:\/\/domaine-du-paradis.ch\/en\/","logo":{"@type":"ImageObject","inLanguage":"en-US","@id":"https:\/\/domaine-du-paradis.ch\/en\/#\/schema\/logo\/image\/","url":"https:\/\/domaine-du-paradis.ch\/wp-content\/uploads\/2022\/08\/logo-domaine-du-paradis-blanc.svg","contentUrl":"https:\/\/domaine-du-paradis.ch\/wp-content\/uploads\/2022\/08\/logo-domaine-du-paradis-blanc.svg","caption":"Domaine du Paradis"},"image":{"@id":"https:\/\/domaine-du-paradis.ch\/en\/#\/schema\/logo\/image\/"}}]}},"_links":{"self":[{"href":"https:\/\/domaine-du-paradis.ch\/en\/wp-json\/wp\/v2\/product\/39478","targetHints":{"allow":["GET"]}}],"collection":[{"href":"https:\/\/domaine-du-paradis.ch\/en\/wp-json\/wp\/v2\/product"}],"about":[{"href":"https:\/\/domaine-du-paradis.ch\/en\/wp-json\/wp\/v2\/types\/product"}],"wp:featuredmedia":[{"embeddable":true,"href":"https:\/\/domaine-du-paradis.ch\/en\/wp-json\/wp\/v2\/media\/44195"}],"wp:attachment":[{"href":"https:\/\/domaine-du-paradis.ch\/en\/wp-json\/wp\/v2\/media?parent=39478"}],"wp:term":[{"taxonomy":"product_brand","embeddable":true,"href":"https:\/\/domaine-du-paradis.ch\/en\/wp-json\/wp\/v2\/product_brand?post=39478"},{"taxonomy":"product_cat","embeddable":true,"href":"https:\/\/domaine-du-paradis.ch\/en\/wp-json\/wp\/v2\/product_cat?post=39478"},{"taxonomy":"product_tag","embeddable":true,"href":"https:\/\/domaine-du-paradis.ch\/en\/wp-json\/wp\/v2\/product_tag?post=39478"}],"curies":[{"name":"wp","href":"https:\/\/api.w.org\/{rel}","templated":true}]}}