{"id":39469,"date":"2012-03-10T18:23:53","date_gmt":"2012-03-10T17:23:53","guid":{"rendered":"https:\/\/domaine-du-paradis.ch\/product\/paradidou-50cl-2\/"},"modified":"2024-07-10T16:39:58","modified_gmt":"2024-07-10T14:39:58","slug":"paradidou","status":"publish","type":"product","link":"https:\/\/domaine-du-paradis.ch\/en\/product\/paradidou\/","title":{"rendered":"Paradidou"},"content":{"rendered":"<p>Parce que ce vin doux naturel, issu de Viognier, Pinot Blanc et Sauvignon Blanc, obtenu par cryoextraction (les raisins sont congel\u00e9s, puis press\u00e9s encore gel\u00e9s pour obtenir une concentration de sucre et d\u2019ar\u00f4mes plus importante) nous offre fra\u00eecheur et douceur aromatique. L&#8217;\u00e9quilibre entre acidit\u00e9 et sucre en fait un vrai plaisir sans lourdeur. Des notes de coing, orange et pamplemousse r\u00e9v\u00e8lent des accords c\u00e9lestes avec un foie gras, des desserts aux fruits ou au chocolat, voir tout simplement \u00e0 deux devant la chemin\u00e9e ! Et apr\u00e8s un m\u00fbrissement de 3 \u00e0 5 ans, il vous \u00e9tonnera avec ses caract\u00e8res d&#8217;oranges confites.<\/p>\n","protected":false},"excerpt":{"rendered":"<p>Parce que ce vin doux naturel, issu de Viognier, Pinot Blanc et Sauvignon Blanc, obtenu par cryoextraction (les raisins sont congel\u00e9s, puis press\u00e9s encore gel\u00e9s pour obtenir une concentration de sucre et d\u2019ar\u00f4mes plus importante) nous offre fra\u00eecheur et douceur aromatique. L&#8217;\u00e9quilibre entre acidit\u00e9 et sucre en fait un vrai plaisir sans lourdeur. Des notes [&hellip;]<\/p>\n","protected":false},"featured_media":36275,"template":"","meta":{"_acf_changed":false},"product_brand":[],"product_cat":[73],"product_tag":[],"class_list":{"0":"post-39469","1":"product","2":"type-product","3":"status-publish","4":"has-post-thumbnail","6":"product_cat-sweet-wines","7":"product_type_jason-barrique","8":"product_type_jason-assemblage","10":"first","11":"instock","12":"taxable","13":"shipping-taxable","14":"purchasable","15":"product-type-simple"},"acf":[],"yoast_head":"<!-- This site is optimized with the Yoast SEO Premium plugin v27.3 (Yoast SEO v27.3) - https:\/\/yoast.com\/product\/yoast-seo-premium-wordpress\/ -->\n<title>Paradidou - Le shop du Domaine du Paradis<\/title>\n<meta name=\"description\" content=\"Le Paradidou est un vin doux naturel, issu de Chardonnay, Pinot Blanc et Sauvignon Blanc, obtenu par cryoextraction (raisins press\u00e9s encore congel\u00e9s).\" \/>\n<meta name=\"robots\" content=\"index, follow, max-snippet:-1, max-image-preview:large, max-video-preview:-1\" \/>\n<link rel=\"canonical\" href=\"https:\/\/domaine-du-paradis.ch\/en\/product\/paradidou\/\" \/>\n<meta property=\"og:locale\" content=\"en_US\" \/>\n<meta property=\"og:type\" content=\"article\" \/>\n<meta property=\"og:title\" content=\"Paradidou\" \/>\n<meta property=\"og:description\" content=\"Le Paradidou est un vin doux naturel, issu de Chardonnay, Pinot Blanc et Sauvignon Blanc, obtenu par cryoextraction (raisins press\u00e9s encore congel\u00e9s).\" \/>\n<meta property=\"og:url\" content=\"https:\/\/domaine-du-paradis.ch\/en\/product\/paradidou\/\" \/>\n<meta property=\"og:site_name\" content=\"Domaine du Paradis\" \/>\n<meta property=\"article:modified_time\" content=\"2024-07-10T14:39:58+00:00\" \/>\n<meta property=\"og:image\" content=\"https:\/\/domaine-du-paradis.ch\/wp-content\/uploads\/2022\/04\/Paradidou.png\" \/>\n\t<meta property=\"og:image:width\" content=\"457\" \/>\n\t<meta property=\"og:image:height\" content=\"2669\" \/>\n\t<meta property=\"og:image:type\" content=\"image\/png\" \/>\n<meta name=\"twitter:card\" content=\"summary_large_image\" \/>\n<meta name=\"twitter:label1\" content=\"Est. reading time\" \/>\n\t<meta name=\"twitter:data1\" content=\"1 minute\" \/>\n<script type=\"application\/ld+json\" class=\"yoast-schema-graph\">{\"@context\":\"https:\\\/\\\/schema.org\",\"@graph\":[{\"@type\":\"WebPage\",\"@id\":\"https:\\\/\\\/domaine-du-paradis.ch\\\/en\\\/product\\\/paradidou\\\/\",\"url\":\"https:\\\/\\\/domaine-du-paradis.ch\\\/en\\\/product\\\/paradidou\\\/\",\"name\":\"Paradidou - Le shop du Domaine du Paradis\",\"isPartOf\":{\"@id\":\"https:\\\/\\\/domaine-du-paradis.ch\\\/en\\\/#website\"},\"primaryImageOfPage\":{\"@id\":\"https:\\\/\\\/domaine-du-paradis.ch\\\/en\\\/product\\\/paradidou\\\/#primaryimage\"},\"image\":{\"@id\":\"https:\\\/\\\/domaine-du-paradis.ch\\\/en\\\/product\\\/paradidou\\\/#primaryimage\"},\"thumbnailUrl\":\"https:\\\/\\\/domaine-du-paradis.ch\\\/wp-content\\\/uploads\\\/2022\\\/04\\\/Paradidou.png\",\"datePublished\":\"2012-03-10T17:23:53+00:00\",\"dateModified\":\"2024-07-10T14:39:58+00:00\",\"description\":\"Le Paradidou est un vin doux naturel, issu de Chardonnay, Pinot Blanc et Sauvignon Blanc, obtenu par cryoextraction (raisins press\u00e9s encore congel\u00e9s).\",\"breadcrumb\":{\"@id\":\"https:\\\/\\\/domaine-du-paradis.ch\\\/en\\\/product\\\/paradidou\\\/#breadcrumb\"},\"inLanguage\":\"en-US\",\"potentialAction\":[{\"@type\":\"ReadAction\",\"target\":[\"https:\\\/\\\/domaine-du-paradis.ch\\\/en\\\/product\\\/paradidou\\\/\"]}]},{\"@type\":\"ImageObject\",\"inLanguage\":\"en-US\",\"@id\":\"https:\\\/\\\/domaine-du-paradis.ch\\\/en\\\/product\\\/paradidou\\\/#primaryimage\",\"url\":\"https:\\\/\\\/domaine-du-paradis.ch\\\/wp-content\\\/uploads\\\/2022\\\/04\\\/Paradidou.png\",\"contentUrl\":\"https:\\\/\\\/domaine-du-paradis.ch\\\/wp-content\\\/uploads\\\/2022\\\/04\\\/Paradidou.png\",\"width\":457,\"height\":2669},{\"@type\":\"BreadcrumbList\",\"@id\":\"https:\\\/\\\/domaine-du-paradis.ch\\\/en\\\/product\\\/paradidou\\\/#breadcrumb\",\"itemListElement\":[{\"@type\":\"ListItem\",\"position\":1,\"name\":\"Home\",\"item\":\"https:\\\/\\\/domaine-du-paradis.ch\\\/en\\\/\"},{\"@type\":\"ListItem\",\"position\":2,\"name\":\"Discover our wines\",\"item\":\"https:\\\/\\\/domaine-du-paradis.ch\\\/en\\\/shop\\\/\"},{\"@type\":\"ListItem\",\"position\":3,\"name\":\"Paradidou\"}]},{\"@type\":\"WebSite\",\"@id\":\"https:\\\/\\\/domaine-du-paradis.ch\\\/en\\\/#website\",\"url\":\"https:\\\/\\\/domaine-du-paradis.ch\\\/en\\\/\",\"name\":\"Domaine du Paradis\",\"description\":\"Faire vivre de belles histoires\",\"publisher\":{\"@id\":\"https:\\\/\\\/domaine-du-paradis.ch\\\/en\\\/#organization\"},\"alternateName\":\"Vins Suisses - Famille Burgdorfer\",\"potentialAction\":[{\"@type\":\"SearchAction\",\"target\":{\"@type\":\"EntryPoint\",\"urlTemplate\":\"https:\\\/\\\/domaine-du-paradis.ch\\\/en\\\/?s={search_term_string}\"},\"query-input\":{\"@type\":\"PropertyValueSpecification\",\"valueRequired\":true,\"valueName\":\"search_term_string\"}}],\"inLanguage\":\"en-US\"},{\"@type\":\"Organization\",\"@id\":\"https:\\\/\\\/domaine-du-paradis.ch\\\/en\\\/#organization\",\"name\":\"Domaine du Paradis\",\"url\":\"https:\\\/\\\/domaine-du-paradis.ch\\\/en\\\/\",\"logo\":{\"@type\":\"ImageObject\",\"inLanguage\":\"en-US\",\"@id\":\"https:\\\/\\\/domaine-du-paradis.ch\\\/en\\\/#\\\/schema\\\/logo\\\/image\\\/\",\"url\":\"https:\\\/\\\/domaine-du-paradis.ch\\\/wp-content\\\/uploads\\\/2022\\\/08\\\/logo-domaine-du-paradis-blanc.svg\",\"contentUrl\":\"https:\\\/\\\/domaine-du-paradis.ch\\\/wp-content\\\/uploads\\\/2022\\\/08\\\/logo-domaine-du-paradis-blanc.svg\",\"caption\":\"Domaine du Paradis\"},\"image\":{\"@id\":\"https:\\\/\\\/domaine-du-paradis.ch\\\/en\\\/#\\\/schema\\\/logo\\\/image\\\/\"}}]}<\/script>\n<!-- \/ Yoast SEO Premium plugin. -->","yoast_head_json":{"title":"Paradidou - Le shop du Domaine du Paradis","description":"Le Paradidou est un vin doux naturel, issu de Chardonnay, Pinot Blanc et Sauvignon Blanc, obtenu par cryoextraction (raisins press\u00e9s encore congel\u00e9s).","robots":{"index":"index","follow":"follow","max-snippet":"max-snippet:-1","max-image-preview":"max-image-preview:large","max-video-preview":"max-video-preview:-1"},"canonical":"https:\/\/domaine-du-paradis.ch\/en\/product\/paradidou\/","og_locale":"en_US","og_type":"article","og_title":"Paradidou","og_description":"Le Paradidou est un vin doux naturel, issu de Chardonnay, Pinot Blanc et Sauvignon Blanc, obtenu par cryoextraction (raisins press\u00e9s encore congel\u00e9s).","og_url":"https:\/\/domaine-du-paradis.ch\/en\/product\/paradidou\/","og_site_name":"Domaine du Paradis","article_modified_time":"2024-07-10T14:39:58+00:00","og_image":[{"width":457,"height":2669,"url":"https:\/\/domaine-du-paradis.ch\/wp-content\/uploads\/2022\/04\/Paradidou.png","type":"image\/png"}],"twitter_card":"summary_large_image","twitter_misc":{"Est. reading time":"1 minute"},"schema":{"@context":"https:\/\/schema.org","@graph":[{"@type":"WebPage","@id":"https:\/\/domaine-du-paradis.ch\/en\/product\/paradidou\/","url":"https:\/\/domaine-du-paradis.ch\/en\/product\/paradidou\/","name":"Paradidou - Le shop du Domaine du Paradis","isPartOf":{"@id":"https:\/\/domaine-du-paradis.ch\/en\/#website"},"primaryImageOfPage":{"@id":"https:\/\/domaine-du-paradis.ch\/en\/product\/paradidou\/#primaryimage"},"image":{"@id":"https:\/\/domaine-du-paradis.ch\/en\/product\/paradidou\/#primaryimage"},"thumbnailUrl":"https:\/\/domaine-du-paradis.ch\/wp-content\/uploads\/2022\/04\/Paradidou.png","datePublished":"2012-03-10T17:23:53+00:00","dateModified":"2024-07-10T14:39:58+00:00","description":"Le Paradidou est un vin doux naturel, issu de Chardonnay, Pinot Blanc et Sauvignon Blanc, obtenu par cryoextraction (raisins press\u00e9s encore congel\u00e9s).","breadcrumb":{"@id":"https:\/\/domaine-du-paradis.ch\/en\/product\/paradidou\/#breadcrumb"},"inLanguage":"en-US","potentialAction":[{"@type":"ReadAction","target":["https:\/\/domaine-du-paradis.ch\/en\/product\/paradidou\/"]}]},{"@type":"ImageObject","inLanguage":"en-US","@id":"https:\/\/domaine-du-paradis.ch\/en\/product\/paradidou\/#primaryimage","url":"https:\/\/domaine-du-paradis.ch\/wp-content\/uploads\/2022\/04\/Paradidou.png","contentUrl":"https:\/\/domaine-du-paradis.ch\/wp-content\/uploads\/2022\/04\/Paradidou.png","width":457,"height":2669},{"@type":"BreadcrumbList","@id":"https:\/\/domaine-du-paradis.ch\/en\/product\/paradidou\/#breadcrumb","itemListElement":[{"@type":"ListItem","position":1,"name":"Home","item":"https:\/\/domaine-du-paradis.ch\/en\/"},{"@type":"ListItem","position":2,"name":"Discover our wines","item":"https:\/\/domaine-du-paradis.ch\/en\/shop\/"},{"@type":"ListItem","position":3,"name":"Paradidou"}]},{"@type":"WebSite","@id":"https:\/\/domaine-du-paradis.ch\/en\/#website","url":"https:\/\/domaine-du-paradis.ch\/en\/","name":"Domaine du Paradis","description":"Faire vivre de belles histoires","publisher":{"@id":"https:\/\/domaine-du-paradis.ch\/en\/#organization"},"alternateName":"Vins Suisses - Famille Burgdorfer","potentialAction":[{"@type":"SearchAction","target":{"@type":"EntryPoint","urlTemplate":"https:\/\/domaine-du-paradis.ch\/en\/?s={search_term_string}"},"query-input":{"@type":"PropertyValueSpecification","valueRequired":true,"valueName":"search_term_string"}}],"inLanguage":"en-US"},{"@type":"Organization","@id":"https:\/\/domaine-du-paradis.ch\/en\/#organization","name":"Domaine du Paradis","url":"https:\/\/domaine-du-paradis.ch\/en\/","logo":{"@type":"ImageObject","inLanguage":"en-US","@id":"https:\/\/domaine-du-paradis.ch\/en\/#\/schema\/logo\/image\/","url":"https:\/\/domaine-du-paradis.ch\/wp-content\/uploads\/2022\/08\/logo-domaine-du-paradis-blanc.svg","contentUrl":"https:\/\/domaine-du-paradis.ch\/wp-content\/uploads\/2022\/08\/logo-domaine-du-paradis-blanc.svg","caption":"Domaine du Paradis"},"image":{"@id":"https:\/\/domaine-du-paradis.ch\/en\/#\/schema\/logo\/image\/"}}]}},"_links":{"self":[{"href":"https:\/\/domaine-du-paradis.ch\/en\/wp-json\/wp\/v2\/product\/39469","targetHints":{"allow":["GET"]}}],"collection":[{"href":"https:\/\/domaine-du-paradis.ch\/en\/wp-json\/wp\/v2\/product"}],"about":[{"href":"https:\/\/domaine-du-paradis.ch\/en\/wp-json\/wp\/v2\/types\/product"}],"wp:featuredmedia":[{"embeddable":true,"href":"https:\/\/domaine-du-paradis.ch\/en\/wp-json\/wp\/v2\/media\/36275"}],"wp:attachment":[{"href":"https:\/\/domaine-du-paradis.ch\/en\/wp-json\/wp\/v2\/media?parent=39469"}],"wp:term":[{"taxonomy":"product_brand","embeddable":true,"href":"https:\/\/domaine-du-paradis.ch\/en\/wp-json\/wp\/v2\/product_brand?post=39469"},{"taxonomy":"product_cat","embeddable":true,"href":"https:\/\/domaine-du-paradis.ch\/en\/wp-json\/wp\/v2\/product_cat?post=39469"},{"taxonomy":"product_tag","embeddable":true,"href":"https:\/\/domaine-du-paradis.ch\/en\/wp-json\/wp\/v2\/product_tag?post=39469"}],"curies":[{"name":"wp","href":"https:\/\/api.w.org\/{rel}","templated":true}]}}