{"id":39464,"date":"2016-06-24T14:00:19","date_gmt":"2016-06-24T12:00:19","guid":{"rendered":"https:\/\/domaine-du-paradis.ch\/product\/rose-de-garanoir\/"},"modified":"2025-12-04T08:47:00","modified_gmt":"2025-12-04T07:47:00","slug":"rose-de-garanoir","status":"publish","type":"product","link":"https:\/\/domaine-du-paradis.ch\/en\/product\/rose-de-garanoir\/","title":{"rendered":"Ros\u00e9 de Garanoir"},"content":{"rendered":"<p>Parce que ce Ros\u00e9 de Garanoir a la joyeuset\u00e9 d\u2019un amant charmeur. Plus cors\u00e9 que le ros\u00e9 de gamay, il poss\u00e8de un nez de framboise et groseille. Il offre une une petite touche acidul\u00e9e et une min\u00e9ralit\u00e9 renforc\u00e9e par des touches \u00e9pic\u00e9es et color\u00e9es. C\u2019est un ros\u00e9 tr\u00e8s rond et tr\u00e8s flatteur, id\u00e9al pour un ap\u00e9ritif un peu plus muscl\u00e9, mais aussi tr\u00e8s agr\u00e9able avec des grillades de volaille par exemple. Ses notes fruit\u00e9es et son caract\u00e8re en feront aussi l\u2019alli\u00e9 de plats plus exotiques et plus \u00e9pic\u00e9s.<\/p>\n","protected":false},"excerpt":{"rendered":"<p>Parce que ce Ros\u00e9 de Garanoir a la joyeuset\u00e9 d\u2019un amant charmeur. Plus cors\u00e9 que le ros\u00e9 de gamay, il poss\u00e8de un nez de framboise et groseille. Il offre une une petite touche acidul\u00e9e et une min\u00e9ralit\u00e9 renforc\u00e9e par des touches \u00e9pic\u00e9es et color\u00e9es. C\u2019est un ros\u00e9 tr\u00e8s rond et tr\u00e8s flatteur, id\u00e9al pour un [&hellip;]<\/p>\n","protected":false},"featured_media":44185,"template":"","meta":{"_acf_changed":false},"product_brand":[],"product_cat":[75],"product_tag":[187,188,189,190],"class_list":{"0":"post-39464","1":"product","2":"type-product","3":"status-publish","4":"has-post-thumbnail","6":"product_cat-rose-wines","7":"product_tag-aperitif-en","8":"product_tag-garanoir-en","9":"product_tag-rose-en","10":"product_tag-terrasse-en","11":"product_type_jason-monocepage","13":"first","14":"instock","15":"taxable","16":"shipping-taxable","17":"purchasable","18":"product-type-simple"},"acf":[],"yoast_head":"<!-- This site is optimized with the Yoast SEO Premium plugin v27.3 (Yoast SEO v27.3) - https:\/\/yoast.com\/product\/yoast-seo-premium-wordpress\/ -->\n<title>Ros\u00e9 de Garanoir - Le shop du Domaine du Paradis<\/title>\n<meta name=\"description\" content=\"Ce ros\u00e9 a la joyeuset\u00e9 d\u2019un amant charmeur, il poss\u00e8de un nez de framboise et groseille, avec une petite touche acidul\u00e9e renforc\u00e9e par des touches \u00e9pic\u00e9es.\" \/>\n<meta name=\"robots\" content=\"index, follow, max-snippet:-1, max-image-preview:large, max-video-preview:-1\" \/>\n<link rel=\"canonical\" href=\"https:\/\/domaine-du-paradis.ch\/en\/product\/rose-de-garanoir\/\" \/>\n<meta property=\"og:locale\" content=\"en_US\" \/>\n<meta property=\"og:type\" content=\"article\" \/>\n<meta property=\"og:title\" content=\"Ros\u00e9 de Garanoir\" \/>\n<meta property=\"og:description\" content=\"Ce ros\u00e9 a la joyeuset\u00e9 d\u2019un amant charmeur, il poss\u00e8de un nez de framboise et groseille, avec une petite touche acidul\u00e9e renforc\u00e9e par des touches \u00e9pic\u00e9es.\" \/>\n<meta property=\"og:url\" content=\"https:\/\/domaine-du-paradis.ch\/en\/product\/rose-de-garanoir\/\" \/>\n<meta property=\"og:site_name\" content=\"Domaine du Paradis\" \/>\n<meta property=\"article:modified_time\" content=\"2025-12-04T07:47:00+00:00\" \/>\n<meta property=\"og:image\" content=\"https:\/\/domaine-du-paradis.ch\/wp-content\/uploads\/2023\/01\/Domaine-du-Paradis_75cl-ROSE-DE-GARANOIR_2500px-fond-transparent-OK-WEB.png\" \/>\n\t<meta property=\"og:image:width\" content=\"531\" \/>\n\t<meta property=\"og:image:height\" content=\"2258\" \/>\n\t<meta property=\"og:image:type\" content=\"image\/png\" \/>\n<meta name=\"twitter:card\" content=\"summary_large_image\" \/>\n<meta name=\"twitter:label1\" content=\"Est. reading time\" \/>\n\t<meta name=\"twitter:data1\" content=\"1 minute\" \/>\n<script type=\"application\/ld+json\" class=\"yoast-schema-graph\">{\"@context\":\"https:\\\/\\\/schema.org\",\"@graph\":[{\"@type\":\"WebPage\",\"@id\":\"https:\\\/\\\/domaine-du-paradis.ch\\\/en\\\/product\\\/rose-de-garanoir\\\/\",\"url\":\"https:\\\/\\\/domaine-du-paradis.ch\\\/en\\\/product\\\/rose-de-garanoir\\\/\",\"name\":\"Ros\u00e9 de Garanoir - Le shop du Domaine du Paradis\",\"isPartOf\":{\"@id\":\"https:\\\/\\\/domaine-du-paradis.ch\\\/en\\\/#website\"},\"primaryImageOfPage\":{\"@id\":\"https:\\\/\\\/domaine-du-paradis.ch\\\/en\\\/product\\\/rose-de-garanoir\\\/#primaryimage\"},\"image\":{\"@id\":\"https:\\\/\\\/domaine-du-paradis.ch\\\/en\\\/product\\\/rose-de-garanoir\\\/#primaryimage\"},\"thumbnailUrl\":\"https:\\\/\\\/domaine-du-paradis.ch\\\/wp-content\\\/uploads\\\/2023\\\/01\\\/Domaine-du-Paradis_75cl-ROSE-DE-GARANOIR_2500px-fond-transparent-OK-WEB.png\",\"datePublished\":\"2016-06-24T12:00:19+00:00\",\"dateModified\":\"2025-12-04T07:47:00+00:00\",\"description\":\"Ce ros\u00e9 a la joyeuset\u00e9 d\u2019un amant charmeur, il poss\u00e8de un nez de framboise et groseille, avec une petite touche acidul\u00e9e renforc\u00e9e par des touches \u00e9pic\u00e9es.\",\"breadcrumb\":{\"@id\":\"https:\\\/\\\/domaine-du-paradis.ch\\\/en\\\/product\\\/rose-de-garanoir\\\/#breadcrumb\"},\"inLanguage\":\"en-US\",\"potentialAction\":[{\"@type\":\"ReadAction\",\"target\":[\"https:\\\/\\\/domaine-du-paradis.ch\\\/en\\\/product\\\/rose-de-garanoir\\\/\"]}]},{\"@type\":\"ImageObject\",\"inLanguage\":\"en-US\",\"@id\":\"https:\\\/\\\/domaine-du-paradis.ch\\\/en\\\/product\\\/rose-de-garanoir\\\/#primaryimage\",\"url\":\"https:\\\/\\\/domaine-du-paradis.ch\\\/wp-content\\\/uploads\\\/2023\\\/01\\\/Domaine-du-Paradis_75cl-ROSE-DE-GARANOIR_2500px-fond-transparent-OK-WEB.png\",\"contentUrl\":\"https:\\\/\\\/domaine-du-paradis.ch\\\/wp-content\\\/uploads\\\/2023\\\/01\\\/Domaine-du-Paradis_75cl-ROSE-DE-GARANOIR_2500px-fond-transparent-OK-WEB.png\",\"width\":531,\"height\":2258,\"caption\":\"Domaine du Paradis - Vin Satigny Gen\u00e8ve\"},{\"@type\":\"BreadcrumbList\",\"@id\":\"https:\\\/\\\/domaine-du-paradis.ch\\\/en\\\/product\\\/rose-de-garanoir\\\/#breadcrumb\",\"itemListElement\":[{\"@type\":\"ListItem\",\"position\":1,\"name\":\"Home\",\"item\":\"https:\\\/\\\/domaine-du-paradis.ch\\\/en\\\/\"},{\"@type\":\"ListItem\",\"position\":2,\"name\":\"Discover our wines\",\"item\":\"https:\\\/\\\/domaine-du-paradis.ch\\\/en\\\/shop\\\/\"},{\"@type\":\"ListItem\",\"position\":3,\"name\":\"Ros\u00e9 de Garanoir\"}]},{\"@type\":\"WebSite\",\"@id\":\"https:\\\/\\\/domaine-du-paradis.ch\\\/en\\\/#website\",\"url\":\"https:\\\/\\\/domaine-du-paradis.ch\\\/en\\\/\",\"name\":\"Domaine du Paradis\",\"description\":\"Faire vivre de belles histoires\",\"publisher\":{\"@id\":\"https:\\\/\\\/domaine-du-paradis.ch\\\/en\\\/#organization\"},\"alternateName\":\"Vins Suisses - Famille Burgdorfer\",\"potentialAction\":[{\"@type\":\"SearchAction\",\"target\":{\"@type\":\"EntryPoint\",\"urlTemplate\":\"https:\\\/\\\/domaine-du-paradis.ch\\\/en\\\/?s={search_term_string}\"},\"query-input\":{\"@type\":\"PropertyValueSpecification\",\"valueRequired\":true,\"valueName\":\"search_term_string\"}}],\"inLanguage\":\"en-US\"},{\"@type\":\"Organization\",\"@id\":\"https:\\\/\\\/domaine-du-paradis.ch\\\/en\\\/#organization\",\"name\":\"Domaine du Paradis\",\"url\":\"https:\\\/\\\/domaine-du-paradis.ch\\\/en\\\/\",\"logo\":{\"@type\":\"ImageObject\",\"inLanguage\":\"en-US\",\"@id\":\"https:\\\/\\\/domaine-du-paradis.ch\\\/en\\\/#\\\/schema\\\/logo\\\/image\\\/\",\"url\":\"https:\\\/\\\/domaine-du-paradis.ch\\\/wp-content\\\/uploads\\\/2022\\\/08\\\/logo-domaine-du-paradis-blanc.svg\",\"contentUrl\":\"https:\\\/\\\/domaine-du-paradis.ch\\\/wp-content\\\/uploads\\\/2022\\\/08\\\/logo-domaine-du-paradis-blanc.svg\",\"caption\":\"Domaine du Paradis\"},\"image\":{\"@id\":\"https:\\\/\\\/domaine-du-paradis.ch\\\/en\\\/#\\\/schema\\\/logo\\\/image\\\/\"}}]}<\/script>\n<!-- \/ Yoast SEO Premium plugin. -->","yoast_head_json":{"title":"Ros\u00e9 de Garanoir - Le shop du Domaine du Paradis","description":"Ce ros\u00e9 a la joyeuset\u00e9 d\u2019un amant charmeur, il poss\u00e8de un nez de framboise et groseille, avec une petite touche acidul\u00e9e renforc\u00e9e par des touches \u00e9pic\u00e9es.","robots":{"index":"index","follow":"follow","max-snippet":"max-snippet:-1","max-image-preview":"max-image-preview:large","max-video-preview":"max-video-preview:-1"},"canonical":"https:\/\/domaine-du-paradis.ch\/en\/product\/rose-de-garanoir\/","og_locale":"en_US","og_type":"article","og_title":"Ros\u00e9 de Garanoir","og_description":"Ce ros\u00e9 a la joyeuset\u00e9 d\u2019un amant charmeur, il poss\u00e8de un nez de framboise et groseille, avec une petite touche acidul\u00e9e renforc\u00e9e par des touches \u00e9pic\u00e9es.","og_url":"https:\/\/domaine-du-paradis.ch\/en\/product\/rose-de-garanoir\/","og_site_name":"Domaine du Paradis","article_modified_time":"2025-12-04T07:47:00+00:00","og_image":[{"width":531,"height":2258,"url":"https:\/\/domaine-du-paradis.ch\/wp-content\/uploads\/2023\/01\/Domaine-du-Paradis_75cl-ROSE-DE-GARANOIR_2500px-fond-transparent-OK-WEB.png","type":"image\/png"}],"twitter_card":"summary_large_image","twitter_misc":{"Est. reading time":"1 minute"},"schema":{"@context":"https:\/\/schema.org","@graph":[{"@type":"WebPage","@id":"https:\/\/domaine-du-paradis.ch\/en\/product\/rose-de-garanoir\/","url":"https:\/\/domaine-du-paradis.ch\/en\/product\/rose-de-garanoir\/","name":"Ros\u00e9 de Garanoir - Le shop du Domaine du Paradis","isPartOf":{"@id":"https:\/\/domaine-du-paradis.ch\/en\/#website"},"primaryImageOfPage":{"@id":"https:\/\/domaine-du-paradis.ch\/en\/product\/rose-de-garanoir\/#primaryimage"},"image":{"@id":"https:\/\/domaine-du-paradis.ch\/en\/product\/rose-de-garanoir\/#primaryimage"},"thumbnailUrl":"https:\/\/domaine-du-paradis.ch\/wp-content\/uploads\/2023\/01\/Domaine-du-Paradis_75cl-ROSE-DE-GARANOIR_2500px-fond-transparent-OK-WEB.png","datePublished":"2016-06-24T12:00:19+00:00","dateModified":"2025-12-04T07:47:00+00:00","description":"Ce ros\u00e9 a la joyeuset\u00e9 d\u2019un amant charmeur, il poss\u00e8de un nez de framboise et groseille, avec une petite touche acidul\u00e9e renforc\u00e9e par des touches \u00e9pic\u00e9es.","breadcrumb":{"@id":"https:\/\/domaine-du-paradis.ch\/en\/product\/rose-de-garanoir\/#breadcrumb"},"inLanguage":"en-US","potentialAction":[{"@type":"ReadAction","target":["https:\/\/domaine-du-paradis.ch\/en\/product\/rose-de-garanoir\/"]}]},{"@type":"ImageObject","inLanguage":"en-US","@id":"https:\/\/domaine-du-paradis.ch\/en\/product\/rose-de-garanoir\/#primaryimage","url":"https:\/\/domaine-du-paradis.ch\/wp-content\/uploads\/2023\/01\/Domaine-du-Paradis_75cl-ROSE-DE-GARANOIR_2500px-fond-transparent-OK-WEB.png","contentUrl":"https:\/\/domaine-du-paradis.ch\/wp-content\/uploads\/2023\/01\/Domaine-du-Paradis_75cl-ROSE-DE-GARANOIR_2500px-fond-transparent-OK-WEB.png","width":531,"height":2258,"caption":"Domaine du Paradis - Vin Satigny Gen\u00e8ve"},{"@type":"BreadcrumbList","@id":"https:\/\/domaine-du-paradis.ch\/en\/product\/rose-de-garanoir\/#breadcrumb","itemListElement":[{"@type":"ListItem","position":1,"name":"Home","item":"https:\/\/domaine-du-paradis.ch\/en\/"},{"@type":"ListItem","position":2,"name":"Discover our wines","item":"https:\/\/domaine-du-paradis.ch\/en\/shop\/"},{"@type":"ListItem","position":3,"name":"Ros\u00e9 de Garanoir"}]},{"@type":"WebSite","@id":"https:\/\/domaine-du-paradis.ch\/en\/#website","url":"https:\/\/domaine-du-paradis.ch\/en\/","name":"Domaine du Paradis","description":"Faire vivre de belles histoires","publisher":{"@id":"https:\/\/domaine-du-paradis.ch\/en\/#organization"},"alternateName":"Vins Suisses - Famille Burgdorfer","potentialAction":[{"@type":"SearchAction","target":{"@type":"EntryPoint","urlTemplate":"https:\/\/domaine-du-paradis.ch\/en\/?s={search_term_string}"},"query-input":{"@type":"PropertyValueSpecification","valueRequired":true,"valueName":"search_term_string"}}],"inLanguage":"en-US"},{"@type":"Organization","@id":"https:\/\/domaine-du-paradis.ch\/en\/#organization","name":"Domaine du Paradis","url":"https:\/\/domaine-du-paradis.ch\/en\/","logo":{"@type":"ImageObject","inLanguage":"en-US","@id":"https:\/\/domaine-du-paradis.ch\/en\/#\/schema\/logo\/image\/","url":"https:\/\/domaine-du-paradis.ch\/wp-content\/uploads\/2022\/08\/logo-domaine-du-paradis-blanc.svg","contentUrl":"https:\/\/domaine-du-paradis.ch\/wp-content\/uploads\/2022\/08\/logo-domaine-du-paradis-blanc.svg","caption":"Domaine du Paradis"},"image":{"@id":"https:\/\/domaine-du-paradis.ch\/en\/#\/schema\/logo\/image\/"}}]}},"_links":{"self":[{"href":"https:\/\/domaine-du-paradis.ch\/en\/wp-json\/wp\/v2\/product\/39464","targetHints":{"allow":["GET"]}}],"collection":[{"href":"https:\/\/domaine-du-paradis.ch\/en\/wp-json\/wp\/v2\/product"}],"about":[{"href":"https:\/\/domaine-du-paradis.ch\/en\/wp-json\/wp\/v2\/types\/product"}],"wp:featuredmedia":[{"embeddable":true,"href":"https:\/\/domaine-du-paradis.ch\/en\/wp-json\/wp\/v2\/media\/44185"}],"wp:attachment":[{"href":"https:\/\/domaine-du-paradis.ch\/en\/wp-json\/wp\/v2\/media?parent=39464"}],"wp:term":[{"taxonomy":"product_brand","embeddable":true,"href":"https:\/\/domaine-du-paradis.ch\/en\/wp-json\/wp\/v2\/product_brand?post=39464"},{"taxonomy":"product_cat","embeddable":true,"href":"https:\/\/domaine-du-paradis.ch\/en\/wp-json\/wp\/v2\/product_cat?post=39464"},{"taxonomy":"product_tag","embeddable":true,"href":"https:\/\/domaine-du-paradis.ch\/en\/wp-json\/wp\/v2\/product_tag?post=39464"}],"curies":[{"name":"wp","href":"https:\/\/api.w.org\/{rel}","templated":true}]}}