{"id":39463,"date":"2016-09-16T13:36:57","date_gmt":"2016-09-16T11:36:57","guid":{"rendered":"https:\/\/domaine-du-paradis.ch\/product\/la-chatelaine-blanche\/"},"modified":"2025-12-04T08:46:22","modified_gmt":"2025-12-04T07:46:22","slug":"la-chatelaine-blanche","status":"publish","type":"product","link":"https:\/\/domaine-du-paradis.ch\/en\/product\/la-chatelaine-blanche\/","title":{"rendered":"La Ch\u00e2telaine Blanche"},"content":{"rendered":"<p>Parce que cette Ch\u00e2telaine Blanche a tout pour plaire, gr\u00e2ce \u00e0 au mariage d&#8217;une Marsanne avec une Roussanne, cultiv\u00e9es sur les bords du Rh\u00f4ne. Leur mue achev\u00e9e, ils \u00e9voquent subtilement framboises et litchis. Par sa min\u00e9ralit\u00e9 acidul\u00e9e, la Ch\u00e2telaine Blanche accompagne magnifiquement les poissons et fromages.<\/p>\n","protected":false},"excerpt":{"rendered":"<p>Parce que cette Ch\u00e2telaine Blanche a tout pour plaire, gr\u00e2ce \u00e0 au mariage d&#8217;une Marsanne avec une Roussanne, cultiv\u00e9es sur les bords du Rh\u00f4ne. Leur mue achev\u00e9e, ils \u00e9voquent subtilement framboises et litchis. Par sa min\u00e9ralit\u00e9 acidul\u00e9e, la Ch\u00e2telaine Blanche accompagne magnifiquement les poissons et fromages.<\/p>\n","protected":false},"featured_media":36266,"template":"","meta":{"_acf_changed":false},"product_brand":[],"product_cat":[72],"product_tag":[],"class_list":{"0":"post-39463","1":"product","2":"type-product","3":"status-publish","4":"has-post-thumbnail","6":"product_cat-white-wines","7":"product_type_jason-assemblage","8":"product_type_jason-barrique","10":"first","11":"instock","12":"taxable","13":"shipping-taxable","14":"purchasable","15":"product-type-simple"},"acf":[],"yoast_head":"<!-- This site is optimized with the Yoast SEO Premium plugin v27.3 (Yoast SEO v27.3) - https:\/\/yoast.com\/product\/yoast-seo-premium-wordpress\/ -->\n<title>La Ch\u00e2telaine Blanche - Le Shop du Domaine du Paradis<\/title>\n<meta name=\"description\" content=\"La Ch\u00e2telaine Blanche est issue de la seule parcelle de vignes en Ville de Gen\u00e8ve pour marier une Marsanne \u00e0 une Roussane, typique des C\u00f4tes du Rh\u00f4ne.\" \/>\n<meta name=\"robots\" content=\"index, follow, max-snippet:-1, max-image-preview:large, max-video-preview:-1\" \/>\n<link rel=\"canonical\" href=\"https:\/\/domaine-du-paradis.ch\/en\/product\/la-chatelaine-blanche\/\" \/>\n<meta property=\"og:locale\" content=\"en_US\" \/>\n<meta property=\"og:type\" content=\"article\" \/>\n<meta property=\"og:title\" content=\"La Ch\u00e2telaine Blanche\" \/>\n<meta property=\"og:description\" content=\"La Ch\u00e2telaine Blanche est issue de la seule parcelle de vignes en Ville de Gen\u00e8ve pour marier une Marsanne \u00e0 une Roussane, typique des C\u00f4tes du Rh\u00f4ne.\" \/>\n<meta property=\"og:url\" content=\"https:\/\/domaine-du-paradis.ch\/en\/product\/la-chatelaine-blanche\/\" \/>\n<meta property=\"og:site_name\" content=\"Domaine du Paradis\" \/>\n<meta property=\"article:modified_time\" content=\"2025-12-04T07:46:22+00:00\" \/>\n<meta property=\"og:image\" content=\"https:\/\/domaine-du-paradis.ch\/wp-content\/uploads\/2022\/04\/Cha\u0302telaine-Blanche-2018.png\" \/>\n\t<meta property=\"og:image:width\" content=\"573\" \/>\n\t<meta property=\"og:image:height\" content=\"2488\" \/>\n\t<meta property=\"og:image:type\" content=\"image\/png\" \/>\n<meta name=\"twitter:card\" content=\"summary_large_image\" \/>\n<meta name=\"twitter:label1\" content=\"Est. reading time\" \/>\n\t<meta name=\"twitter:data1\" content=\"1 minute\" \/>\n<script type=\"application\/ld+json\" class=\"yoast-schema-graph\">{\"@context\":\"https:\\\/\\\/schema.org\",\"@graph\":[{\"@type\":\"WebPage\",\"@id\":\"https:\\\/\\\/domaine-du-paradis.ch\\\/en\\\/product\\\/la-chatelaine-blanche\\\/\",\"url\":\"https:\\\/\\\/domaine-du-paradis.ch\\\/en\\\/product\\\/la-chatelaine-blanche\\\/\",\"name\":\"La Ch\u00e2telaine Blanche - Le Shop du Domaine du Paradis\",\"isPartOf\":{\"@id\":\"https:\\\/\\\/domaine-du-paradis.ch\\\/en\\\/#website\"},\"primaryImageOfPage\":{\"@id\":\"https:\\\/\\\/domaine-du-paradis.ch\\\/en\\\/product\\\/la-chatelaine-blanche\\\/#primaryimage\"},\"image\":{\"@id\":\"https:\\\/\\\/domaine-du-paradis.ch\\\/en\\\/product\\\/la-chatelaine-blanche\\\/#primaryimage\"},\"thumbnailUrl\":\"https:\\\/\\\/domaine-du-paradis.ch\\\/wp-content\\\/uploads\\\/2022\\\/04\\\/Cha\u0302telaine-Blanche-2018.png\",\"datePublished\":\"2016-09-16T11:36:57+00:00\",\"dateModified\":\"2025-12-04T07:46:22+00:00\",\"description\":\"La Ch\u00e2telaine Blanche est issue de la seule parcelle de vignes en Ville de Gen\u00e8ve pour marier une Marsanne \u00e0 une Roussane, typique des C\u00f4tes du Rh\u00f4ne.\",\"breadcrumb\":{\"@id\":\"https:\\\/\\\/domaine-du-paradis.ch\\\/en\\\/product\\\/la-chatelaine-blanche\\\/#breadcrumb\"},\"inLanguage\":\"en-US\",\"potentialAction\":[{\"@type\":\"ReadAction\",\"target\":[\"https:\\\/\\\/domaine-du-paradis.ch\\\/en\\\/product\\\/la-chatelaine-blanche\\\/\"]}]},{\"@type\":\"ImageObject\",\"inLanguage\":\"en-US\",\"@id\":\"https:\\\/\\\/domaine-du-paradis.ch\\\/en\\\/product\\\/la-chatelaine-blanche\\\/#primaryimage\",\"url\":\"https:\\\/\\\/domaine-du-paradis.ch\\\/wp-content\\\/uploads\\\/2022\\\/04\\\/Cha\u0302telaine-Blanche-2018.png\",\"contentUrl\":\"https:\\\/\\\/domaine-du-paradis.ch\\\/wp-content\\\/uploads\\\/2022\\\/04\\\/Cha\u0302telaine-Blanche-2018.png\",\"width\":573,\"height\":2488},{\"@type\":\"BreadcrumbList\",\"@id\":\"https:\\\/\\\/domaine-du-paradis.ch\\\/en\\\/product\\\/la-chatelaine-blanche\\\/#breadcrumb\",\"itemListElement\":[{\"@type\":\"ListItem\",\"position\":1,\"name\":\"Home\",\"item\":\"https:\\\/\\\/domaine-du-paradis.ch\\\/en\\\/\"},{\"@type\":\"ListItem\",\"position\":2,\"name\":\"Discover our wines\",\"item\":\"https:\\\/\\\/domaine-du-paradis.ch\\\/en\\\/shop\\\/\"},{\"@type\":\"ListItem\",\"position\":3,\"name\":\"La Ch\u00e2telaine Blanche\"}]},{\"@type\":\"WebSite\",\"@id\":\"https:\\\/\\\/domaine-du-paradis.ch\\\/en\\\/#website\",\"url\":\"https:\\\/\\\/domaine-du-paradis.ch\\\/en\\\/\",\"name\":\"Domaine du Paradis\",\"description\":\"Faire vivre de belles histoires\",\"publisher\":{\"@id\":\"https:\\\/\\\/domaine-du-paradis.ch\\\/en\\\/#organization\"},\"alternateName\":\"Vins Suisses - Famille Burgdorfer\",\"potentialAction\":[{\"@type\":\"SearchAction\",\"target\":{\"@type\":\"EntryPoint\",\"urlTemplate\":\"https:\\\/\\\/domaine-du-paradis.ch\\\/en\\\/?s={search_term_string}\"},\"query-input\":{\"@type\":\"PropertyValueSpecification\",\"valueRequired\":true,\"valueName\":\"search_term_string\"}}],\"inLanguage\":\"en-US\"},{\"@type\":\"Organization\",\"@id\":\"https:\\\/\\\/domaine-du-paradis.ch\\\/en\\\/#organization\",\"name\":\"Domaine du Paradis\",\"url\":\"https:\\\/\\\/domaine-du-paradis.ch\\\/en\\\/\",\"logo\":{\"@type\":\"ImageObject\",\"inLanguage\":\"en-US\",\"@id\":\"https:\\\/\\\/domaine-du-paradis.ch\\\/en\\\/#\\\/schema\\\/logo\\\/image\\\/\",\"url\":\"https:\\\/\\\/domaine-du-paradis.ch\\\/wp-content\\\/uploads\\\/2022\\\/08\\\/logo-domaine-du-paradis-blanc.svg\",\"contentUrl\":\"https:\\\/\\\/domaine-du-paradis.ch\\\/wp-content\\\/uploads\\\/2022\\\/08\\\/logo-domaine-du-paradis-blanc.svg\",\"caption\":\"Domaine du Paradis\"},\"image\":{\"@id\":\"https:\\\/\\\/domaine-du-paradis.ch\\\/en\\\/#\\\/schema\\\/logo\\\/image\\\/\"}}]}<\/script>\n<!-- \/ Yoast SEO Premium plugin. -->","yoast_head_json":{"title":"La Ch\u00e2telaine Blanche - Le Shop du Domaine du Paradis","description":"La Ch\u00e2telaine Blanche est issue de la seule parcelle de vignes en Ville de Gen\u00e8ve pour marier une Marsanne \u00e0 une Roussane, typique des C\u00f4tes du Rh\u00f4ne.","robots":{"index":"index","follow":"follow","max-snippet":"max-snippet:-1","max-image-preview":"max-image-preview:large","max-video-preview":"max-video-preview:-1"},"canonical":"https:\/\/domaine-du-paradis.ch\/en\/product\/la-chatelaine-blanche\/","og_locale":"en_US","og_type":"article","og_title":"La Ch\u00e2telaine Blanche","og_description":"La Ch\u00e2telaine Blanche est issue de la seule parcelle de vignes en Ville de Gen\u00e8ve pour marier une Marsanne \u00e0 une Roussane, typique des C\u00f4tes du Rh\u00f4ne.","og_url":"https:\/\/domaine-du-paradis.ch\/en\/product\/la-chatelaine-blanche\/","og_site_name":"Domaine du Paradis","article_modified_time":"2025-12-04T07:46:22+00:00","og_image":[{"width":573,"height":2488,"url":"https:\/\/domaine-du-paradis.ch\/wp-content\/uploads\/2022\/04\/Cha\u0302telaine-Blanche-2018.png","type":"image\/png"}],"twitter_card":"summary_large_image","twitter_misc":{"Est. reading time":"1 minute"},"schema":{"@context":"https:\/\/schema.org","@graph":[{"@type":"WebPage","@id":"https:\/\/domaine-du-paradis.ch\/en\/product\/la-chatelaine-blanche\/","url":"https:\/\/domaine-du-paradis.ch\/en\/product\/la-chatelaine-blanche\/","name":"La Ch\u00e2telaine Blanche - Le Shop du Domaine du Paradis","isPartOf":{"@id":"https:\/\/domaine-du-paradis.ch\/en\/#website"},"primaryImageOfPage":{"@id":"https:\/\/domaine-du-paradis.ch\/en\/product\/la-chatelaine-blanche\/#primaryimage"},"image":{"@id":"https:\/\/domaine-du-paradis.ch\/en\/product\/la-chatelaine-blanche\/#primaryimage"},"thumbnailUrl":"https:\/\/domaine-du-paradis.ch\/wp-content\/uploads\/2022\/04\/Cha\u0302telaine-Blanche-2018.png","datePublished":"2016-09-16T11:36:57+00:00","dateModified":"2025-12-04T07:46:22+00:00","description":"La Ch\u00e2telaine Blanche est issue de la seule parcelle de vignes en Ville de Gen\u00e8ve pour marier une Marsanne \u00e0 une Roussane, typique des C\u00f4tes du Rh\u00f4ne.","breadcrumb":{"@id":"https:\/\/domaine-du-paradis.ch\/en\/product\/la-chatelaine-blanche\/#breadcrumb"},"inLanguage":"en-US","potentialAction":[{"@type":"ReadAction","target":["https:\/\/domaine-du-paradis.ch\/en\/product\/la-chatelaine-blanche\/"]}]},{"@type":"ImageObject","inLanguage":"en-US","@id":"https:\/\/domaine-du-paradis.ch\/en\/product\/la-chatelaine-blanche\/#primaryimage","url":"https:\/\/domaine-du-paradis.ch\/wp-content\/uploads\/2022\/04\/Cha\u0302telaine-Blanche-2018.png","contentUrl":"https:\/\/domaine-du-paradis.ch\/wp-content\/uploads\/2022\/04\/Cha\u0302telaine-Blanche-2018.png","width":573,"height":2488},{"@type":"BreadcrumbList","@id":"https:\/\/domaine-du-paradis.ch\/en\/product\/la-chatelaine-blanche\/#breadcrumb","itemListElement":[{"@type":"ListItem","position":1,"name":"Home","item":"https:\/\/domaine-du-paradis.ch\/en\/"},{"@type":"ListItem","position":2,"name":"Discover our wines","item":"https:\/\/domaine-du-paradis.ch\/en\/shop\/"},{"@type":"ListItem","position":3,"name":"La Ch\u00e2telaine Blanche"}]},{"@type":"WebSite","@id":"https:\/\/domaine-du-paradis.ch\/en\/#website","url":"https:\/\/domaine-du-paradis.ch\/en\/","name":"Domaine du Paradis","description":"Faire vivre de belles histoires","publisher":{"@id":"https:\/\/domaine-du-paradis.ch\/en\/#organization"},"alternateName":"Vins Suisses - Famille Burgdorfer","potentialAction":[{"@type":"SearchAction","target":{"@type":"EntryPoint","urlTemplate":"https:\/\/domaine-du-paradis.ch\/en\/?s={search_term_string}"},"query-input":{"@type":"PropertyValueSpecification","valueRequired":true,"valueName":"search_term_string"}}],"inLanguage":"en-US"},{"@type":"Organization","@id":"https:\/\/domaine-du-paradis.ch\/en\/#organization","name":"Domaine du Paradis","url":"https:\/\/domaine-du-paradis.ch\/en\/","logo":{"@type":"ImageObject","inLanguage":"en-US","@id":"https:\/\/domaine-du-paradis.ch\/en\/#\/schema\/logo\/image\/","url":"https:\/\/domaine-du-paradis.ch\/wp-content\/uploads\/2022\/08\/logo-domaine-du-paradis-blanc.svg","contentUrl":"https:\/\/domaine-du-paradis.ch\/wp-content\/uploads\/2022\/08\/logo-domaine-du-paradis-blanc.svg","caption":"Domaine du Paradis"},"image":{"@id":"https:\/\/domaine-du-paradis.ch\/en\/#\/schema\/logo\/image\/"}}]}},"_links":{"self":[{"href":"https:\/\/domaine-du-paradis.ch\/en\/wp-json\/wp\/v2\/product\/39463","targetHints":{"allow":["GET"]}}],"collection":[{"href":"https:\/\/domaine-du-paradis.ch\/en\/wp-json\/wp\/v2\/product"}],"about":[{"href":"https:\/\/domaine-du-paradis.ch\/en\/wp-json\/wp\/v2\/types\/product"}],"wp:featuredmedia":[{"embeddable":true,"href":"https:\/\/domaine-du-paradis.ch\/en\/wp-json\/wp\/v2\/media\/36266"}],"wp:attachment":[{"href":"https:\/\/domaine-du-paradis.ch\/en\/wp-json\/wp\/v2\/media?parent=39463"}],"wp:term":[{"taxonomy":"product_brand","embeddable":true,"href":"https:\/\/domaine-du-paradis.ch\/en\/wp-json\/wp\/v2\/product_brand?post=39463"},{"taxonomy":"product_cat","embeddable":true,"href":"https:\/\/domaine-du-paradis.ch\/en\/wp-json\/wp\/v2\/product_cat?post=39463"},{"taxonomy":"product_tag","embeddable":true,"href":"https:\/\/domaine-du-paradis.ch\/en\/wp-json\/wp\/v2\/product_tag?post=39463"}],"curies":[{"name":"wp","href":"https:\/\/api.w.org\/{rel}","templated":true}]}}