{"id":39462,"date":"2016-09-21T09:06:14","date_gmt":"2016-09-21T07:06:14","guid":{"rendered":"https:\/\/domaine-du-paradis.ch\/product\/coffret-chatelaine-de-geneve\/"},"modified":"2024-04-04T10:24:51","modified_gmt":"2024-04-04T08:24:51","slug":"coffret-chatelaine-de-geneve","status":"publish","type":"product","link":"https:\/\/domaine-du-paradis.ch\/en\/product\/coffret-chatelaine-de-geneve\/","title":{"rendered":"Coffret Ch\u00e2telaine de Gen\u00e8ve"},"content":{"rendered":"<p>Parce que ce coffret de trois bouteilles comprend deux bouteilles de Ch\u00e2telaine Rouge et une bouteille de Ch\u00e2telaine Blanche. Mais aussi pour son histoire! Parce que c&#8217;est pas tout de vous proposer un nouveau vin, encore faut-il conna\u00eetre son histoire! Pis, si c&#8217;est pas votre truc, l&#8217;histoire, rien ne vous emp\u00eache de passer directement au tire-bouchon&#8230;<\/p>\n","protected":false},"excerpt":{"rendered":"<p>Parce que ce coffret de trois bouteilles comprend deux bouteilles de Ch\u00e2telaine Rouge et une bouteille de Ch\u00e2telaine Blanche. Mais aussi pour son histoire! Parce que c&#8217;est pas tout de vous proposer un nouveau vin, encore faut-il conna\u00eetre son histoire! Pis, si c&#8217;est pas votre truc, l&#8217;histoire, rien ne vous emp\u00eache de passer directement au [&hellip;]<\/p>\n","protected":false},"featured_media":36215,"template":"","meta":{"_acf_changed":false},"product_brand":[],"product_cat":[68],"product_tag":[184,185,186,183],"class_list":{"0":"post-39462","1":"product","2":"type-product","3":"status-publish","4":"has-post-thumbnail","6":"product_cat-extras","7":"product_tag-chatelaine-en","8":"product_tag-coffret-en","9":"product_tag-geneve-en","10":"product_tag-vin-en","12":"first","13":"outofstock","14":"featured","15":"taxable","16":"shipping-taxable","17":"purchasable","18":"product-type-simple"},"acf":[],"yoast_head":"<!-- This site is optimized with the Yoast SEO Premium plugin v27.3 (Yoast SEO v27.3) - https:\/\/yoast.com\/product\/yoast-seo-premium-wordpress\/ -->\n<title>Coffret La Ch\u00e2telaine de Gen\u00e8ve - Le Shop du Domaine du Paradis<\/title>\n<meta name=\"description\" content=\"Ce coffret regroupe les deux assemblages de la Ch\u00e2telaine, deux Ch\u00e2telaines Rouges et une Ch\u00e2telaine Blanche, ainsi que son histoire sous forme d&#039;un livret.\" \/>\n<meta name=\"robots\" content=\"index, follow, max-snippet:-1, max-image-preview:large, max-video-preview:-1\" \/>\n<link rel=\"canonical\" href=\"https:\/\/domaine-du-paradis.ch\/en\/product\/coffret-chatelaine-de-geneve\/\" \/>\n<meta property=\"og:locale\" content=\"en_US\" \/>\n<meta property=\"og:type\" content=\"article\" \/>\n<meta property=\"og:title\" content=\"Coffret Ch\u00e2telaine de Gen\u00e8ve\" \/>\n<meta property=\"og:description\" content=\"Ce coffret regroupe les deux assemblages de la Ch\u00e2telaine, deux Ch\u00e2telaines Rouges et une Ch\u00e2telaine Blanche, ainsi que son histoire sous forme d&#039;un livret.\" \/>\n<meta property=\"og:url\" content=\"https:\/\/domaine-du-paradis.ch\/en\/product\/coffret-chatelaine-de-geneve\/\" \/>\n<meta property=\"og:site_name\" content=\"Domaine du Paradis\" \/>\n<meta property=\"article:modified_time\" content=\"2024-04-04T08:24:51+00:00\" \/>\n<meta property=\"og:image\" content=\"https:\/\/domaine-du-paradis.ch\/wp-content\/uploads\/2022\/02\/CoffretChatelaine-5726.jpg\" \/>\n\t<meta property=\"og:image:width\" content=\"1200\" \/>\n\t<meta property=\"og:image:height\" content=\"800\" \/>\n\t<meta property=\"og:image:type\" content=\"image\/jpeg\" \/>\n<meta name=\"twitter:card\" content=\"summary_large_image\" \/>\n<script type=\"application\/ld+json\" class=\"yoast-schema-graph\">{\"@context\":\"https:\\\/\\\/schema.org\",\"@graph\":[{\"@type\":\"WebPage\",\"@id\":\"https:\\\/\\\/domaine-du-paradis.ch\\\/en\\\/product\\\/coffret-chatelaine-de-geneve\\\/\",\"url\":\"https:\\\/\\\/domaine-du-paradis.ch\\\/en\\\/product\\\/coffret-chatelaine-de-geneve\\\/\",\"name\":\"Coffret La Ch\u00e2telaine de Gen\u00e8ve - Le Shop du Domaine du Paradis\",\"isPartOf\":{\"@id\":\"https:\\\/\\\/domaine-du-paradis.ch\\\/en\\\/#website\"},\"primaryImageOfPage\":{\"@id\":\"https:\\\/\\\/domaine-du-paradis.ch\\\/en\\\/product\\\/coffret-chatelaine-de-geneve\\\/#primaryimage\"},\"image\":{\"@id\":\"https:\\\/\\\/domaine-du-paradis.ch\\\/en\\\/product\\\/coffret-chatelaine-de-geneve\\\/#primaryimage\"},\"thumbnailUrl\":\"https:\\\/\\\/domaine-du-paradis.ch\\\/wp-content\\\/uploads\\\/2022\\\/02\\\/CoffretChatelaine-5726.jpg\",\"datePublished\":\"2016-09-21T07:06:14+00:00\",\"dateModified\":\"2024-04-04T08:24:51+00:00\",\"description\":\"Ce coffret regroupe les deux assemblages de la Ch\u00e2telaine, deux Ch\u00e2telaines Rouges et une Ch\u00e2telaine Blanche, ainsi que son histoire sous forme d'un livret.\",\"breadcrumb\":{\"@id\":\"https:\\\/\\\/domaine-du-paradis.ch\\\/en\\\/product\\\/coffret-chatelaine-de-geneve\\\/#breadcrumb\"},\"inLanguage\":\"en-US\",\"potentialAction\":[{\"@type\":\"ReadAction\",\"target\":[\"https:\\\/\\\/domaine-du-paradis.ch\\\/en\\\/product\\\/coffret-chatelaine-de-geneve\\\/\"]}]},{\"@type\":\"ImageObject\",\"inLanguage\":\"en-US\",\"@id\":\"https:\\\/\\\/domaine-du-paradis.ch\\\/en\\\/product\\\/coffret-chatelaine-de-geneve\\\/#primaryimage\",\"url\":\"https:\\\/\\\/domaine-du-paradis.ch\\\/wp-content\\\/uploads\\\/2022\\\/02\\\/CoffretChatelaine-5726.jpg\",\"contentUrl\":\"https:\\\/\\\/domaine-du-paradis.ch\\\/wp-content\\\/uploads\\\/2022\\\/02\\\/CoffretChatelaine-5726.jpg\",\"width\":1200,\"height\":800},{\"@type\":\"BreadcrumbList\",\"@id\":\"https:\\\/\\\/domaine-du-paradis.ch\\\/en\\\/product\\\/coffret-chatelaine-de-geneve\\\/#breadcrumb\",\"itemListElement\":[{\"@type\":\"ListItem\",\"position\":1,\"name\":\"Home\",\"item\":\"https:\\\/\\\/domaine-du-paradis.ch\\\/en\\\/\"},{\"@type\":\"ListItem\",\"position\":2,\"name\":\"Discover our wines\",\"item\":\"https:\\\/\\\/domaine-du-paradis.ch\\\/en\\\/shop\\\/\"},{\"@type\":\"ListItem\",\"position\":3,\"name\":\"Coffret Ch\u00e2telaine de Gen\u00e8ve\"}]},{\"@type\":\"WebSite\",\"@id\":\"https:\\\/\\\/domaine-du-paradis.ch\\\/en\\\/#website\",\"url\":\"https:\\\/\\\/domaine-du-paradis.ch\\\/en\\\/\",\"name\":\"Domaine du Paradis\",\"description\":\"Faire vivre de belles histoires\",\"publisher\":{\"@id\":\"https:\\\/\\\/domaine-du-paradis.ch\\\/en\\\/#organization\"},\"alternateName\":\"Vins Suisses - Famille Burgdorfer\",\"potentialAction\":[{\"@type\":\"SearchAction\",\"target\":{\"@type\":\"EntryPoint\",\"urlTemplate\":\"https:\\\/\\\/domaine-du-paradis.ch\\\/en\\\/?s={search_term_string}\"},\"query-input\":{\"@type\":\"PropertyValueSpecification\",\"valueRequired\":true,\"valueName\":\"search_term_string\"}}],\"inLanguage\":\"en-US\"},{\"@type\":\"Organization\",\"@id\":\"https:\\\/\\\/domaine-du-paradis.ch\\\/en\\\/#organization\",\"name\":\"Domaine du Paradis\",\"url\":\"https:\\\/\\\/domaine-du-paradis.ch\\\/en\\\/\",\"logo\":{\"@type\":\"ImageObject\",\"inLanguage\":\"en-US\",\"@id\":\"https:\\\/\\\/domaine-du-paradis.ch\\\/en\\\/#\\\/schema\\\/logo\\\/image\\\/\",\"url\":\"https:\\\/\\\/domaine-du-paradis.ch\\\/wp-content\\\/uploads\\\/2022\\\/08\\\/logo-domaine-du-paradis-blanc.svg\",\"contentUrl\":\"https:\\\/\\\/domaine-du-paradis.ch\\\/wp-content\\\/uploads\\\/2022\\\/08\\\/logo-domaine-du-paradis-blanc.svg\",\"caption\":\"Domaine du Paradis\"},\"image\":{\"@id\":\"https:\\\/\\\/domaine-du-paradis.ch\\\/en\\\/#\\\/schema\\\/logo\\\/image\\\/\"}}]}<\/script>\n<!-- \/ Yoast SEO Premium plugin. -->","yoast_head_json":{"title":"Coffret La Ch\u00e2telaine de Gen\u00e8ve - Le Shop du Domaine du Paradis","description":"Ce coffret regroupe les deux assemblages de la Ch\u00e2telaine, deux Ch\u00e2telaines Rouges et une Ch\u00e2telaine Blanche, ainsi que son histoire sous forme d'un livret.","robots":{"index":"index","follow":"follow","max-snippet":"max-snippet:-1","max-image-preview":"max-image-preview:large","max-video-preview":"max-video-preview:-1"},"canonical":"https:\/\/domaine-du-paradis.ch\/en\/product\/coffret-chatelaine-de-geneve\/","og_locale":"en_US","og_type":"article","og_title":"Coffret Ch\u00e2telaine de Gen\u00e8ve","og_description":"Ce coffret regroupe les deux assemblages de la Ch\u00e2telaine, deux Ch\u00e2telaines Rouges et une Ch\u00e2telaine Blanche, ainsi que son histoire sous forme d'un livret.","og_url":"https:\/\/domaine-du-paradis.ch\/en\/product\/coffret-chatelaine-de-geneve\/","og_site_name":"Domaine du Paradis","article_modified_time":"2024-04-04T08:24:51+00:00","og_image":[{"width":1200,"height":800,"url":"https:\/\/domaine-du-paradis.ch\/wp-content\/uploads\/2022\/02\/CoffretChatelaine-5726.jpg","type":"image\/jpeg"}],"twitter_card":"summary_large_image","schema":{"@context":"https:\/\/schema.org","@graph":[{"@type":"WebPage","@id":"https:\/\/domaine-du-paradis.ch\/en\/product\/coffret-chatelaine-de-geneve\/","url":"https:\/\/domaine-du-paradis.ch\/en\/product\/coffret-chatelaine-de-geneve\/","name":"Coffret La Ch\u00e2telaine de Gen\u00e8ve - Le Shop du Domaine du Paradis","isPartOf":{"@id":"https:\/\/domaine-du-paradis.ch\/en\/#website"},"primaryImageOfPage":{"@id":"https:\/\/domaine-du-paradis.ch\/en\/product\/coffret-chatelaine-de-geneve\/#primaryimage"},"image":{"@id":"https:\/\/domaine-du-paradis.ch\/en\/product\/coffret-chatelaine-de-geneve\/#primaryimage"},"thumbnailUrl":"https:\/\/domaine-du-paradis.ch\/wp-content\/uploads\/2022\/02\/CoffretChatelaine-5726.jpg","datePublished":"2016-09-21T07:06:14+00:00","dateModified":"2024-04-04T08:24:51+00:00","description":"Ce coffret regroupe les deux assemblages de la Ch\u00e2telaine, deux Ch\u00e2telaines Rouges et une Ch\u00e2telaine Blanche, ainsi que son histoire sous forme d'un livret.","breadcrumb":{"@id":"https:\/\/domaine-du-paradis.ch\/en\/product\/coffret-chatelaine-de-geneve\/#breadcrumb"},"inLanguage":"en-US","potentialAction":[{"@type":"ReadAction","target":["https:\/\/domaine-du-paradis.ch\/en\/product\/coffret-chatelaine-de-geneve\/"]}]},{"@type":"ImageObject","inLanguage":"en-US","@id":"https:\/\/domaine-du-paradis.ch\/en\/product\/coffret-chatelaine-de-geneve\/#primaryimage","url":"https:\/\/domaine-du-paradis.ch\/wp-content\/uploads\/2022\/02\/CoffretChatelaine-5726.jpg","contentUrl":"https:\/\/domaine-du-paradis.ch\/wp-content\/uploads\/2022\/02\/CoffretChatelaine-5726.jpg","width":1200,"height":800},{"@type":"BreadcrumbList","@id":"https:\/\/domaine-du-paradis.ch\/en\/product\/coffret-chatelaine-de-geneve\/#breadcrumb","itemListElement":[{"@type":"ListItem","position":1,"name":"Home","item":"https:\/\/domaine-du-paradis.ch\/en\/"},{"@type":"ListItem","position":2,"name":"Discover our wines","item":"https:\/\/domaine-du-paradis.ch\/en\/shop\/"},{"@type":"ListItem","position":3,"name":"Coffret Ch\u00e2telaine de Gen\u00e8ve"}]},{"@type":"WebSite","@id":"https:\/\/domaine-du-paradis.ch\/en\/#website","url":"https:\/\/domaine-du-paradis.ch\/en\/","name":"Domaine du Paradis","description":"Faire vivre de belles histoires","publisher":{"@id":"https:\/\/domaine-du-paradis.ch\/en\/#organization"},"alternateName":"Vins Suisses - Famille Burgdorfer","potentialAction":[{"@type":"SearchAction","target":{"@type":"EntryPoint","urlTemplate":"https:\/\/domaine-du-paradis.ch\/en\/?s={search_term_string}"},"query-input":{"@type":"PropertyValueSpecification","valueRequired":true,"valueName":"search_term_string"}}],"inLanguage":"en-US"},{"@type":"Organization","@id":"https:\/\/domaine-du-paradis.ch\/en\/#organization","name":"Domaine du Paradis","url":"https:\/\/domaine-du-paradis.ch\/en\/","logo":{"@type":"ImageObject","inLanguage":"en-US","@id":"https:\/\/domaine-du-paradis.ch\/en\/#\/schema\/logo\/image\/","url":"https:\/\/domaine-du-paradis.ch\/wp-content\/uploads\/2022\/08\/logo-domaine-du-paradis-blanc.svg","contentUrl":"https:\/\/domaine-du-paradis.ch\/wp-content\/uploads\/2022\/08\/logo-domaine-du-paradis-blanc.svg","caption":"Domaine du Paradis"},"image":{"@id":"https:\/\/domaine-du-paradis.ch\/en\/#\/schema\/logo\/image\/"}}]}},"_links":{"self":[{"href":"https:\/\/domaine-du-paradis.ch\/en\/wp-json\/wp\/v2\/product\/39462","targetHints":{"allow":["GET"]}}],"collection":[{"href":"https:\/\/domaine-du-paradis.ch\/en\/wp-json\/wp\/v2\/product"}],"about":[{"href":"https:\/\/domaine-du-paradis.ch\/en\/wp-json\/wp\/v2\/types\/product"}],"wp:featuredmedia":[{"embeddable":true,"href":"https:\/\/domaine-du-paradis.ch\/en\/wp-json\/wp\/v2\/media\/36215"}],"wp:attachment":[{"href":"https:\/\/domaine-du-paradis.ch\/en\/wp-json\/wp\/v2\/media?parent=39462"}],"wp:term":[{"taxonomy":"product_brand","embeddable":true,"href":"https:\/\/domaine-du-paradis.ch\/en\/wp-json\/wp\/v2\/product_brand?post=39462"},{"taxonomy":"product_cat","embeddable":true,"href":"https:\/\/domaine-du-paradis.ch\/en\/wp-json\/wp\/v2\/product_cat?post=39462"},{"taxonomy":"product_tag","embeddable":true,"href":"https:\/\/domaine-du-paradis.ch\/en\/wp-json\/wp\/v2\/product_tag?post=39462"}],"curies":[{"name":"wp","href":"https:\/\/api.w.org\/{rel}","templated":true}]}}