{"id":39461,"date":"2016-09-21T09:29:29","date_gmt":"2016-09-21T07:29:29","guid":{"rendered":"https:\/\/domaine-du-paradis.ch\/product\/la-chatelaine-rouge\/"},"modified":"2025-07-17T07:49:31","modified_gmt":"2025-07-17T05:49:31","slug":"la-chatelaine-rouge","status":"publish","type":"product","link":"https:\/\/domaine-du-paradis.ch\/en\/product\/la-chatelaine-rouge\/","title":{"rendered":"La Ch\u00e2telaine Rouge"},"content":{"rendered":"<p>Parce qu&#8217;elle nous enivre de plaisir cette Ch\u00e2telaine Rouge. En mariant un Cabernet- franc \u00e0 un Galotta, elle offre une robe sombre, intense et voltigeuse et des senteurs enrob\u00e9es de cassis et chocolat soulev\u00e9es par des notes de vanille toast\u00e9e. En bouche, ce sont des retrouvailles avec le chocolat accompagn\u00e9 d\u2019\u00e9pices chaudes et de tanins soyeux.<\/p>\n","protected":false},"excerpt":{"rendered":"<p>Parce qu&#8217;elle nous enivre de plaisir cette Ch\u00e2telaine Rouge. En mariant un Cabernet- franc \u00e0 un Galotta, elle offre une robe sombre, intense et voltigeuse et des senteurs enrob\u00e9es de cassis et chocolat soulev\u00e9es par des notes de vanille toast\u00e9e. En bouche, ce sont des retrouvailles avec le chocolat accompagn\u00e9 d\u2019\u00e9pices chaudes et de tanins [&hellip;]<\/p>\n","protected":false},"featured_media":44368,"template":"","meta":{"_acf_changed":false},"product_brand":[],"product_cat":[76],"product_tag":[],"class_list":{"0":"post-39461","1":"product","2":"type-product","3":"status-publish","4":"has-post-thumbnail","6":"product_cat-red-wines","7":"product_type_jason-barrique","8":"product_type_jason-assemblage","10":"first","11":"instock","12":"taxable","13":"shipping-taxable","14":"purchasable","15":"product-type-simple"},"acf":[],"yoast_head":"<!-- This site is optimized with the Yoast SEO Premium plugin v27.3 (Yoast SEO v27.3) - https:\/\/yoast.com\/product\/yoast-seo-premium-wordpress\/ -->\n<title>La Ch\u00e2telaine Rouge - Le Shop du Domaine du Paradis<\/title>\n<meta name=\"description\" content=\"La Ch\u00e2telaine Rouge marie un Cabernet-franc \u00e0 un Galotta. Elle est \u00e9lev\u00e9e en barriques neuves durant 9 mois, et vient de la seule vigne en Ville de Gen\u00e8ve.\" \/>\n<meta name=\"robots\" content=\"index, follow, max-snippet:-1, max-image-preview:large, max-video-preview:-1\" \/>\n<link rel=\"canonical\" href=\"https:\/\/domaine-du-paradis.ch\/en\/product\/la-chatelaine-rouge\/\" \/>\n<meta property=\"og:locale\" content=\"en_US\" \/>\n<meta property=\"og:type\" content=\"article\" \/>\n<meta property=\"og:title\" content=\"La Ch\u00e2telaine Rouge\" \/>\n<meta property=\"og:description\" content=\"La Ch\u00e2telaine Rouge marie un Cabernet-franc \u00e0 un Galotta. Elle est \u00e9lev\u00e9e en barriques neuves durant 9 mois, et vient de la seule vigne en Ville de Gen\u00e8ve.\" \/>\n<meta property=\"og:url\" content=\"https:\/\/domaine-du-paradis.ch\/en\/product\/la-chatelaine-rouge\/\" \/>\n<meta property=\"og:site_name\" content=\"Domaine du Paradis\" \/>\n<meta property=\"article:modified_time\" content=\"2025-07-17T05:49:31+00:00\" \/>\n<meta property=\"og:image\" content=\"https:\/\/domaine-du-paradis.ch\/wp-content\/uploads\/2016\/09\/CHATELAINE-ROUGE-2022.png\" \/>\n\t<meta property=\"og:image:width\" content=\"518\" \/>\n\t<meta property=\"og:image:height\" content=\"2238\" \/>\n\t<meta property=\"og:image:type\" content=\"image\/png\" \/>\n<meta name=\"twitter:card\" content=\"summary_large_image\" \/>\n<meta name=\"twitter:label1\" content=\"Est. reading time\" \/>\n\t<meta name=\"twitter:data1\" content=\"1 minute\" \/>\n<script type=\"application\/ld+json\" class=\"yoast-schema-graph\">{\"@context\":\"https:\\\/\\\/schema.org\",\"@graph\":[{\"@type\":\"WebPage\",\"@id\":\"https:\\\/\\\/domaine-du-paradis.ch\\\/en\\\/product\\\/la-chatelaine-rouge\\\/\",\"url\":\"https:\\\/\\\/domaine-du-paradis.ch\\\/en\\\/product\\\/la-chatelaine-rouge\\\/\",\"name\":\"La Ch\u00e2telaine Rouge - Le Shop du Domaine du Paradis\",\"isPartOf\":{\"@id\":\"https:\\\/\\\/domaine-du-paradis.ch\\\/en\\\/#website\"},\"primaryImageOfPage\":{\"@id\":\"https:\\\/\\\/domaine-du-paradis.ch\\\/en\\\/product\\\/la-chatelaine-rouge\\\/#primaryimage\"},\"image\":{\"@id\":\"https:\\\/\\\/domaine-du-paradis.ch\\\/en\\\/product\\\/la-chatelaine-rouge\\\/#primaryimage\"},\"thumbnailUrl\":\"https:\\\/\\\/domaine-du-paradis.ch\\\/wp-content\\\/uploads\\\/2016\\\/09\\\/CHATELAINE-ROUGE-2022.png\",\"datePublished\":\"2016-09-21T07:29:29+00:00\",\"dateModified\":\"2025-07-17T05:49:31+00:00\",\"description\":\"La Ch\u00e2telaine Rouge marie un Cabernet-franc \u00e0 un Galotta. Elle est \u00e9lev\u00e9e en barriques neuves durant 9 mois, et vient de la seule vigne en Ville de Gen\u00e8ve.\",\"breadcrumb\":{\"@id\":\"https:\\\/\\\/domaine-du-paradis.ch\\\/en\\\/product\\\/la-chatelaine-rouge\\\/#breadcrumb\"},\"inLanguage\":\"en-US\",\"potentialAction\":[{\"@type\":\"ReadAction\",\"target\":[\"https:\\\/\\\/domaine-du-paradis.ch\\\/en\\\/product\\\/la-chatelaine-rouge\\\/\"]}]},{\"@type\":\"ImageObject\",\"inLanguage\":\"en-US\",\"@id\":\"https:\\\/\\\/domaine-du-paradis.ch\\\/en\\\/product\\\/la-chatelaine-rouge\\\/#primaryimage\",\"url\":\"https:\\\/\\\/domaine-du-paradis.ch\\\/wp-content\\\/uploads\\\/2016\\\/09\\\/CHATELAINE-ROUGE-2022.png\",\"contentUrl\":\"https:\\\/\\\/domaine-du-paradis.ch\\\/wp-content\\\/uploads\\\/2016\\\/09\\\/CHATELAINE-ROUGE-2022.png\",\"width\":518,\"height\":2238,\"caption\":\"Ch\u00e2telaine Rouge - ZEP\"},{\"@type\":\"BreadcrumbList\",\"@id\":\"https:\\\/\\\/domaine-du-paradis.ch\\\/en\\\/product\\\/la-chatelaine-rouge\\\/#breadcrumb\",\"itemListElement\":[{\"@type\":\"ListItem\",\"position\":1,\"name\":\"Home\",\"item\":\"https:\\\/\\\/domaine-du-paradis.ch\\\/en\\\/\"},{\"@type\":\"ListItem\",\"position\":2,\"name\":\"Discover our wines\",\"item\":\"https:\\\/\\\/domaine-du-paradis.ch\\\/en\\\/shop\\\/\"},{\"@type\":\"ListItem\",\"position\":3,\"name\":\"La Ch\u00e2telaine Rouge\"}]},{\"@type\":\"WebSite\",\"@id\":\"https:\\\/\\\/domaine-du-paradis.ch\\\/en\\\/#website\",\"url\":\"https:\\\/\\\/domaine-du-paradis.ch\\\/en\\\/\",\"name\":\"Domaine du Paradis\",\"description\":\"Faire vivre de belles histoires\",\"publisher\":{\"@id\":\"https:\\\/\\\/domaine-du-paradis.ch\\\/en\\\/#organization\"},\"alternateName\":\"Vins Suisses - Famille Burgdorfer\",\"potentialAction\":[{\"@type\":\"SearchAction\",\"target\":{\"@type\":\"EntryPoint\",\"urlTemplate\":\"https:\\\/\\\/domaine-du-paradis.ch\\\/en\\\/?s={search_term_string}\"},\"query-input\":{\"@type\":\"PropertyValueSpecification\",\"valueRequired\":true,\"valueName\":\"search_term_string\"}}],\"inLanguage\":\"en-US\"},{\"@type\":\"Organization\",\"@id\":\"https:\\\/\\\/domaine-du-paradis.ch\\\/en\\\/#organization\",\"name\":\"Domaine du Paradis\",\"url\":\"https:\\\/\\\/domaine-du-paradis.ch\\\/en\\\/\",\"logo\":{\"@type\":\"ImageObject\",\"inLanguage\":\"en-US\",\"@id\":\"https:\\\/\\\/domaine-du-paradis.ch\\\/en\\\/#\\\/schema\\\/logo\\\/image\\\/\",\"url\":\"https:\\\/\\\/domaine-du-paradis.ch\\\/wp-content\\\/uploads\\\/2022\\\/08\\\/logo-domaine-du-paradis-blanc.svg\",\"contentUrl\":\"https:\\\/\\\/domaine-du-paradis.ch\\\/wp-content\\\/uploads\\\/2022\\\/08\\\/logo-domaine-du-paradis-blanc.svg\",\"caption\":\"Domaine du Paradis\"},\"image\":{\"@id\":\"https:\\\/\\\/domaine-du-paradis.ch\\\/en\\\/#\\\/schema\\\/logo\\\/image\\\/\"}}]}<\/script>\n<!-- \/ Yoast SEO Premium plugin. -->","yoast_head_json":{"title":"La Ch\u00e2telaine Rouge - Le Shop du Domaine du Paradis","description":"La Ch\u00e2telaine Rouge marie un Cabernet-franc \u00e0 un Galotta. Elle est \u00e9lev\u00e9e en barriques neuves durant 9 mois, et vient de la seule vigne en Ville de Gen\u00e8ve.","robots":{"index":"index","follow":"follow","max-snippet":"max-snippet:-1","max-image-preview":"max-image-preview:large","max-video-preview":"max-video-preview:-1"},"canonical":"https:\/\/domaine-du-paradis.ch\/en\/product\/la-chatelaine-rouge\/","og_locale":"en_US","og_type":"article","og_title":"La Ch\u00e2telaine Rouge","og_description":"La Ch\u00e2telaine Rouge marie un Cabernet-franc \u00e0 un Galotta. Elle est \u00e9lev\u00e9e en barriques neuves durant 9 mois, et vient de la seule vigne en Ville de Gen\u00e8ve.","og_url":"https:\/\/domaine-du-paradis.ch\/en\/product\/la-chatelaine-rouge\/","og_site_name":"Domaine du Paradis","article_modified_time":"2025-07-17T05:49:31+00:00","og_image":[{"width":518,"height":2238,"url":"https:\/\/domaine-du-paradis.ch\/wp-content\/uploads\/2016\/09\/CHATELAINE-ROUGE-2022.png","type":"image\/png"}],"twitter_card":"summary_large_image","twitter_misc":{"Est. reading time":"1 minute"},"schema":{"@context":"https:\/\/schema.org","@graph":[{"@type":"WebPage","@id":"https:\/\/domaine-du-paradis.ch\/en\/product\/la-chatelaine-rouge\/","url":"https:\/\/domaine-du-paradis.ch\/en\/product\/la-chatelaine-rouge\/","name":"La Ch\u00e2telaine Rouge - Le Shop du Domaine du Paradis","isPartOf":{"@id":"https:\/\/domaine-du-paradis.ch\/en\/#website"},"primaryImageOfPage":{"@id":"https:\/\/domaine-du-paradis.ch\/en\/product\/la-chatelaine-rouge\/#primaryimage"},"image":{"@id":"https:\/\/domaine-du-paradis.ch\/en\/product\/la-chatelaine-rouge\/#primaryimage"},"thumbnailUrl":"https:\/\/domaine-du-paradis.ch\/wp-content\/uploads\/2016\/09\/CHATELAINE-ROUGE-2022.png","datePublished":"2016-09-21T07:29:29+00:00","dateModified":"2025-07-17T05:49:31+00:00","description":"La Ch\u00e2telaine Rouge marie un Cabernet-franc \u00e0 un Galotta. Elle est \u00e9lev\u00e9e en barriques neuves durant 9 mois, et vient de la seule vigne en Ville de Gen\u00e8ve.","breadcrumb":{"@id":"https:\/\/domaine-du-paradis.ch\/en\/product\/la-chatelaine-rouge\/#breadcrumb"},"inLanguage":"en-US","potentialAction":[{"@type":"ReadAction","target":["https:\/\/domaine-du-paradis.ch\/en\/product\/la-chatelaine-rouge\/"]}]},{"@type":"ImageObject","inLanguage":"en-US","@id":"https:\/\/domaine-du-paradis.ch\/en\/product\/la-chatelaine-rouge\/#primaryimage","url":"https:\/\/domaine-du-paradis.ch\/wp-content\/uploads\/2016\/09\/CHATELAINE-ROUGE-2022.png","contentUrl":"https:\/\/domaine-du-paradis.ch\/wp-content\/uploads\/2016\/09\/CHATELAINE-ROUGE-2022.png","width":518,"height":2238,"caption":"Ch\u00e2telaine Rouge - ZEP"},{"@type":"BreadcrumbList","@id":"https:\/\/domaine-du-paradis.ch\/en\/product\/la-chatelaine-rouge\/#breadcrumb","itemListElement":[{"@type":"ListItem","position":1,"name":"Home","item":"https:\/\/domaine-du-paradis.ch\/en\/"},{"@type":"ListItem","position":2,"name":"Discover our wines","item":"https:\/\/domaine-du-paradis.ch\/en\/shop\/"},{"@type":"ListItem","position":3,"name":"La Ch\u00e2telaine Rouge"}]},{"@type":"WebSite","@id":"https:\/\/domaine-du-paradis.ch\/en\/#website","url":"https:\/\/domaine-du-paradis.ch\/en\/","name":"Domaine du Paradis","description":"Faire vivre de belles histoires","publisher":{"@id":"https:\/\/domaine-du-paradis.ch\/en\/#organization"},"alternateName":"Vins Suisses - Famille Burgdorfer","potentialAction":[{"@type":"SearchAction","target":{"@type":"EntryPoint","urlTemplate":"https:\/\/domaine-du-paradis.ch\/en\/?s={search_term_string}"},"query-input":{"@type":"PropertyValueSpecification","valueRequired":true,"valueName":"search_term_string"}}],"inLanguage":"en-US"},{"@type":"Organization","@id":"https:\/\/domaine-du-paradis.ch\/en\/#organization","name":"Domaine du Paradis","url":"https:\/\/domaine-du-paradis.ch\/en\/","logo":{"@type":"ImageObject","inLanguage":"en-US","@id":"https:\/\/domaine-du-paradis.ch\/en\/#\/schema\/logo\/image\/","url":"https:\/\/domaine-du-paradis.ch\/wp-content\/uploads\/2022\/08\/logo-domaine-du-paradis-blanc.svg","contentUrl":"https:\/\/domaine-du-paradis.ch\/wp-content\/uploads\/2022\/08\/logo-domaine-du-paradis-blanc.svg","caption":"Domaine du Paradis"},"image":{"@id":"https:\/\/domaine-du-paradis.ch\/en\/#\/schema\/logo\/image\/"}}]}},"_links":{"self":[{"href":"https:\/\/domaine-du-paradis.ch\/en\/wp-json\/wp\/v2\/product\/39461","targetHints":{"allow":["GET"]}}],"collection":[{"href":"https:\/\/domaine-du-paradis.ch\/en\/wp-json\/wp\/v2\/product"}],"about":[{"href":"https:\/\/domaine-du-paradis.ch\/en\/wp-json\/wp\/v2\/types\/product"}],"wp:featuredmedia":[{"embeddable":true,"href":"https:\/\/domaine-du-paradis.ch\/en\/wp-json\/wp\/v2\/media\/44368"}],"wp:attachment":[{"href":"https:\/\/domaine-du-paradis.ch\/en\/wp-json\/wp\/v2\/media?parent=39461"}],"wp:term":[{"taxonomy":"product_brand","embeddable":true,"href":"https:\/\/domaine-du-paradis.ch\/en\/wp-json\/wp\/v2\/product_brand?post=39461"},{"taxonomy":"product_cat","embeddable":true,"href":"https:\/\/domaine-du-paradis.ch\/en\/wp-json\/wp\/v2\/product_cat?post=39461"},{"taxonomy":"product_tag","embeddable":true,"href":"https:\/\/domaine-du-paradis.ch\/en\/wp-json\/wp\/v2\/product_tag?post=39461"}],"curies":[{"name":"wp","href":"https:\/\/api.w.org\/{rel}","templated":true}]}}