{"id":39425,"date":"2022-08-25T11:22:01","date_gmt":"2022-08-25T09:22:01","guid":{"rendered":"https:\/\/domaine-du-paradis.ch\/product\/pont-des-soupirs-rouge\/"},"modified":"2025-05-05T10:12:47","modified_gmt":"2025-05-05T08:12:47","slug":"pont-des-soupirs-rouge","status":"publish","type":"product","link":"https:\/\/domaine-du-paradis.ch\/en\/product\/pont-des-soupirs-rouge\/","title":{"rendered":"Pont des Soupirs"},"content":{"rendered":"<p>Le Pont-des-Soupirs, c\u2019est un vin \u00e0 boire dans les&#8230; 6 ans. Pourquoi? Parce que c\u2019est \u00e0 cet \u00e2ge qu\u2019il se r\u00e9v\u00e8le tr\u00e8s \u00e9pic\u00e9, avec ses notes de r\u00e9glisse et d\u2019anis, tr\u00e8s fruit\u00e9, avec des harmonies de cerise noire et de griottes, soutenue par un c\u00f4t\u00e9 vanill\u00e9. Un vin ample, chaleureux, riche, complexe et structur\u00e9 qui enrobera vos papilles d\u2019une robe de velour, tout en magnifiant chaque instant.<\/p>\n","protected":false},"excerpt":{"rendered":"<p>Le Pont-des-Soupirs, c\u2019est un vin \u00e0 boire dans les&#8230; 6 ans. Pourquoi? Parce que c\u2019est \u00e0 cet \u00e2ge qu\u2019il se r\u00e9v\u00e8le tr\u00e8s \u00e9pic\u00e9, avec ses notes de r\u00e9glisse et d\u2019anis, tr\u00e8s fruit\u00e9, avec des harmonies de cerise noire et de griottes, soutenue par un c\u00f4t\u00e9 vanill\u00e9. Un vin ample, chaleureux, riche, complexe et structur\u00e9 qui [&hellip;]<\/p>\n","protected":false},"featured_media":44181,"template":"","meta":{"_acf_changed":false},"product_brand":[],"product_cat":[70,76],"product_tag":[],"class_list":{"0":"post-39425","1":"product","2":"type-product","3":"status-publish","4":"has-post-thumbnail","6":"product_cat-magnums-en","7":"product_cat-red-wines","8":"product_type_jason-assemblage","9":"product_type_jason-barrique","11":"first","12":"instock","13":"taxable","14":"shipping-taxable","15":"purchasable","16":"product-type-variable"},"acf":[],"yoast_head":"<!-- This site is optimized with the Yoast SEO Premium plugin v27.3 (Yoast SEO v27.3) - https:\/\/yoast.com\/product\/yoast-seo-premium-wordpress\/ -->\n<title>Pont des Soupirs - Domaine du Paradis<\/title>\n<meta name=\"robots\" content=\"index, follow, max-snippet:-1, max-image-preview:large, max-video-preview:-1\" \/>\n<link rel=\"canonical\" href=\"https:\/\/domaine-du-paradis.ch\/en\/product\/pont-des-soupirs-rouge\/\" \/>\n<meta property=\"og:locale\" content=\"en_US\" \/>\n<meta property=\"og:type\" content=\"article\" \/>\n<meta property=\"og:title\" content=\"Pont des Soupirs\" \/>\n<meta property=\"og:description\" content=\"Le Pont-des-Soupirs, c\u2019est un vin \u00e0 boire dans les&#8230; 6 ans. Pourquoi? Parce que c\u2019est \u00e0 cet \u00e2ge qu\u2019il se r\u00e9v\u00e8le tr\u00e8s \u00e9pic\u00e9, avec ses notes de r\u00e9glisse et d\u2019anis, tr\u00e8s fruit\u00e9, avec des harmonies de cerise noire et de griottes, soutenue par un c\u00f4t\u00e9 vanill\u00e9. Un vin ample, chaleureux, riche, complexe et structur\u00e9 qui [&hellip;]\" \/>\n<meta property=\"og:url\" content=\"https:\/\/domaine-du-paradis.ch\/en\/product\/pont-des-soupirs-rouge\/\" \/>\n<meta property=\"og:site_name\" content=\"Domaine du Paradis\" \/>\n<meta property=\"article:modified_time\" content=\"2025-05-05T08:12:47+00:00\" \/>\n<meta property=\"og:image\" content=\"https:\/\/domaine-du-paradis.ch\/wp-content\/uploads\/2023\/01\/Domaine-du-Paradis_75cl-PONT-DES-SOUPIRS_2500px-fond-transparent-OK-WEB.png\" \/>\n\t<meta property=\"og:image:width\" content=\"528\" \/>\n\t<meta property=\"og:image:height\" content=\"2246\" \/>\n\t<meta property=\"og:image:type\" content=\"image\/png\" \/>\n<meta name=\"twitter:card\" content=\"summary_large_image\" \/>\n<meta name=\"twitter:label1\" content=\"Est. reading time\" \/>\n\t<meta name=\"twitter:data1\" content=\"1 minute\" \/>\n<script type=\"application\/ld+json\" class=\"yoast-schema-graph\">{\"@context\":\"https:\\\/\\\/schema.org\",\"@graph\":[{\"@type\":\"WebPage\",\"@id\":\"https:\\\/\\\/domaine-du-paradis.ch\\\/en\\\/product\\\/pont-des-soupirs-rouge\\\/\",\"url\":\"https:\\\/\\\/domaine-du-paradis.ch\\\/en\\\/product\\\/pont-des-soupirs-rouge\\\/\",\"name\":\"Pont des Soupirs - Domaine du Paradis\",\"isPartOf\":{\"@id\":\"https:\\\/\\\/domaine-du-paradis.ch\\\/en\\\/#website\"},\"primaryImageOfPage\":{\"@id\":\"https:\\\/\\\/domaine-du-paradis.ch\\\/en\\\/product\\\/pont-des-soupirs-rouge\\\/#primaryimage\"},\"image\":{\"@id\":\"https:\\\/\\\/domaine-du-paradis.ch\\\/en\\\/product\\\/pont-des-soupirs-rouge\\\/#primaryimage\"},\"thumbnailUrl\":\"https:\\\/\\\/domaine-du-paradis.ch\\\/wp-content\\\/uploads\\\/2023\\\/01\\\/Domaine-du-Paradis_75cl-PONT-DES-SOUPIRS_2500px-fond-transparent-OK-WEB.png\",\"datePublished\":\"2022-08-25T09:22:01+00:00\",\"dateModified\":\"2025-05-05T08:12:47+00:00\",\"breadcrumb\":{\"@id\":\"https:\\\/\\\/domaine-du-paradis.ch\\\/en\\\/product\\\/pont-des-soupirs-rouge\\\/#breadcrumb\"},\"inLanguage\":\"en-US\",\"potentialAction\":[{\"@type\":\"ReadAction\",\"target\":[\"https:\\\/\\\/domaine-du-paradis.ch\\\/en\\\/product\\\/pont-des-soupirs-rouge\\\/\"]}]},{\"@type\":\"ImageObject\",\"inLanguage\":\"en-US\",\"@id\":\"https:\\\/\\\/domaine-du-paradis.ch\\\/en\\\/product\\\/pont-des-soupirs-rouge\\\/#primaryimage\",\"url\":\"https:\\\/\\\/domaine-du-paradis.ch\\\/wp-content\\\/uploads\\\/2023\\\/01\\\/Domaine-du-Paradis_75cl-PONT-DES-SOUPIRS_2500px-fond-transparent-OK-WEB.png\",\"contentUrl\":\"https:\\\/\\\/domaine-du-paradis.ch\\\/wp-content\\\/uploads\\\/2023\\\/01\\\/Domaine-du-Paradis_75cl-PONT-DES-SOUPIRS_2500px-fond-transparent-OK-WEB.png\",\"width\":528,\"height\":2246,\"caption\":\"Domaine du Paradis - Satigny - Gen\u00e8ve\"},{\"@type\":\"BreadcrumbList\",\"@id\":\"https:\\\/\\\/domaine-du-paradis.ch\\\/en\\\/product\\\/pont-des-soupirs-rouge\\\/#breadcrumb\",\"itemListElement\":[{\"@type\":\"ListItem\",\"position\":1,\"name\":\"Home\",\"item\":\"https:\\\/\\\/domaine-du-paradis.ch\\\/en\\\/\"},{\"@type\":\"ListItem\",\"position\":2,\"name\":\"Discover our wines\",\"item\":\"https:\\\/\\\/domaine-du-paradis.ch\\\/en\\\/shop\\\/\"},{\"@type\":\"ListItem\",\"position\":3,\"name\":\"Pont des Soupirs\"}]},{\"@type\":\"WebSite\",\"@id\":\"https:\\\/\\\/domaine-du-paradis.ch\\\/en\\\/#website\",\"url\":\"https:\\\/\\\/domaine-du-paradis.ch\\\/en\\\/\",\"name\":\"Domaine du Paradis\",\"description\":\"Faire vivre de belles histoires\",\"publisher\":{\"@id\":\"https:\\\/\\\/domaine-du-paradis.ch\\\/en\\\/#organization\"},\"alternateName\":\"Vins Suisses - Famille Burgdorfer\",\"potentialAction\":[{\"@type\":\"SearchAction\",\"target\":{\"@type\":\"EntryPoint\",\"urlTemplate\":\"https:\\\/\\\/domaine-du-paradis.ch\\\/en\\\/?s={search_term_string}\"},\"query-input\":{\"@type\":\"PropertyValueSpecification\",\"valueRequired\":true,\"valueName\":\"search_term_string\"}}],\"inLanguage\":\"en-US\"},{\"@type\":\"Organization\",\"@id\":\"https:\\\/\\\/domaine-du-paradis.ch\\\/en\\\/#organization\",\"name\":\"Domaine du Paradis\",\"url\":\"https:\\\/\\\/domaine-du-paradis.ch\\\/en\\\/\",\"logo\":{\"@type\":\"ImageObject\",\"inLanguage\":\"en-US\",\"@id\":\"https:\\\/\\\/domaine-du-paradis.ch\\\/en\\\/#\\\/schema\\\/logo\\\/image\\\/\",\"url\":\"https:\\\/\\\/domaine-du-paradis.ch\\\/wp-content\\\/uploads\\\/2022\\\/08\\\/logo-domaine-du-paradis-blanc.svg\",\"contentUrl\":\"https:\\\/\\\/domaine-du-paradis.ch\\\/wp-content\\\/uploads\\\/2022\\\/08\\\/logo-domaine-du-paradis-blanc.svg\",\"caption\":\"Domaine du Paradis\"},\"image\":{\"@id\":\"https:\\\/\\\/domaine-du-paradis.ch\\\/en\\\/#\\\/schema\\\/logo\\\/image\\\/\"}}]}<\/script>\n<!-- \/ Yoast SEO Premium plugin. -->","yoast_head_json":{"title":"Pont des Soupirs - Domaine du Paradis","robots":{"index":"index","follow":"follow","max-snippet":"max-snippet:-1","max-image-preview":"max-image-preview:large","max-video-preview":"max-video-preview:-1"},"canonical":"https:\/\/domaine-du-paradis.ch\/en\/product\/pont-des-soupirs-rouge\/","og_locale":"en_US","og_type":"article","og_title":"Pont des Soupirs","og_description":"Le Pont-des-Soupirs, c\u2019est un vin \u00e0 boire dans les&#8230; 6 ans. Pourquoi? Parce que c\u2019est \u00e0 cet \u00e2ge qu\u2019il se r\u00e9v\u00e8le tr\u00e8s \u00e9pic\u00e9, avec ses notes de r\u00e9glisse et d\u2019anis, tr\u00e8s fruit\u00e9, avec des harmonies de cerise noire et de griottes, soutenue par un c\u00f4t\u00e9 vanill\u00e9. Un vin ample, chaleureux, riche, complexe et structur\u00e9 qui [&hellip;]","og_url":"https:\/\/domaine-du-paradis.ch\/en\/product\/pont-des-soupirs-rouge\/","og_site_name":"Domaine du Paradis","article_modified_time":"2025-05-05T08:12:47+00:00","og_image":[{"width":528,"height":2246,"url":"https:\/\/domaine-du-paradis.ch\/wp-content\/uploads\/2023\/01\/Domaine-du-Paradis_75cl-PONT-DES-SOUPIRS_2500px-fond-transparent-OK-WEB.png","type":"image\/png"}],"twitter_card":"summary_large_image","twitter_misc":{"Est. reading time":"1 minute"},"schema":{"@context":"https:\/\/schema.org","@graph":[{"@type":"WebPage","@id":"https:\/\/domaine-du-paradis.ch\/en\/product\/pont-des-soupirs-rouge\/","url":"https:\/\/domaine-du-paradis.ch\/en\/product\/pont-des-soupirs-rouge\/","name":"Pont des Soupirs - Domaine du Paradis","isPartOf":{"@id":"https:\/\/domaine-du-paradis.ch\/en\/#website"},"primaryImageOfPage":{"@id":"https:\/\/domaine-du-paradis.ch\/en\/product\/pont-des-soupirs-rouge\/#primaryimage"},"image":{"@id":"https:\/\/domaine-du-paradis.ch\/en\/product\/pont-des-soupirs-rouge\/#primaryimage"},"thumbnailUrl":"https:\/\/domaine-du-paradis.ch\/wp-content\/uploads\/2023\/01\/Domaine-du-Paradis_75cl-PONT-DES-SOUPIRS_2500px-fond-transparent-OK-WEB.png","datePublished":"2022-08-25T09:22:01+00:00","dateModified":"2025-05-05T08:12:47+00:00","breadcrumb":{"@id":"https:\/\/domaine-du-paradis.ch\/en\/product\/pont-des-soupirs-rouge\/#breadcrumb"},"inLanguage":"en-US","potentialAction":[{"@type":"ReadAction","target":["https:\/\/domaine-du-paradis.ch\/en\/product\/pont-des-soupirs-rouge\/"]}]},{"@type":"ImageObject","inLanguage":"en-US","@id":"https:\/\/domaine-du-paradis.ch\/en\/product\/pont-des-soupirs-rouge\/#primaryimage","url":"https:\/\/domaine-du-paradis.ch\/wp-content\/uploads\/2023\/01\/Domaine-du-Paradis_75cl-PONT-DES-SOUPIRS_2500px-fond-transparent-OK-WEB.png","contentUrl":"https:\/\/domaine-du-paradis.ch\/wp-content\/uploads\/2023\/01\/Domaine-du-Paradis_75cl-PONT-DES-SOUPIRS_2500px-fond-transparent-OK-WEB.png","width":528,"height":2246,"caption":"Domaine du Paradis - Satigny - Gen\u00e8ve"},{"@type":"BreadcrumbList","@id":"https:\/\/domaine-du-paradis.ch\/en\/product\/pont-des-soupirs-rouge\/#breadcrumb","itemListElement":[{"@type":"ListItem","position":1,"name":"Home","item":"https:\/\/domaine-du-paradis.ch\/en\/"},{"@type":"ListItem","position":2,"name":"Discover our wines","item":"https:\/\/domaine-du-paradis.ch\/en\/shop\/"},{"@type":"ListItem","position":3,"name":"Pont des Soupirs"}]},{"@type":"WebSite","@id":"https:\/\/domaine-du-paradis.ch\/en\/#website","url":"https:\/\/domaine-du-paradis.ch\/en\/","name":"Domaine du Paradis","description":"Faire vivre de belles histoires","publisher":{"@id":"https:\/\/domaine-du-paradis.ch\/en\/#organization"},"alternateName":"Vins Suisses - Famille Burgdorfer","potentialAction":[{"@type":"SearchAction","target":{"@type":"EntryPoint","urlTemplate":"https:\/\/domaine-du-paradis.ch\/en\/?s={search_term_string}"},"query-input":{"@type":"PropertyValueSpecification","valueRequired":true,"valueName":"search_term_string"}}],"inLanguage":"en-US"},{"@type":"Organization","@id":"https:\/\/domaine-du-paradis.ch\/en\/#organization","name":"Domaine du Paradis","url":"https:\/\/domaine-du-paradis.ch\/en\/","logo":{"@type":"ImageObject","inLanguage":"en-US","@id":"https:\/\/domaine-du-paradis.ch\/en\/#\/schema\/logo\/image\/","url":"https:\/\/domaine-du-paradis.ch\/wp-content\/uploads\/2022\/08\/logo-domaine-du-paradis-blanc.svg","contentUrl":"https:\/\/domaine-du-paradis.ch\/wp-content\/uploads\/2022\/08\/logo-domaine-du-paradis-blanc.svg","caption":"Domaine du Paradis"},"image":{"@id":"https:\/\/domaine-du-paradis.ch\/en\/#\/schema\/logo\/image\/"}}]}},"_links":{"self":[{"href":"https:\/\/domaine-du-paradis.ch\/en\/wp-json\/wp\/v2\/product\/39425","targetHints":{"allow":["GET"]}}],"collection":[{"href":"https:\/\/domaine-du-paradis.ch\/en\/wp-json\/wp\/v2\/product"}],"about":[{"href":"https:\/\/domaine-du-paradis.ch\/en\/wp-json\/wp\/v2\/types\/product"}],"wp:featuredmedia":[{"embeddable":true,"href":"https:\/\/domaine-du-paradis.ch\/en\/wp-json\/wp\/v2\/media\/44181"}],"wp:attachment":[{"href":"https:\/\/domaine-du-paradis.ch\/en\/wp-json\/wp\/v2\/media?parent=39425"}],"wp:term":[{"taxonomy":"product_brand","embeddable":true,"href":"https:\/\/domaine-du-paradis.ch\/en\/wp-json\/wp\/v2\/product_brand?post=39425"},{"taxonomy":"product_cat","embeddable":true,"href":"https:\/\/domaine-du-paradis.ch\/en\/wp-json\/wp\/v2\/product_cat?post=39425"},{"taxonomy":"product_tag","embeddable":true,"href":"https:\/\/domaine-du-paradis.ch\/en\/wp-json\/wp\/v2\/product_tag?post=39425"}],"curies":[{"name":"wp","href":"https:\/\/api.w.org\/{rel}","templated":true}]}}