{"id":39405,"date":"2022-08-25T16:36:03","date_gmt":"2022-08-25T14:36:03","guid":{"rendered":"https:\/\/domaine-du-paradis.ch\/product\/bon-cadeau\/"},"modified":"2022-08-26T02:38:15","modified_gmt":"2022-08-26T00:38:15","slug":"bon-cadeau","status":"publish","type":"product","link":"https:\/\/domaine-du-paradis.ch\/en\/product\/bon-cadeau\/","title":{"rendered":"Bon cadeau"},"content":{"rendered":"<p>Parce qu&#8217;il peut vous offrir \u00e0 peu pr\u00e8s tout ce qu&#8217;on fait au Paradis! De nos \u00e9motions en bouteilles \u00e0 vivre un moment de passion au Paradis, \u00e0 repartir avec des verres \u00e0 vins hyper cool. Bref, celle ou celui qui te l&#8217;offre te fait vraiment un super cadeau.<\/p>\n","protected":false},"excerpt":{"rendered":"<p>Parce qu&#8217;il peut vous offrir \u00e0 peu pr\u00e8s tout ce qu&#8217;on fait au Paradis! De nos \u00e9motions en bouteilles \u00e0 vivre un moment de passion au Paradis, \u00e0 repartir avec des verres \u00e0 vins hyper cool. Bref, celle ou celui qui te l&#8217;offre te fait vraiment un super cadeau.<\/p>\n","protected":false},"featured_media":39401,"template":"","meta":{"_acf_changed":false},"product_brand":[],"product_cat":[68],"product_tag":[],"class_list":{"0":"post-39405","1":"product","2":"type-product","3":"status-publish","4":"has-post-thumbnail","6":"product_cat-extras","8":"first","9":"instock","10":"taxable","11":"shipping-taxable","12":"purchasable","13":"product-type-variable"},"acf":[],"yoast_head":"<!-- This site is optimized with the Yoast SEO Premium plugin v27.3 (Yoast SEO v27.3) - https:\/\/yoast.com\/product\/yoast-seo-premium-wordpress\/ -->\n<title>Bon cadeau - Domaine du Paradis<\/title>\n<meta name=\"robots\" content=\"index, follow, max-snippet:-1, max-image-preview:large, max-video-preview:-1\" \/>\n<link rel=\"canonical\" href=\"https:\/\/domaine-du-paradis.ch\/en\/product\/bon-cadeau\/\" \/>\n<meta property=\"og:locale\" content=\"en_US\" \/>\n<meta property=\"og:type\" content=\"article\" \/>\n<meta property=\"og:title\" content=\"Bon cadeau\" \/>\n<meta property=\"og:description\" content=\"Parce qu&#8217;il peut vous offrir \u00e0 peu pr\u00e8s tout ce qu&#8217;on fait au Paradis! De nos \u00e9motions en bouteilles \u00e0 vivre un moment de passion au Paradis, \u00e0 repartir avec des verres \u00e0 vins hyper cool. Bref, celle ou celui qui te l&#8217;offre te fait vraiment un super cadeau.\" \/>\n<meta property=\"og:url\" content=\"https:\/\/domaine-du-paradis.ch\/en\/product\/bon-cadeau\/\" \/>\n<meta property=\"og:site_name\" content=\"Domaine du Paradis\" \/>\n<meta property=\"article:modified_time\" content=\"2022-08-26T00:38:15+00:00\" \/>\n<meta property=\"og:image\" content=\"https:\/\/domaine-du-paradis.ch\/wp-content\/uploads\/2022\/08\/BonKdo-7695.jpg\" \/>\n\t<meta property=\"og:image:width\" content=\"900\" \/>\n\t<meta property=\"og:image:height\" content=\"600\" \/>\n\t<meta property=\"og:image:type\" content=\"image\/jpeg\" \/>\n<meta name=\"twitter:card\" content=\"summary_large_image\" \/>\n<meta name=\"twitter:label1\" content=\"Est. reading time\" \/>\n\t<meta name=\"twitter:data1\" content=\"1 minute\" \/>\n<script type=\"application\/ld+json\" class=\"yoast-schema-graph\">{\"@context\":\"https:\\\/\\\/schema.org\",\"@graph\":[{\"@type\":\"WebPage\",\"@id\":\"https:\\\/\\\/domaine-du-paradis.ch\\\/en\\\/product\\\/bon-cadeau\\\/\",\"url\":\"https:\\\/\\\/domaine-du-paradis.ch\\\/en\\\/product\\\/bon-cadeau\\\/\",\"name\":\"Bon cadeau - Domaine du Paradis\",\"isPartOf\":{\"@id\":\"https:\\\/\\\/domaine-du-paradis.ch\\\/en\\\/#website\"},\"primaryImageOfPage\":{\"@id\":\"https:\\\/\\\/domaine-du-paradis.ch\\\/en\\\/product\\\/bon-cadeau\\\/#primaryimage\"},\"image\":{\"@id\":\"https:\\\/\\\/domaine-du-paradis.ch\\\/en\\\/product\\\/bon-cadeau\\\/#primaryimage\"},\"thumbnailUrl\":\"https:\\\/\\\/domaine-du-paradis.ch\\\/wp-content\\\/uploads\\\/2022\\\/08\\\/BonKdo-7695.jpg\",\"datePublished\":\"2022-08-25T14:36:03+00:00\",\"dateModified\":\"2022-08-26T00:38:15+00:00\",\"breadcrumb\":{\"@id\":\"https:\\\/\\\/domaine-du-paradis.ch\\\/en\\\/product\\\/bon-cadeau\\\/#breadcrumb\"},\"inLanguage\":\"en-US\",\"potentialAction\":[{\"@type\":\"ReadAction\",\"target\":[\"https:\\\/\\\/domaine-du-paradis.ch\\\/en\\\/product\\\/bon-cadeau\\\/\"]}]},{\"@type\":\"ImageObject\",\"inLanguage\":\"en-US\",\"@id\":\"https:\\\/\\\/domaine-du-paradis.ch\\\/en\\\/product\\\/bon-cadeau\\\/#primaryimage\",\"url\":\"https:\\\/\\\/domaine-du-paradis.ch\\\/wp-content\\\/uploads\\\/2022\\\/08\\\/BonKdo-7695.jpg\",\"contentUrl\":\"https:\\\/\\\/domaine-du-paradis.ch\\\/wp-content\\\/uploads\\\/2022\\\/08\\\/BonKdo-7695.jpg\",\"width\":900,\"height\":600},{\"@type\":\"BreadcrumbList\",\"@id\":\"https:\\\/\\\/domaine-du-paradis.ch\\\/en\\\/product\\\/bon-cadeau\\\/#breadcrumb\",\"itemListElement\":[{\"@type\":\"ListItem\",\"position\":1,\"name\":\"Home\",\"item\":\"https:\\\/\\\/domaine-du-paradis.ch\\\/en\\\/\"},{\"@type\":\"ListItem\",\"position\":2,\"name\":\"Discover our wines\",\"item\":\"https:\\\/\\\/domaine-du-paradis.ch\\\/en\\\/shop\\\/\"},{\"@type\":\"ListItem\",\"position\":3,\"name\":\"Bon cadeau\"}]},{\"@type\":\"WebSite\",\"@id\":\"https:\\\/\\\/domaine-du-paradis.ch\\\/en\\\/#website\",\"url\":\"https:\\\/\\\/domaine-du-paradis.ch\\\/en\\\/\",\"name\":\"Domaine du Paradis\",\"description\":\"Faire vivre de belles histoires\",\"publisher\":{\"@id\":\"https:\\\/\\\/domaine-du-paradis.ch\\\/en\\\/#organization\"},\"alternateName\":\"Vins Suisses - Famille Burgdorfer\",\"potentialAction\":[{\"@type\":\"SearchAction\",\"target\":{\"@type\":\"EntryPoint\",\"urlTemplate\":\"https:\\\/\\\/domaine-du-paradis.ch\\\/en\\\/?s={search_term_string}\"},\"query-input\":{\"@type\":\"PropertyValueSpecification\",\"valueRequired\":true,\"valueName\":\"search_term_string\"}}],\"inLanguage\":\"en-US\"},{\"@type\":\"Organization\",\"@id\":\"https:\\\/\\\/domaine-du-paradis.ch\\\/en\\\/#organization\",\"name\":\"Domaine du Paradis\",\"url\":\"https:\\\/\\\/domaine-du-paradis.ch\\\/en\\\/\",\"logo\":{\"@type\":\"ImageObject\",\"inLanguage\":\"en-US\",\"@id\":\"https:\\\/\\\/domaine-du-paradis.ch\\\/en\\\/#\\\/schema\\\/logo\\\/image\\\/\",\"url\":\"https:\\\/\\\/domaine-du-paradis.ch\\\/wp-content\\\/uploads\\\/2022\\\/08\\\/logo-domaine-du-paradis-blanc.svg\",\"contentUrl\":\"https:\\\/\\\/domaine-du-paradis.ch\\\/wp-content\\\/uploads\\\/2022\\\/08\\\/logo-domaine-du-paradis-blanc.svg\",\"caption\":\"Domaine du Paradis\"},\"image\":{\"@id\":\"https:\\\/\\\/domaine-du-paradis.ch\\\/en\\\/#\\\/schema\\\/logo\\\/image\\\/\"}}]}<\/script>\n<!-- \/ Yoast SEO Premium plugin. -->","yoast_head_json":{"title":"Bon cadeau - Domaine du Paradis","robots":{"index":"index","follow":"follow","max-snippet":"max-snippet:-1","max-image-preview":"max-image-preview:large","max-video-preview":"max-video-preview:-1"},"canonical":"https:\/\/domaine-du-paradis.ch\/en\/product\/bon-cadeau\/","og_locale":"en_US","og_type":"article","og_title":"Bon cadeau","og_description":"Parce qu&#8217;il peut vous offrir \u00e0 peu pr\u00e8s tout ce qu&#8217;on fait au Paradis! De nos \u00e9motions en bouteilles \u00e0 vivre un moment de passion au Paradis, \u00e0 repartir avec des verres \u00e0 vins hyper cool. Bref, celle ou celui qui te l&#8217;offre te fait vraiment un super cadeau.","og_url":"https:\/\/domaine-du-paradis.ch\/en\/product\/bon-cadeau\/","og_site_name":"Domaine du Paradis","article_modified_time":"2022-08-26T00:38:15+00:00","og_image":[{"width":900,"height":600,"url":"https:\/\/domaine-du-paradis.ch\/wp-content\/uploads\/2022\/08\/BonKdo-7695.jpg","type":"image\/jpeg"}],"twitter_card":"summary_large_image","twitter_misc":{"Est. reading time":"1 minute"},"schema":{"@context":"https:\/\/schema.org","@graph":[{"@type":"WebPage","@id":"https:\/\/domaine-du-paradis.ch\/en\/product\/bon-cadeau\/","url":"https:\/\/domaine-du-paradis.ch\/en\/product\/bon-cadeau\/","name":"Bon cadeau - Domaine du Paradis","isPartOf":{"@id":"https:\/\/domaine-du-paradis.ch\/en\/#website"},"primaryImageOfPage":{"@id":"https:\/\/domaine-du-paradis.ch\/en\/product\/bon-cadeau\/#primaryimage"},"image":{"@id":"https:\/\/domaine-du-paradis.ch\/en\/product\/bon-cadeau\/#primaryimage"},"thumbnailUrl":"https:\/\/domaine-du-paradis.ch\/wp-content\/uploads\/2022\/08\/BonKdo-7695.jpg","datePublished":"2022-08-25T14:36:03+00:00","dateModified":"2022-08-26T00:38:15+00:00","breadcrumb":{"@id":"https:\/\/domaine-du-paradis.ch\/en\/product\/bon-cadeau\/#breadcrumb"},"inLanguage":"en-US","potentialAction":[{"@type":"ReadAction","target":["https:\/\/domaine-du-paradis.ch\/en\/product\/bon-cadeau\/"]}]},{"@type":"ImageObject","inLanguage":"en-US","@id":"https:\/\/domaine-du-paradis.ch\/en\/product\/bon-cadeau\/#primaryimage","url":"https:\/\/domaine-du-paradis.ch\/wp-content\/uploads\/2022\/08\/BonKdo-7695.jpg","contentUrl":"https:\/\/domaine-du-paradis.ch\/wp-content\/uploads\/2022\/08\/BonKdo-7695.jpg","width":900,"height":600},{"@type":"BreadcrumbList","@id":"https:\/\/domaine-du-paradis.ch\/en\/product\/bon-cadeau\/#breadcrumb","itemListElement":[{"@type":"ListItem","position":1,"name":"Home","item":"https:\/\/domaine-du-paradis.ch\/en\/"},{"@type":"ListItem","position":2,"name":"Discover our wines","item":"https:\/\/domaine-du-paradis.ch\/en\/shop\/"},{"@type":"ListItem","position":3,"name":"Bon cadeau"}]},{"@type":"WebSite","@id":"https:\/\/domaine-du-paradis.ch\/en\/#website","url":"https:\/\/domaine-du-paradis.ch\/en\/","name":"Domaine du Paradis","description":"Faire vivre de belles histoires","publisher":{"@id":"https:\/\/domaine-du-paradis.ch\/en\/#organization"},"alternateName":"Vins Suisses - Famille Burgdorfer","potentialAction":[{"@type":"SearchAction","target":{"@type":"EntryPoint","urlTemplate":"https:\/\/domaine-du-paradis.ch\/en\/?s={search_term_string}"},"query-input":{"@type":"PropertyValueSpecification","valueRequired":true,"valueName":"search_term_string"}}],"inLanguage":"en-US"},{"@type":"Organization","@id":"https:\/\/domaine-du-paradis.ch\/en\/#organization","name":"Domaine du Paradis","url":"https:\/\/domaine-du-paradis.ch\/en\/","logo":{"@type":"ImageObject","inLanguage":"en-US","@id":"https:\/\/domaine-du-paradis.ch\/en\/#\/schema\/logo\/image\/","url":"https:\/\/domaine-du-paradis.ch\/wp-content\/uploads\/2022\/08\/logo-domaine-du-paradis-blanc.svg","contentUrl":"https:\/\/domaine-du-paradis.ch\/wp-content\/uploads\/2022\/08\/logo-domaine-du-paradis-blanc.svg","caption":"Domaine du Paradis"},"image":{"@id":"https:\/\/domaine-du-paradis.ch\/en\/#\/schema\/logo\/image\/"}}]}},"_links":{"self":[{"href":"https:\/\/domaine-du-paradis.ch\/en\/wp-json\/wp\/v2\/product\/39405","targetHints":{"allow":["GET"]}}],"collection":[{"href":"https:\/\/domaine-du-paradis.ch\/en\/wp-json\/wp\/v2\/product"}],"about":[{"href":"https:\/\/domaine-du-paradis.ch\/en\/wp-json\/wp\/v2\/types\/product"}],"wp:featuredmedia":[{"embeddable":true,"href":"https:\/\/domaine-du-paradis.ch\/en\/wp-json\/wp\/v2\/media\/39401"}],"wp:attachment":[{"href":"https:\/\/domaine-du-paradis.ch\/en\/wp-json\/wp\/v2\/media?parent=39405"}],"wp:term":[{"taxonomy":"product_brand","embeddable":true,"href":"https:\/\/domaine-du-paradis.ch\/en\/wp-json\/wp\/v2\/product_brand?post=39405"},{"taxonomy":"product_cat","embeddable":true,"href":"https:\/\/domaine-du-paradis.ch\/en\/wp-json\/wp\/v2\/product_cat?post=39405"},{"taxonomy":"product_tag","embeddable":true,"href":"https:\/\/domaine-du-paradis.ch\/en\/wp-json\/wp\/v2\/product_tag?post=39405"}],"curies":[{"name":"wp","href":"https:\/\/api.w.org\/{rel}","templated":true}]}}