{"id":38989,"date":"2022-05-15T12:28:00","date_gmt":"2022-05-15T10:28:00","guid":{"rendered":"https:\/\/domaine-du-paradis.ch\/?page_id=38989"},"modified":"2022-08-24T13:41:26","modified_gmt":"2022-08-24T11:41:26","slug":"services-2","status":"publish","type":"page","link":"https:\/\/domaine-du-paradis.ch\/en\/services-2\/","title":{"rendered":"Services"},"content":{"rendered":"\t\t<div class=\"page-section page-section-title_big odd\" data-name=\"page-section-title_big odd\">\n\t\t\t<div class=\"page-section-inner\">\n\t\t\t\t\n\t<div class=\"color-normal\">\n\t\t\t<div class=\"title-big left\">\n\t\t\n\t\t\t\t\t<h1 class=\"title-big-primary\">\n\t\t\t\tAt Le Paradis, we offer you various ways to treat yourself.\t\t\t<\/h1>\n\t\t\n\t\t\t\t\t<h3 class=\"title-big-subheading\">Here\u2019s what they are.<\/h3>\n\t\t\t<\/div>\n\t<\/div>\n\t\t\t<\/div>\n\t\t<\/div>\n\t\t\t<div class=\"page-section page-section-title_text_image even has-background light\" data-name=\"page-section-title_text_image even has-background light\">\n\t\t\t<div class=\"page-section-inner\">\n\t\t\t\t\n\t<div class=\"background\">\n\t\t<img width=\"2100\" height=\"1400\" src=\"https:\/\/domaine-du-paradis.ch\/wp-content\/uploads\/2022\/05\/BonKDO-0199-2100x1400.jpg\" class=\"attachment-full-width size-full-width\" alt=\"\" data-object-fit=\"cover\" srcset=\"https:\/\/domaine-du-paradis.ch\/wp-content\/uploads\/2022\/05\/BonKDO-0199-2100x1400.jpg 2100w, https:\/\/domaine-du-paradis.ch\/wp-content\/uploads\/2022\/05\/BonKDO-0199-300x200.jpg 300w, https:\/\/domaine-du-paradis.ch\/wp-content\/uploads\/2022\/05\/BonKDO-0199-1024x683.jpg 1024w, https:\/\/domaine-du-paradis.ch\/wp-content\/uploads\/2022\/05\/BonKDO-0199-768x512.jpg 768w, https:\/\/domaine-du-paradis.ch\/wp-content\/uploads\/2022\/05\/BonKDO-0199-1536x1024.jpg 1536w, https:\/\/domaine-du-paradis.ch\/wp-content\/uploads\/2022\/05\/BonKDO-0199-2048x1366.jpg 2048w, https:\/\/domaine-du-paradis.ch\/wp-content\/uploads\/2022\/05\/BonKDO-0199-1050x700.jpg 1050w, https:\/\/domaine-du-paradis.ch\/wp-content\/uploads\/2022\/05\/BonKDO-0199-100x67.jpg 100w\" sizes=\"(max-width: 2100px) 100vw, 2100px\" \/>\t<\/div>\n\n\t<div class=\"title-big left light\">\n\t\t\t\t\t<h2 class=\"title-big-secondary\" data-text=\"Visit of the cellar\">\n\t\t\t\t<span class=\"title-big-secondary-inner\">\n\t\t\t\t\tVisit of the cellar\t\t\t\t<\/span>\n\t\t\t<\/h2>\n\t\t\n\t\t\t\t\t<h1 class=\"title-big-primary\">\n\t\t\t\tVisit to learn\t\t\t<\/h1>\n\t\t\n\t\t\t\t\t<h3 class=\"title-big-subheading\">understand, see<\/h3>\n\t\t\t<\/div>\n<div class=\"page-section-text section-left\">\n\n\t\t\t<p class=\"page-section-body\">Faire le tour de notre histoire, jeter un oeil \u00e0 notre avenir et surtout comprendre les coulisses de la vinification. Voil\u00e0 la raison d'\u00eatre de ce beau moment-l\u00e0! <\/p>\n\t\n\t\t\t<a href=\"https:\/\/domaine-du-paradis.ch\/en\/services-2\/visit-of-the-cellar\/\" class=\"page-section-link link light\">Visit of the cellar<\/a>\n\t<\/div>\n\n\t\t\t<\/div>\n\t\t<\/div>\n\t\t\t<div class=\"page-section page-section-title_text_image odd has-background light\" data-name=\"page-section-title_text_image odd has-background light\">\n\t\t\t<div class=\"page-section-inner\">\n\t\t\t\t\n\t<div class=\"background\">\n\t\t<img width=\"800\" height=\"1200\" src=\"https:\/\/domaine-du-paradis.ch\/wp-content\/uploads\/2022\/05\/BonKDO-3686.jpg\" class=\"attachment-full-width size-full-width\" alt=\"\" data-object-fit=\"cover\" srcset=\"https:\/\/domaine-du-paradis.ch\/wp-content\/uploads\/2022\/05\/BonKDO-3686.jpg 800w, https:\/\/domaine-du-paradis.ch\/wp-content\/uploads\/2022\/05\/BonKDO-3686-200x300.jpg 200w, https:\/\/domaine-du-paradis.ch\/wp-content\/uploads\/2022\/05\/BonKDO-3686-683x1024.jpg 683w, https:\/\/domaine-du-paradis.ch\/wp-content\/uploads\/2022\/05\/BonKDO-3686-768x1152.jpg 768w, https:\/\/domaine-du-paradis.ch\/wp-content\/uploads\/2022\/05\/BonKDO-3686-467x700.jpg 467w, https:\/\/domaine-du-paradis.ch\/wp-content\/uploads\/2022\/05\/BonKDO-3686-100x150.jpg 100w, https:\/\/domaine-du-paradis.ch\/wp-content\/uploads\/2022\/05\/BonKDO-3686-300x450.jpg 300w\" sizes=\"(max-width: 800px) 100vw, 800px\" \/>\t<\/div>\n\n\t<div class=\"title-big right light\">\n\t\t\t\t\t<h2 class=\"title-big-secondary\" data-text=\"Tasting\">\n\t\t\t\t<span class=\"title-big-secondary-inner\">\n\t\t\t\t\tTasting\t\t\t\t<\/span>\n\t\t\t<\/h2>\n\t\t\n\t\t\t\t\t<h1 class=\"title-big-primary\">\n\t\t\t\ttaste to discover\t\t\t<\/h1>\n\t\t\n\t\t\t\t\t<h3 class=\"title-big-subheading\">to appreciate, to criticize<\/h3>\n\t\t\t<\/div>\n<div class=\"page-section-text section-left\">\n\n\t\t\t<p class=\"page-section-body\">Tasting is all about discovery and humility. We\u2019re always surprised, or often, anyway. We like it, or we don\u2019t like it. Once we listen to ourselves, it\u2019s all much easier.<\/p>\n\t\n\t\t\t<a href=\"https:\/\/domaine-du-paradis.ch\/en\/services-2\/tasting\/\" class=\"page-section-link link light\">Tasting<\/a>\n\t<\/div>\n\n\t\t\t<\/div>\n\t\t<\/div>\n\t\t\t<div class=\"page-section page-section-title_text_image even has-background light\" data-name=\"page-section-title_text_image even has-background light\">\n\t\t\t<div class=\"page-section-inner\">\n\t\t\t\t\n\t<div class=\"background\">\n\t\t<img width=\"2100\" height=\"1400\" src=\"https:\/\/domaine-du-paradis.ch\/wp-content\/uploads\/2022\/05\/caveau_bw-2100x1400.jpg\" class=\"attachment-full-width size-full-width\" alt=\"\" data-object-fit=\"cover\" srcset=\"https:\/\/domaine-du-paradis.ch\/wp-content\/uploads\/2022\/05\/caveau_bw-2100x1400.jpg 2100w, https:\/\/domaine-du-paradis.ch\/wp-content\/uploads\/2022\/05\/caveau_bw-300x200.jpg 300w, https:\/\/domaine-du-paradis.ch\/wp-content\/uploads\/2022\/05\/caveau_bw-1024x683.jpg 1024w, https:\/\/domaine-du-paradis.ch\/wp-content\/uploads\/2022\/05\/caveau_bw-768x512.jpg 768w, https:\/\/domaine-du-paradis.ch\/wp-content\/uploads\/2022\/05\/caveau_bw-1536x1024.jpg 1536w, https:\/\/domaine-du-paradis.ch\/wp-content\/uploads\/2022\/05\/caveau_bw-2048x1366.jpg 2048w, https:\/\/domaine-du-paradis.ch\/wp-content\/uploads\/2022\/05\/caveau_bw-800x533.jpg 800w, https:\/\/domaine-du-paradis.ch\/wp-content\/uploads\/2022\/05\/caveau_bw-1050x700.jpg 1050w, https:\/\/domaine-du-paradis.ch\/wp-content\/uploads\/2022\/05\/caveau_bw-1240x827.jpg 1240w, https:\/\/domaine-du-paradis.ch\/wp-content\/uploads\/2022\/05\/caveau_bw-100x67.jpg 100w\" sizes=\"(max-width: 2100px) 100vw, 2100px\" \/>\t<\/div>\n\n\t<div class=\"title-big left light\">\n\t\t\t\t\t<h2 class=\"title-big-secondary\" data-text=\"Your moment\">\n\t\t\t\t<span class=\"title-big-secondary-inner\">\n\t\t\t\t\tYour moment\t\t\t\t<\/span>\n\t\t\t<\/h2>\n\t\t\n\t\t\t\t\t<h1 class=\"title-big-primary\">\n\t\t\t\tyour moment\t\t\t<\/h1>\n\t\t\n\t\t\t\t\t<h3 class=\"title-big-subheading\">all yours<\/h3>\n\t\t\t<\/div>\n<div class=\"page-section-text section-left\">\n\n\t\t\t<p class=\"page-section-body\">Sometimes, all you need is some quality time. We can help you with that, too, along with our Scent Garden and our cellar.<\/p>\n\t\n\t\t\t<a href=\"https:\/\/domaine-du-paradis.ch\/en\/services-2\/your-moment\/\" class=\"page-section-link link light\">Your moment<\/a>\n\t<\/div>\n\n\t\t\t<\/div>\n\t\t<\/div>\n\t","protected":false},"excerpt":{"rendered":"<p>At Le Paradis, we offer you various ways to treat yourself. Here\u2019s what they are. Visit of the cellar Visit to learn understand, see Faire le tour de notre histoire, jeter un oeil \u00e0 notre avenir et surtout comprendre les coulisses de la vinification. Voil\u00e0 la raison d&#8217;\u00eatre de ce beau moment-l\u00e0! Visit of the [&hellip;]<\/p>\n","protected":false},"author":1225,"featured_media":37060,"parent":0,"menu_order":2,"comment_status":"closed","ping_status":"closed","template":"","meta":{"_acf_changed":false,"footnotes":""},"class_list":["post-38989","page","type-page","status-publish","has-post-thumbnail","hentry"],"acf":[],"yoast_head":"<!-- This site is optimized with the Yoast SEO Premium plugin v27.3 (Yoast SEO v27.3) - https:\/\/yoast.com\/product\/yoast-seo-premium-wordpress\/ -->\n<title>Services - Domaine du Paradis<\/title>\n<meta name=\"robots\" content=\"index, follow, max-snippet:-1, max-image-preview:large, max-video-preview:-1\" \/>\n<link rel=\"canonical\" href=\"https:\/\/domaine-du-paradis.ch\/en\/services-2\/\" \/>\n<meta property=\"og:locale\" content=\"en_US\" \/>\n<meta property=\"og:type\" content=\"article\" \/>\n<meta property=\"og:title\" content=\"Services\" \/>\n<meta property=\"og:description\" content=\"At Le Paradis, we offer you various ways to treat yourself. Here\u2019s what they are. Visit of the cellar Visit to learn understand, see Faire le tour de notre histoire, jeter un oeil \u00e0 notre avenir et surtout comprendre les coulisses de la vinification. Voil\u00e0 la raison d&#039;\u00eatre de ce beau moment-l\u00e0! Visit of the [&hellip;]\" \/>\n<meta property=\"og:url\" content=\"https:\/\/domaine-du-paradis.ch\/en\/services-2\/\" \/>\n<meta property=\"og:site_name\" content=\"Domaine du Paradis\" \/>\n<meta property=\"article:modified_time\" content=\"2022-08-24T11:41:26+00:00\" \/>\n<meta property=\"og:image\" content=\"https:\/\/domaine-du-paradis.ch\/wp-content\/uploads\/2022\/05\/Jardin-5097.jpg\" \/>\n\t<meta property=\"og:image:width\" content=\"2200\" \/>\n\t<meta property=\"og:image:height\" content=\"1467\" \/>\n\t<meta property=\"og:image:type\" content=\"image\/jpeg\" \/>\n<meta name=\"twitter:card\" content=\"summary_large_image\" \/>\n<script type=\"application\/ld+json\" class=\"yoast-schema-graph\">{\"@context\":\"https:\\\/\\\/schema.org\",\"@graph\":[{\"@type\":\"WebPage\",\"@id\":\"https:\\\/\\\/domaine-du-paradis.ch\\\/en\\\/services-2\\\/\",\"url\":\"https:\\\/\\\/domaine-du-paradis.ch\\\/en\\\/services-2\\\/\",\"name\":\"Services - Domaine du Paradis\",\"isPartOf\":{\"@id\":\"https:\\\/\\\/domaine-du-paradis.ch\\\/en\\\/#website\"},\"primaryImageOfPage\":{\"@id\":\"https:\\\/\\\/domaine-du-paradis.ch\\\/en\\\/services-2\\\/#primaryimage\"},\"image\":{\"@id\":\"https:\\\/\\\/domaine-du-paradis.ch\\\/en\\\/services-2\\\/#primaryimage\"},\"thumbnailUrl\":\"https:\\\/\\\/domaine-du-paradis.ch\\\/wp-content\\\/uploads\\\/2022\\\/05\\\/Jardin-5097.jpg\",\"datePublished\":\"2022-05-15T10:28:00+00:00\",\"dateModified\":\"2022-08-24T11:41:26+00:00\",\"breadcrumb\":{\"@id\":\"https:\\\/\\\/domaine-du-paradis.ch\\\/en\\\/services-2\\\/#breadcrumb\"},\"inLanguage\":\"en-US\",\"potentialAction\":[{\"@type\":\"ReadAction\",\"target\":[\"https:\\\/\\\/domaine-du-paradis.ch\\\/en\\\/services-2\\\/\"]}]},{\"@type\":\"ImageObject\",\"inLanguage\":\"en-US\",\"@id\":\"https:\\\/\\\/domaine-du-paradis.ch\\\/en\\\/services-2\\\/#primaryimage\",\"url\":\"https:\\\/\\\/domaine-du-paradis.ch\\\/wp-content\\\/uploads\\\/2022\\\/05\\\/Jardin-5097.jpg\",\"contentUrl\":\"https:\\\/\\\/domaine-du-paradis.ch\\\/wp-content\\\/uploads\\\/2022\\\/05\\\/Jardin-5097.jpg\",\"width\":2200,\"height\":1467},{\"@type\":\"BreadcrumbList\",\"@id\":\"https:\\\/\\\/domaine-du-paradis.ch\\\/en\\\/services-2\\\/#breadcrumb\",\"itemListElement\":[{\"@type\":\"ListItem\",\"position\":1,\"name\":\"Home\",\"item\":\"https:\\\/\\\/domaine-du-paradis.ch\\\/en\\\/\"},{\"@type\":\"ListItem\",\"position\":2,\"name\":\"Services\"}]},{\"@type\":\"WebSite\",\"@id\":\"https:\\\/\\\/domaine-du-paradis.ch\\\/en\\\/#website\",\"url\":\"https:\\\/\\\/domaine-du-paradis.ch\\\/en\\\/\",\"name\":\"Domaine du Paradis\",\"description\":\"Faire vivre de belles histoires\",\"publisher\":{\"@id\":\"https:\\\/\\\/domaine-du-paradis.ch\\\/en\\\/#organization\"},\"alternateName\":\"Vins Suisses - Famille Burgdorfer\",\"potentialAction\":[{\"@type\":\"SearchAction\",\"target\":{\"@type\":\"EntryPoint\",\"urlTemplate\":\"https:\\\/\\\/domaine-du-paradis.ch\\\/en\\\/?s={search_term_string}\"},\"query-input\":{\"@type\":\"PropertyValueSpecification\",\"valueRequired\":true,\"valueName\":\"search_term_string\"}}],\"inLanguage\":\"en-US\"},{\"@type\":\"Organization\",\"@id\":\"https:\\\/\\\/domaine-du-paradis.ch\\\/en\\\/#organization\",\"name\":\"Domaine du Paradis\",\"url\":\"https:\\\/\\\/domaine-du-paradis.ch\\\/en\\\/\",\"logo\":{\"@type\":\"ImageObject\",\"inLanguage\":\"en-US\",\"@id\":\"https:\\\/\\\/domaine-du-paradis.ch\\\/en\\\/#\\\/schema\\\/logo\\\/image\\\/\",\"url\":\"https:\\\/\\\/domaine-du-paradis.ch\\\/wp-content\\\/uploads\\\/2022\\\/08\\\/logo-domaine-du-paradis-blanc.svg\",\"contentUrl\":\"https:\\\/\\\/domaine-du-paradis.ch\\\/wp-content\\\/uploads\\\/2022\\\/08\\\/logo-domaine-du-paradis-blanc.svg\",\"caption\":\"Domaine du Paradis\"},\"image\":{\"@id\":\"https:\\\/\\\/domaine-du-paradis.ch\\\/en\\\/#\\\/schema\\\/logo\\\/image\\\/\"}}]}<\/script>\n<!-- \/ Yoast SEO Premium plugin. -->","yoast_head_json":{"title":"Services - Domaine du Paradis","robots":{"index":"index","follow":"follow","max-snippet":"max-snippet:-1","max-image-preview":"max-image-preview:large","max-video-preview":"max-video-preview:-1"},"canonical":"https:\/\/domaine-du-paradis.ch\/en\/services-2\/","og_locale":"en_US","og_type":"article","og_title":"Services","og_description":"At Le Paradis, we offer you various ways to treat yourself. Here\u2019s what they are. Visit of the cellar Visit to learn understand, see Faire le tour de notre histoire, jeter un oeil \u00e0 notre avenir et surtout comprendre les coulisses de la vinification. Voil\u00e0 la raison d'\u00eatre de ce beau moment-l\u00e0! Visit of the [&hellip;]","og_url":"https:\/\/domaine-du-paradis.ch\/en\/services-2\/","og_site_name":"Domaine du Paradis","article_modified_time":"2022-08-24T11:41:26+00:00","og_image":[{"width":2200,"height":1467,"url":"https:\/\/domaine-du-paradis.ch\/wp-content\/uploads\/2022\/05\/Jardin-5097.jpg","type":"image\/jpeg"}],"twitter_card":"summary_large_image","schema":{"@context":"https:\/\/schema.org","@graph":[{"@type":"WebPage","@id":"https:\/\/domaine-du-paradis.ch\/en\/services-2\/","url":"https:\/\/domaine-du-paradis.ch\/en\/services-2\/","name":"Services - Domaine du Paradis","isPartOf":{"@id":"https:\/\/domaine-du-paradis.ch\/en\/#website"},"primaryImageOfPage":{"@id":"https:\/\/domaine-du-paradis.ch\/en\/services-2\/#primaryimage"},"image":{"@id":"https:\/\/domaine-du-paradis.ch\/en\/services-2\/#primaryimage"},"thumbnailUrl":"https:\/\/domaine-du-paradis.ch\/wp-content\/uploads\/2022\/05\/Jardin-5097.jpg","datePublished":"2022-05-15T10:28:00+00:00","dateModified":"2022-08-24T11:41:26+00:00","breadcrumb":{"@id":"https:\/\/domaine-du-paradis.ch\/en\/services-2\/#breadcrumb"},"inLanguage":"en-US","potentialAction":[{"@type":"ReadAction","target":["https:\/\/domaine-du-paradis.ch\/en\/services-2\/"]}]},{"@type":"ImageObject","inLanguage":"en-US","@id":"https:\/\/domaine-du-paradis.ch\/en\/services-2\/#primaryimage","url":"https:\/\/domaine-du-paradis.ch\/wp-content\/uploads\/2022\/05\/Jardin-5097.jpg","contentUrl":"https:\/\/domaine-du-paradis.ch\/wp-content\/uploads\/2022\/05\/Jardin-5097.jpg","width":2200,"height":1467},{"@type":"BreadcrumbList","@id":"https:\/\/domaine-du-paradis.ch\/en\/services-2\/#breadcrumb","itemListElement":[{"@type":"ListItem","position":1,"name":"Home","item":"https:\/\/domaine-du-paradis.ch\/en\/"},{"@type":"ListItem","position":2,"name":"Services"}]},{"@type":"WebSite","@id":"https:\/\/domaine-du-paradis.ch\/en\/#website","url":"https:\/\/domaine-du-paradis.ch\/en\/","name":"Domaine du Paradis","description":"Faire vivre de belles histoires","publisher":{"@id":"https:\/\/domaine-du-paradis.ch\/en\/#organization"},"alternateName":"Vins Suisses - Famille Burgdorfer","potentialAction":[{"@type":"SearchAction","target":{"@type":"EntryPoint","urlTemplate":"https:\/\/domaine-du-paradis.ch\/en\/?s={search_term_string}"},"query-input":{"@type":"PropertyValueSpecification","valueRequired":true,"valueName":"search_term_string"}}],"inLanguage":"en-US"},{"@type":"Organization","@id":"https:\/\/domaine-du-paradis.ch\/en\/#organization","name":"Domaine du Paradis","url":"https:\/\/domaine-du-paradis.ch\/en\/","logo":{"@type":"ImageObject","inLanguage":"en-US","@id":"https:\/\/domaine-du-paradis.ch\/en\/#\/schema\/logo\/image\/","url":"https:\/\/domaine-du-paradis.ch\/wp-content\/uploads\/2022\/08\/logo-domaine-du-paradis-blanc.svg","contentUrl":"https:\/\/domaine-du-paradis.ch\/wp-content\/uploads\/2022\/08\/logo-domaine-du-paradis-blanc.svg","caption":"Domaine du Paradis"},"image":{"@id":"https:\/\/domaine-du-paradis.ch\/en\/#\/schema\/logo\/image\/"}}]}},"_links":{"self":[{"href":"https:\/\/domaine-du-paradis.ch\/en\/wp-json\/wp\/v2\/pages\/38989","targetHints":{"allow":["GET"]}}],"collection":[{"href":"https:\/\/domaine-du-paradis.ch\/en\/wp-json\/wp\/v2\/pages"}],"about":[{"href":"https:\/\/domaine-du-paradis.ch\/en\/wp-json\/wp\/v2\/types\/page"}],"author":[{"embeddable":true,"href":"https:\/\/domaine-du-paradis.ch\/en\/wp-json\/wp\/v2\/users\/1225"}],"replies":[{"embeddable":true,"href":"https:\/\/domaine-du-paradis.ch\/en\/wp-json\/wp\/v2\/comments?post=38989"}],"version-history":[{"count":6,"href":"https:\/\/domaine-du-paradis.ch\/en\/wp-json\/wp\/v2\/pages\/38989\/revisions"}],"predecessor-version":[{"id":39219,"href":"https:\/\/domaine-du-paradis.ch\/en\/wp-json\/wp\/v2\/pages\/38989\/revisions\/39219"}],"wp:featuredmedia":[{"embeddable":true,"href":"https:\/\/domaine-du-paradis.ch\/en\/wp-json\/wp\/v2\/media\/37060"}],"wp:attachment":[{"href":"https:\/\/domaine-du-paradis.ch\/en\/wp-json\/wp\/v2\/media?parent=38989"}],"curies":[{"name":"wp","href":"https:\/\/api.w.org\/{rel}","templated":true}]}}